{"id":1365,"date":"2024-09-05T14:54:42","date_gmt":"2024-09-05T06:54:42","guid":{"rendered":"https:\/\/www.sopplant.com\/?post_type=product&#038;p=1365"},"modified":"2025-01-24T15:42:15","modified_gmt":"2025-01-24T07:42:15","slug":"mc-2500-frp-mandrels-processing-lathe","status":"publish","type":"product","link":"https:\/\/www.sopplant.com\/de\/product\/mc-2500-frp-mandrels-processing-lathe\/","title":{"rendered":"MC-2500 FRP Dorne Bearbeitung Drehmaschine"},"content":{"rendered":"<p><strong>1. Briefing<\/strong><br \/>\nFeste L\u00e4nge Filament Wunde FRP Rohr ist eine Art von ausgezeichnetem Produkt, aber in der Regel k\u00f6nnen wir&#8217; t bekommen die beste Produktivit\u00e4t als Grund f\u00fcr die Verschiebung des Produktionsverfahrens, also, um die Effizienz zu verbessern, ist der effektivste Weg, die Menge an Dornen zu erh\u00f6hen. F\u00fcr den gro\u00dfen Durchmesser des Rohres ist die Herstellung des Stahldorns sehr schwierig und teuer, so dass es die Stahlstruktur als Rahmen und die verarbeitete FRP-Struktur als Oberfl\u00e4che annehmen kann; Diese kombinierte Struktur hat die Eigenschaften wie einfache Produktion und verlorene Kosten. MC-2500 FRP-Dorne Bearbeitungsdrehmaschine ist die spezielle Ausr\u00fcstung daf\u00fcr.<\/p>\n<p><img fetchpriority=\"high\" decoding=\"async\" class=\"alignnone wp-image-2100\" src=\"http:\/\/www.sopplant.com\/wp-content\/uploads\/2024\/09\/IMG20241015093942-scaled.jpg\"  width=\"1020\" height=\"574\" srcset=\"https:\/\/www.sopplant.com\/wp-content\/uploads\/2024\/09\/IMG20241015093942-scaled.jpg 2560w, https:\/\/www.sopplant.com\/wp-content\/uploads\/2024\/09\/IMG20241015093942-300x169.jpg 300w, https:\/\/www.sopplant.com\/wp-content\/uploads\/2024\/09\/IMG20241015093942-1024x576.jpg 1024w, https:\/\/www.sopplant.com\/wp-content\/uploads\/2024\/09\/IMG20241015093942-768x432.jpg 768w, https:\/\/www.sopplant.com\/wp-content\/uploads\/2024\/09\/IMG20241015093942-1536x864.jpg 1536w, https:\/\/www.sopplant.com\/wp-content\/uploads\/2024\/09\/IMG20241015093942-2048x1152.jpg 2048w, https:\/\/www.sopplant.com\/wp-content\/uploads\/2024\/09\/IMG20241015093942-600x338.jpg 600w\" sizes=\"(max-width: 1020px) 100vw, 1020px\" title=\"MC-2500 FRP Mandrels Bearbeitungsdrehmaschine\" alt=\"MC-2500 FRP Mandrels Bearbeitungsdrehmaschine\" \/><\/p>\n<p><strong>2. Haupttechnischer Parameter<\/strong><br \/>\n2.1 Kapazit\u00e4t: 11.42KW<br \/>\n2.2 Durchmesserbereich kann verarbeitet werden: DN250-DN2500mm<br \/>\n2.3 L\u00e4nge kann verarbeitet werden: 12500mm<br \/>\n2.4 Schleifgeschwindigkeit: 45,2 m \/ s<br \/>\n2.5 L\u00e4ngsschleifgeschwindigkeit: 5,5 mm \/ min-20 mm \/ min<br \/>\n2.6 Drehgeschwindigkeit: 0,75r \/ min-77,28r \/ min<\/p>\n<p><strong>3. Elemente<\/strong><br \/>\nEs besteht aus Kopf, Schwanz, Bettk\u00f6rper, gro\u00dfe Gleitplatte, mittlere Gleitplatte, Schleifsystem, elektrisches Steuersystem und Wasserk\u00fchlungssystem.<\/p>","protected":false},"excerpt":{"rendered":"<div class=\"miadf\">\n<p>Feste L\u00e4nge Filament Wunde FRP Rohr ist eine Art von ausgezeichnetem Produkt, aber in der Regel k\u00f6nnen wir&#8217; t bekommen die beste Produktivit\u00e4t als Grund f\u00fcr die Verschiebung des Produktionsverfahrens, also, um die Effizienz zu verbessern, ist der effektivste Weg, die Menge an Dornen zu erh\u00f6hen.<\/p>\n<\/div>","protected":false},"featured_media":1368,"comment_status":"open","ping_status":"closed","template":"","meta":{"_acf_changed":false},"product_brand":[],"product_cat":[15],"product_tag":[],"class_list":{"0":"post-1365","1":"product","2":"type-product","3":"status-publish","4":"has-post-thumbnail","6":"product_cat-computer-control-filament-winding-machine","8":"first","9":"instock","10":"shipping-taxable","11":"product-type-simple"},"acf":[],"_links":{"self":[{"href":"https:\/\/www.sopplant.com\/de\/wp-json\/wp\/v2\/product\/1365","targetHints":{"allow":["GET"]}}],"collection":[{"href":"https:\/\/www.sopplant.com\/de\/wp-json\/wp\/v2\/product"}],"about":[{"href":"https:\/\/www.sopplant.com\/de\/wp-json\/wp\/v2\/types\/product"}],"replies":[{"embeddable":true,"href":"https:\/\/www.sopplant.com\/de\/wp-json\/wp\/v2\/comments?post=1365"}],"wp:featuredmedia":[{"embeddable":true,"href":"https:\/\/www.sopplant.com\/de\/wp-json\/wp\/v2\/media\/1368"}],"wp:attachment":[{"href":"https:\/\/www.sopplant.com\/de\/wp-json\/wp\/v2\/media?parent=1365"}],"wp:term":[{"taxonomy":"product_brand","embeddable":true,"href":"https:\/\/www.sopplant.com\/de\/wp-json\/wp\/v2\/product_brand?post=1365"},{"taxonomy":"product_cat","embeddable":true,"href":"https:\/\/www.sopplant.com\/de\/wp-json\/wp\/v2\/product_cat?post=1365"},{"taxonomy":"product_tag","embeddable":true,"href":"https:\/\/www.sopplant.com\/de\/wp-json\/wp\/v2\/product_tag?post=1365"}],"curies":[{"name":"wp","href":"https:\/\/api.w.org\/{rel}","templated":true}]}}