{"id":1381,"date":"2024-09-05T16:00:13","date_gmt":"2024-09-05T08:00:13","guid":{"rendered":"https:\/\/www.sopplant.com\/?post_type=product&#038;p=1381"},"modified":"2025-01-22T17:57:33","modified_gmt":"2025-01-22T09:57:33","slug":"large-scale-site-winding-machine","status":"publish","type":"product","link":"https:\/\/www.sopplant.com\/de\/product\/large-scale-site-winding-machine\/","title":{"rendered":"FRP Vertikale Tank Filament Wickelmaschine"},"content":{"rendered":"<p>Durch die Transportf\u00e4higkeit eingeschr\u00e4nkt werden, ist der Tank, dessen Durchmesser mehr als DN4000mm ist, der schwierige Punkt zwischen dem Besteller und dem Vertragspartner geworden. Um den Anforderungen der Auftragspartei gerecht zu werden, entwickelte unser Unternehmen diesen Satz gro\u00dfer Standortwicklung, dieser Satz ist kombinierte Struktur, kann montiert oder demontiert werden, der Satz kann auf den Kunden-Standort transportiert werden. Das Set soll nach den Anforderungen des Kunden neben dem Fundament des gro\u00dfen Tanks montiert werden. Dann kann der gro\u00dfe Tank fertig sein.<\/p>\n<p><img fetchpriority=\"high\" decoding=\"async\" class=\"alignnone wp-image-1956\" src=\"http:\/\/www.sopplant.com\/wp-content\/uploads\/2024\/09\/\u50a8\u7f50\u8bbe\u5907_12.jpg\"  width=\"1020\" height=\"888\" srcset=\"https:\/\/www.sopplant.com\/wp-content\/uploads\/2024\/09\/\u50a8\u7f50\u8bbe\u5907_12.jpg 750w, https:\/\/www.sopplant.com\/wp-content\/uploads\/2024\/09\/\u50a8\u7f50\u8bbe\u5907_12-300x261.jpg 300w, https:\/\/www.sopplant.com\/wp-content\/uploads\/2024\/09\/\u50a8\u7f50\u8bbe\u5907_12-600x522.jpg 600w\" sizes=\"(max-width: 1020px) 100vw, 1020px\" title=\"FRP Vertikale Tank Filament Wickelmaschine \u63d2\u56fe\" alt=\"FRP Vertikale Tank Filament Wickelmaschine \u63d2\u56fe\" \/><\/p>\n<p><span style=\"font-size: 14pt;\"><strong>I. FW-15000 Computer Steuerung Horizontale Stelle Wickelmaschine<\/strong><\/span><\/p>\n<p>Die wichtigsten Eigenschaften der Ausr\u00fcstung sind unten:<br \/>\n1.1 Der maxi Durchmesser kann gewickelt werden: 15000mm<br \/>\n1.2 Die maxi L\u00e4nge kann gewundet werden: 12000mm<br \/>\n1.3 Der Durchmesserbereich: DN4000 ~ DN15000mm<br \/>\n1.4 Das maximale Drehmoment: 68350N\u2022m<br \/>\n1.5 Die Gesamtleistung: 18.6kw<br \/>\n1.6 Die maxi Breite der wandernden Blatt: 1680mm<br \/>\n1.7 Die Produktivit\u00e4t: 550kg\/h<\/p>\n<p><img decoding=\"async\" class=\"alignnone wp-image-1955\" src=\"http:\/\/www.sopplant.com\/wp-content\/uploads\/2024\/09\/\u50a8\u7f50\u8bbe\u5907_14.jpg\"  width=\"1020\" height=\"479\" srcset=\"https:\/\/www.sopplant.com\/wp-content\/uploads\/2024\/09\/\u50a8\u7f50\u8bbe\u5907_14.jpg 750w, https:\/\/www.sopplant.com\/wp-content\/uploads\/2024\/09\/\u50a8\u7f50\u8bbe\u5907_14-300x141.jpg 300w, https:\/\/www.sopplant.com\/wp-content\/uploads\/2024\/09\/\u50a8\u7f50\u8bbe\u5907_14-600x282.jpg 600w\" sizes=\"(max-width: 1020px) 100vw, 1020px\" title=\"FRP Vertikale Tank Filament Wickelmaschine \u63d2\u56fe1\" alt=\"FRP Vertikale Tank Filament Wickelmaschine \u63d2\u56fe1\" \/><\/p>\n<p><span style=\"font-size: 14pt;\"><strong>\u2161. VFW-25000 Computer Control Vertikale Site Wickelmaschine<\/strong><\/span><\/p>\n<p><strong>1. Allgemein<\/strong><br \/>\nVFW-25000 Computer Steuerung vertikale Stelle Wickelmaschine ist die fortschrittlichste Wickelmaschine (im Folgenden Wickelmaschine genannt) mit super gro\u00dfen Durchmesser von unserem Unternehmen entwickelt, absorbiert die ausl\u00e4ndische fortschrittliche Technik. Es wird durch Computer gesteuert, speziell f\u00fcr die Aufwicklung von gro\u00dfen Kaliber FRP-Tanks verwendet. Diese Maschine kann FRP-Tanks mit dem Durchmesser von 4m bis 25m mit dem geeigneten Dorn produzieren. Das Steuerzentrum dieser Maschine ist ein industrieller Computer, der in Taiwan hergestellt wird. Sobald Sie die Parameter des Wickelprodukts eingeben, kann der Computer die Konstruktion der Linearit\u00e4t des Tanks automatisch beenden und dann die zusammengesetzte Bewegung der Dornrotation und die Verschiebung des Wagens steuern, die Glasfaser, die durch Harz auf den Innenfutter eingetaucht ist, vollst\u00e4ndig in Ordnung setzen. Diese Wickelmaschine ist die Kombination aus Technik und Wissenschaft, wie Dornrotation, Verschiebung des Trolleys und Layout der Wickelrovierung werden alle pr\u00e4zise durch Computersoftware gesteuert. Die von dieser Maschine gewundenen FRP-Produkte werden in der chemischen Industrie, Erd\u00f6l und Brauerei und so weiter weit verbreitet.<\/p>\n<p><strong>2. Parameter der Wickelmaschine<\/strong><br \/>\nUmfang des Wickeldurchmessers: 4m-25m<br \/>\nMaximale H\u00f6he f\u00fcr jeden Abschnitt: 6m (Hinweis: wenn es mehr als 6m ist, kann es von vielen Abschnitten gebildet werden)<br \/>\nWickelwinkel: 60\u00b0-90\u00b0<br \/>\nMaximale Drehzahl des Dorns: 4,6 U\/min<br \/>\nGewebe Streifen: 70*<br \/>\nProduktivit\u00e4t: 500Kg\/h*<br \/>\n* Hinweis: Die Produktivit\u00e4t und die Menge des Strangs basieren auf der Qualit\u00e4t des Roving<\/p>\n<table style=\"height: 318px; width: 100.144%; border-collapse: collapse; border-color: #000000;\">\n<tbody>\n<tr style=\"height: 24px;\">\n<td style=\"width: 53.5791%; height: 24px; text-align: center;\" colspan=\"2\"><strong>FRP Vertikale Tank Filament Wickelmaschine<\/strong><\/td>\n<\/tr>\n<tr style=\"height: 24px;\">\n<td style=\"width: 22.7009%; height: 96px;\" rowspan=\"4\">Spezifikation<\/td>\n<td style=\"width: 30.8782%; height: 24px;\">FRP-Tank von DN4000-1oooo mm, H\u226412000 mm<\/td>\n<\/tr>\n<tr style=\"height: 24px;\">\n<td style=\"width: 30.8782%; height: 24px;\">FRP-Tank von DN11000-16ooo mm, H\u226410000 mm<\/td>\n<\/tr>\n<tr style=\"height: 24px;\">\n<td style=\"width: 30.8782%; height: 24px;\">FRP-Tank von DN17000-2oooo mm, H\u22648000 mm<\/td>\n<\/tr>\n<tr style=\"height: 24px;\">\n<td style=\"width: 30.8782%; height: 24px;\">FRP-Tank von DN21000-25ooo mm, H\u22646000 mm<\/td>\n<\/tr>\n<tr style=\"height: 24px;\">\n<td style=\"width: 22.7009%; height: 24px;\">Produkth\u00f6he<\/td>\n<td style=\"width: 30.8782%; height: 24px;\">6000-15000 mm<\/td>\n<\/tr>\n<tr style=\"height: 24px;\">\n<td style=\"width: 22.7009%; height: 24px;\">Wickelwinkel<\/td>\n<td style=\"width: 30.8782%; height: 24px;\">\u226545\u00b0, \u226490\u00b0<\/td>\n<\/tr>\n<tr style=\"height: 24px;\">\n<td style=\"width: 22.7009%; height: 24px;\">Faser-Ziehen Geschwindigkeit<\/td>\n<td style=\"width: 30.8782%; height: 24px;\">\u2264110 m\/min<\/td>\n<\/tr>\n<tr style=\"height: 24px;\">\n<td style=\"width: 22.7009%; height: 24px;\">Dorn Geschwindigkeit<\/td>\n<td style=\"width: 30.8782%; height: 24px;\">6,7 Umdrehungen\/min<\/td>\n<\/tr>\n<tr style=\"height: 24px;\">\n<td style=\"width: 22.7009%; height: 24px;\">Ausr\u00fcstung Gesamtleistung<\/td>\n<td style=\"width: 30.8782%; height: 24px;\">55 \u00b1 5 KW<\/td>\n<\/tr>\n<tr style=\"height: 24px;\">\n<td style=\"width: 22.7009%; height: 24px;\">Anforderungen an Installationsraum<\/td>\n<td style=\"width: 30.8782%; height: 24px;\">W=35000 mm, L=35000 mm<\/td>\n<\/tr>\n<\/tbody>\n<\/table>\n<p><strong>3. Komponenten der Wickelmaschine<\/strong><br \/>\n3.1 Drehblattform und vertikaler Pfosten angetrieben durch Hydrauliksystem<br \/>\n3.2 Hydraulische Pumpenstation<br \/>\n3.3 Computersteuerungssystem und Stromverteilungsbox<br \/>\n3.4 Harzversorgungssystem<br \/>\n3.5 Fahrrahmen und Spannungsregler<br \/>\n3.6 Harz Tauchsystem<br \/>\n3.7 Wickelwagen<br \/>\n3.8 Trolley \u00dcbertragungssystem<br \/>\n3.9 Fahrbahnf\u00fchrungsrahmen<br \/>\n3.10 Dornst\u00fctzring (eine Spezifikation wird auf Anforderung des Kunden zur Verf\u00fcgung gestellt)<br \/>\n3.11 Harzpumpe und Spr\u00fchpistole<br \/>\n3.12 Druckluftversorgungssystem (1,4 m3, 7 bar)<br \/>\n3.13 Hubplattform (Hubkapazit\u00e4t ist 300kg und Hubh\u00f6he ist 6 Meter)<\/p>\n<p><strong>4. Schl\u00fcsselelemente<\/strong><br \/>\n4.1 Industriecomputer: hergestellt in Taiwan, China<br \/>\n4.2 Servomotor und Treiber des Wagens: Siemens<br \/>\n4.3 Photoelektrischer Encoder: Siemens<br \/>\n4.4 Planetenzykloid-Reduzierer: von Jiangsu Hongtai Group, China<br \/>\n4.5 Elektrische Elemente von CHNT, People Electricity und Delixi Group<\/p>\n<p><strong>5. Ausgezeichneter Nachverkaufsdienst<\/strong><br \/>\nOne-Stop-Service f\u00fcr Installation, Einstellung und Training. Wir stellen auch die Zeichnung von Formen zur Verf\u00fcgung.<\/p>\n<p><strong>6. Fertigproduktanzeige<\/strong><\/p>\n<p><img decoding=\"async\" class=\"alignnone wp-image-2051\" src=\"http:\/\/www.sopplant.com\/wp-content\/uploads\/2024\/09\/_20230902211327-e1737531537293.jpg\"  width=\"750\" height=\"732\" srcset=\"https:\/\/www.sopplant.com\/wp-content\/uploads\/2024\/09\/_20230902211327-e1737531537293.jpg 1080w, https:\/\/www.sopplant.com\/wp-content\/uploads\/2024\/09\/_20230902211327-e1737531537293-300x293.jpg 300w, https:\/\/www.sopplant.com\/wp-content\/uploads\/2024\/09\/_20230902211327-e1737531537293-1024x999.jpg 1024w, https:\/\/www.sopplant.com\/wp-content\/uploads\/2024\/09\/_20230902211327-e1737531537293-768x750.jpg 768w, https:\/\/www.sopplant.com\/wp-content\/uploads\/2024\/09\/_20230902211327-e1737531537293-600x586.jpg 600w\" sizes=\"(max-width: 750px) 100vw, 750px\" title=\"FRP Vertikale Tank Filament Wickelmaschine \u63d2\u56fe2\" alt=\"FRP Vertikale Tank Filament Wickelmaschine \u63d2\u56fe2\" \/><\/p>\n<p>&nbsp;<\/p>","protected":false},"excerpt":{"rendered":"<div class=\"miadf\">\n<p>Durch die Transportf\u00e4higkeit eingeschr\u00e4nkt werden, ist der Tank, dessen Durchmesser mehr als DN4000mm ist, der schwierige Punkt zwischen dem Besteller und dem Vertragspartner geworden. Um den Anforderungen der Auftragspartei gerecht zu werden, entwickelte unser Unternehmen diesen Satz gro\u00dfer Standortwicklung, dieser Satz ist kombinierte Struktur, kann montiert oder demontierbar sein, der Satz kann auf den Kunden-Standort transportiert werden. Das Set soll nach den Anforderungen des Kunden neben dem Fundament des gro\u00dfen Tanks montiert werden. Dann kann der gro\u00dfe Tank fertig sein.<\/p>\n<\/div>","protected":false},"featured_media":1382,"comment_status":"open","ping_status":"closed","template":"","meta":{"_acf_changed":false},"product_brand":[],"product_cat":[15],"product_tag":[],"class_list":{"0":"post-1381","1":"product","2":"type-product","3":"status-publish","4":"has-post-thumbnail","6":"product_cat-computer-control-filament-winding-machine","8":"first","9":"instock","10":"shipping-taxable","11":"product-type-simple"},"acf":[],"_links":{"self":[{"href":"https:\/\/www.sopplant.com\/de\/wp-json\/wp\/v2\/product\/1381","targetHints":{"allow":["GET"]}}],"collection":[{"href":"https:\/\/www.sopplant.com\/de\/wp-json\/wp\/v2\/product"}],"about":[{"href":"https:\/\/www.sopplant.com\/de\/wp-json\/wp\/v2\/types\/product"}],"replies":[{"embeddable":true,"href":"https:\/\/www.sopplant.com\/de\/wp-json\/wp\/v2\/comments?post=1381"}],"wp:featuredmedia":[{"embeddable":true,"href":"https:\/\/www.sopplant.com\/de\/wp-json\/wp\/v2\/media\/1382"}],"wp:attachment":[{"href":"https:\/\/www.sopplant.com\/de\/wp-json\/wp\/v2\/media?parent=1381"}],"wp:term":[{"taxonomy":"product_brand","embeddable":true,"href":"https:\/\/www.sopplant.com\/de\/wp-json\/wp\/v2\/product_brand?post=1381"},{"taxonomy":"product_cat","embeddable":true,"href":"https:\/\/www.sopplant.com\/de\/wp-json\/wp\/v2\/product_cat?post=1381"},{"taxonomy":"product_tag","embeddable":true,"href":"https:\/\/www.sopplant.com\/de\/wp-json\/wp\/v2\/product_tag?post=1381"}],"curies":[{"name":"wp","href":"https:\/\/api.w.org\/{rel}","templated":true}]}}