{"id":1365,"date":"2024-09-05T14:54:42","date_gmt":"2024-09-05T06:54:42","guid":{"rendered":"https:\/\/www.sopplant.com\/?post_type=product&#038;p=1365"},"modified":"2025-01-24T15:42:15","modified_gmt":"2025-01-24T07:42:15","slug":"mc-2500-frp-mandrels-processing-lathe","status":"publish","type":"product","link":"https:\/\/www.sopplant.com\/es\/product\/mc-2500-frp-mandrels-processing-lathe\/","title":{"rendered":"Torno de procesamiento de mandriles de FRP MC-2500"},"content":{"rendered":"<p><strong>1. Reuni\u00f3n informativa<\/strong><br \/>\nLa tuber\u00eda de FRP herida de filamento de longitud fija es un tipo de producto excelente, pero normalmente podemos&#8217; t obtener la mejor productividad como la raz\u00f3n del cambio del procedimiento de producci\u00f3n, por lo que para mejorar la eficiencia, la manera m\u00e1s eficaz es aumentar la cantidad de mandriles. Para el gran di\u00e1metro de la tuber\u00eda, la fabricaci\u00f3n del mandril de acero es muy dif\u00edcil y costosa, por lo que puede adoptar la estructura de acero como marco y la estructura de FRP procesada como superficie; esta estructura combinada tiene las caracter\u00edsticas tales como producci\u00f3n simple y costo perdido. Torno de procesamiento de mandriles de FRP MC-2500 es el equipo especial para \u00e9l.<\/p>\n<p><img fetchpriority=\"high\" decoding=\"async\" class=\"alignnone wp-image-2100\" src=\"http:\/\/www.sopplant.com\/wp-content\/uploads\/2024\/09\/IMG20241015093942-scaled.jpg\"  width=\"1020\" height=\"574\" srcset=\"https:\/\/www.sopplant.com\/wp-content\/uploads\/2024\/09\/IMG20241015093942-scaled.jpg 2560w, https:\/\/www.sopplant.com\/wp-content\/uploads\/2024\/09\/IMG20241015093942-300x169.jpg 300w, https:\/\/www.sopplant.com\/wp-content\/uploads\/2024\/09\/IMG20241015093942-1024x576.jpg 1024w, https:\/\/www.sopplant.com\/wp-content\/uploads\/2024\/09\/IMG20241015093942-768x432.jpg 768w, https:\/\/www.sopplant.com\/wp-content\/uploads\/2024\/09\/IMG20241015093942-1536x864.jpg 1536w, https:\/\/www.sopplant.com\/wp-content\/uploads\/2024\/09\/IMG20241015093942-2048x1152.jpg 2048w, https:\/\/www.sopplant.com\/wp-content\/uploads\/2024\/09\/IMG20241015093942-600x338.jpg 600w\" sizes=\"(max-width: 1020px) 100vw, 1020px\" title=\"Ilustraci\u00f3n del MC - 2500 FRP mandaels Processing lathe\" alt=\"Ilustraci\u00f3n del MC - 2500 FRP mandaels Processing lathe\" \/><\/p>\n<p><strong>2. Par\u00e1metro t\u00e9cnico principal<\/strong><br \/>\n2.1 Capacidad: 11.42KW<br \/>\n2.2 Rango de di\u00e1metro se puede procesar: DN250-DN2500mm<br \/>\n2.3 La longitud se puede procesar: 12500mm<br \/>\n2.4 Velocidad de molienda: 45.2m \/ s<br \/>\nVelocidad de alimentaci\u00f3n de la molienda longitudinal 2.5: 5.5mm \/ min-20mm \/ min<br \/>\n2.6 Velocidad rotativa: 0.75r \/ min-77.28r \/ min<\/p>\n<p><strong>3. Elementos<\/strong><br \/>\nSe compone de cabecera, cola, cuerpo de cama, placa deslizante grande, placa deslizante media, sistema de molienda, sistema de control el\u00e9ctrico y sistema de enfriamiento por agua.<\/p>","protected":false},"excerpt":{"rendered":"<div class=\"miadf\">\n<p>La tuber\u00eda de FRP herida de filamento de longitud fija es un tipo de producto excelente, pero normalmente podemos&#8217; t obtener la mejor productividad como la raz\u00f3n del cambio del procedimiento de producci\u00f3n, por lo que para mejorar la eficiencia, la manera m\u00e1s eficaz es aumentar la cantidad de mandriles.<\/p>\n<\/div>","protected":false},"featured_media":1368,"comment_status":"open","ping_status":"closed","template":"","meta":{"_acf_changed":false},"product_brand":[],"product_cat":[15],"product_tag":[],"class_list":{"0":"post-1365","1":"product","2":"type-product","3":"status-publish","4":"has-post-thumbnail","6":"product_cat-computer-control-filament-winding-machine","8":"first","9":"instock","10":"shipping-taxable","11":"product-type-simple"},"acf":[],"_links":{"self":[{"href":"https:\/\/www.sopplant.com\/es\/wp-json\/wp\/v2\/product\/1365","targetHints":{"allow":["GET"]}}],"collection":[{"href":"https:\/\/www.sopplant.com\/es\/wp-json\/wp\/v2\/product"}],"about":[{"href":"https:\/\/www.sopplant.com\/es\/wp-json\/wp\/v2\/types\/product"}],"replies":[{"embeddable":true,"href":"https:\/\/www.sopplant.com\/es\/wp-json\/wp\/v2\/comments?post=1365"}],"wp:featuredmedia":[{"embeddable":true,"href":"https:\/\/www.sopplant.com\/es\/wp-json\/wp\/v2\/media\/1368"}],"wp:attachment":[{"href":"https:\/\/www.sopplant.com\/es\/wp-json\/wp\/v2\/media?parent=1365"}],"wp:term":[{"taxonomy":"product_brand","embeddable":true,"href":"https:\/\/www.sopplant.com\/es\/wp-json\/wp\/v2\/product_brand?post=1365"},{"taxonomy":"product_cat","embeddable":true,"href":"https:\/\/www.sopplant.com\/es\/wp-json\/wp\/v2\/product_cat?post=1365"},{"taxonomy":"product_tag","embeddable":true,"href":"https:\/\/www.sopplant.com\/es\/wp-json\/wp\/v2\/product_tag?post=1365"}],"curies":[{"name":"wp","href":"https:\/\/api.w.org\/{rel}","templated":true}]}}