{"id":1372,"date":"2024-09-05T15:22:36","date_gmt":"2024-09-05T07:22:36","guid":{"rendered":"https:\/\/www.sopplant.com\/?post_type=product&#038;p=1372"},"modified":"2025-01-24T16:03:04","modified_gmt":"2025-01-24T08:03:04","slug":"fw-4000-frp-tank-filament-winding-machine","status":"publish","type":"product","link":"https:\/\/www.sopplant.com\/es\/product\/fw-4000-frp-tank-filament-winding-machine\/","title":{"rendered":"FW-4000 FRP m\u00e1quina de bobinado de filamento de tanque"},"content":{"rendered":"<p>Los elementos clave como el transductor, el servo sistema y el codificador fotoel\u00e9ctrico son de Siemens, Alemania; el ordenador de control industrial es hecho por Yanhua Corporation, Taiw\u00e1n, que muestra la crominancia del ide\u00f3grafo chino, operando f\u00e1cilmente; despu\u00e9s de los par\u00e1metros introducidos en el ordenador, se puede terminar el dise\u00f1o relativo de linealidad de bobinado autom\u00e1ticamente. Los movimientos combinados del eje principal y el carro controlado por el ordenador, cumple con las reglas de bobinado, los par\u00e1metros t\u00e9cnicos y su calidad interna han llegado al nivel avanzado en China, y las propiedades son las siguientes:<br \/>\n1. El rango de di\u00e1metro se puede enrollar: DN600 ~ DN4000mm<br \/>\n2. La longitud m\u00e1xi: 12000mm<br \/>\n3. El \u00e1ngulo de enrollamiento: 45\u00b0&lt; \u03b1&lt; 90\u00b0<br \/>\n4. La potencia total: 10kw<br \/>\n5. La tolerancia del posicionamiento: &lt;1mm<br \/>\n6. La anchura m\u00e1xi de la hoja itinerante: 150mm<br \/>\n7. La productividad: 500kg\/h<\/p>\n<p><strong>Especificaci\u00f3n del producto<\/strong><\/p>\n<table style=\"border-collapse: collapse; width: 101.014%; height: 121px;\">\n<tbody>\n<tr style=\"height: 48px;\">\n<td style=\"width: 11.5341%; height: 48px; text-align: center;\">N\u00famero de modelo<\/td>\n<td style=\"width: 10.9548%; height: 48px; text-align: center;\">Control<\/td>\n<td style=\"width: 11.7513%; height: 48px; text-align: center;\">Di\u00e1metro m\u00e1ximo (mm)<\/td>\n<td style=\"width: 11.0996%; height: 48px; text-align: center;\">Longitud m\u00e1xima (mm)<\/td>\n<td style=\"width: 12.5478%; height: 48px; text-align: center;\">Rango de di\u00e1metro (mm)<\/td>\n<td style=\"width: 10.3755%; height: 48px; text-align: center;\">Potencia total (kw)<\/td>\n<td style=\"width: 16.9649%; height: 48px; text-align: center;\">Anchura m\u00e1xima del seet errante (mm)<\/td>\n<\/tr>\n<tr style=\"height: 24px;\">\n<td style=\"width: 11.5341%; height: 24px; text-align: center;\">FW-4000III<\/td>\n<td style=\"width: 10.9548%; height: 24px; text-align: center;\">computadora<\/td>\n<td style=\"width: 11.7513%; height: 24px; text-align: center;\">4000<\/td>\n<td style=\"width: 11.0996%; height: 24px; text-align: center;\">12000<\/td>\n<td style=\"width: 12.5478%; height: 24px; text-align: center;\">600-4000<\/td>\n<td style=\"width: 10.3755%; height: 24px; text-align: center;\">10<\/td>\n<td style=\"width: 16.9649%; height: 24px; text-align: center;\">150<\/td>\n<\/tr>\n<tr style=\"height: 24px;\">\n<td style=\"width: 11.5341%; height: 24px; text-align: center;\">JFW-1500<\/td>\n<td style=\"width: 10.9548%; height: 24px; text-align: center;\">semiautom\u00e1tico<\/td>\n<td style=\"width: 11.7513%; height: 24px; text-align: center;\">1500<\/td>\n<td style=\"width: 11.0996%; height: 24px; text-align: center;\">6000<\/td>\n<td style=\"width: 12.5478%; height: 24px; text-align: center;\">25-1500<\/td>\n<td style=\"width: 10.3755%; height: 24px; text-align: center;\">5.5<\/td>\n<td style=\"width: 16.9649%; height: 24px; text-align: center;\">150<\/td>\n<\/tr>\n<tr style=\"height: 24px;\">\n<td style=\"width: 11.5341%; height: 24px; text-align: center;\">JFW-2500<\/td>\n<td style=\"width: 10.9548%; height: 24px; text-align: center;\">semiautom\u00e1tico<\/td>\n<td style=\"width: 11.7513%; height: 24px; text-align: center;\">2500<\/td>\n<td style=\"width: 11.0996%; height: 24px; text-align: center;\">12000<\/td>\n<td style=\"width: 12.5478%; height: 24px; text-align: center;\">25-1500<\/td>\n<td style=\"width: 10.3755%; height: 24px; text-align: center;\">7.5<\/td>\n<td style=\"width: 16.9649%; height: 24px; text-align: center;\">150<\/td>\n<\/tr>\n<\/tbody>\n<\/table>\n<p><img fetchpriority=\"high\" decoding=\"async\" src=\"http:\/\/www.sopplant.com\/wp-content\/uploads\/2024\/09\/\u50a8\u7f50\u8bbe\u5907_05.jpg\"  width=\"1020\" height=\"1617\" title=\"FW-4000 FRP m\u00e1quina de bobinado de filamento de tanque \u63d2\u56fe\" alt=\"FW-4000 FRP m\u00e1quina de bobinado de filamento de tanque \u63d2\u56fe\" \/><\/p>\n<p><strong>Moldes de montaje de FRP<\/strong><\/p>\n<p><img decoding=\"async\" class=\"alignnone wp-image-2098\" src=\"http:\/\/www.sopplant.com\/wp-content\/uploads\/2024\/09\/_202412161425561-e1737702763379.jpg\"  width=\"1020\" height=\"708\" srcset=\"https:\/\/www.sopplant.com\/wp-content\/uploads\/2024\/09\/_202412161425561-e1737702763379.jpg 1290w, https:\/\/www.sopplant.com\/wp-content\/uploads\/2024\/09\/_202412161425561-e1737702763379-300x208.jpg 300w, https:\/\/www.sopplant.com\/wp-content\/uploads\/2024\/09\/_202412161425561-e1737702763379-1024x710.jpg 1024w, https:\/\/www.sopplant.com\/wp-content\/uploads\/2024\/09\/_202412161425561-e1737702763379-768x533.jpg 768w, https:\/\/www.sopplant.com\/wp-content\/uploads\/2024\/09\/_202412161425561-e1737702763379-600x416.jpg 600w\" sizes=\"(max-width: 1020px) 100vw, 1020px\" title=\"FW-4000 FRP m\u00e1quina de bobinado de filamento de tanque \u63d2\u56fe1\" alt=\"FW-4000 FRP m\u00e1quina de bobinado de filamento de tanque \u63d2\u56fe1\" \/><\/p>\n<p><strong>Producto acabado<\/strong><\/p>\n<p><img decoding=\"async\" class=\"alignnone wp-image-1974\" src=\"http:\/\/www.sopplant.com\/wp-content\/uploads\/2024\/09\/FRP-tanks.jpg\"  width=\"1020\" height=\"594\" srcset=\"https:\/\/www.sopplant.com\/wp-content\/uploads\/2024\/09\/FRP-tanks.jpg 750w, https:\/\/www.sopplant.com\/wp-content\/uploads\/2024\/09\/FRP-tanks-300x175.jpg 300w, https:\/\/www.sopplant.com\/wp-content\/uploads\/2024\/09\/FRP-tanks-600x350.jpg 600w\" sizes=\"(max-width: 1020px) 100vw, 1020px\" title=\"FW-4000 FRP m\u00e1quina de bobinado de filamento de tanque \u63d2\u56fe2\" alt=\"FW-4000 FRP m\u00e1quina de bobinado de filamento de tanque \u63d2\u56fe2\" \/><\/p>","protected":false},"excerpt":{"rendered":"<div class=\"miadf\">\n<p>Los elementos clave como el transductor, el servo sistema y el codificador fotoel\u00e9ctrico son de Siemens, Alemania; el ordenador de control industrial es hecho por Yanhua Corporation, Taiw\u00e1n, que muestra la crominancia del ide\u00f3grafo chino, operando f\u00e1cilmente.<\/p>\n<\/div>","protected":false},"featured_media":1373,"comment_status":"open","ping_status":"closed","template":"","meta":{"_acf_changed":false},"product_brand":[],"product_cat":[15],"product_tag":[],"class_list":{"0":"post-1372","1":"product","2":"type-product","3":"status-publish","4":"has-post-thumbnail","6":"product_cat-computer-control-filament-winding-machine","8":"first","9":"instock","10":"shipping-taxable","11":"product-type-simple"},"acf":[],"_links":{"self":[{"href":"https:\/\/www.sopplant.com\/es\/wp-json\/wp\/v2\/product\/1372","targetHints":{"allow":["GET"]}}],"collection":[{"href":"https:\/\/www.sopplant.com\/es\/wp-json\/wp\/v2\/product"}],"about":[{"href":"https:\/\/www.sopplant.com\/es\/wp-json\/wp\/v2\/types\/product"}],"replies":[{"embeddable":true,"href":"https:\/\/www.sopplant.com\/es\/wp-json\/wp\/v2\/comments?post=1372"}],"wp:featuredmedia":[{"embeddable":true,"href":"https:\/\/www.sopplant.com\/es\/wp-json\/wp\/v2\/media\/1373"}],"wp:attachment":[{"href":"https:\/\/www.sopplant.com\/es\/wp-json\/wp\/v2\/media?parent=1372"}],"wp:term":[{"taxonomy":"product_brand","embeddable":true,"href":"https:\/\/www.sopplant.com\/es\/wp-json\/wp\/v2\/product_brand?post=1372"},{"taxonomy":"product_cat","embeddable":true,"href":"https:\/\/www.sopplant.com\/es\/wp-json\/wp\/v2\/product_cat?post=1372"},{"taxonomy":"product_tag","embeddable":true,"href":"https:\/\/www.sopplant.com\/es\/wp-json\/wp\/v2\/product_tag?post=1372"}],"curies":[{"name":"wp","href":"https:\/\/api.w.org\/{rel}","templated":true}]}}