{"id":1397,"date":"2024-09-05T16:25:35","date_gmt":"2024-09-05T08:25:35","guid":{"rendered":"https:\/\/www.sopplant.com\/?post_type=product&#038;p=1397"},"modified":"2025-01-24T15:56:14","modified_gmt":"2025-01-24T07:56:14","slug":"sy-2500%e2%85%b2-frp-pipe-hydrostatic-pressure-testing-machine","status":"publish","type":"product","link":"https:\/\/www.sopplant.com\/es\/product\/sy-2500%e2%85%b2-frp-pipe-hydrostatic-pressure-testing-machine\/","title":{"rendered":"SY-2500M\u00e1quina de prueba de presi\u00f3n hidrost\u00e1tica de tuber\u00eda FRP"},"content":{"rendered":"<p><span style=\"font-size: 14pt;\"><strong>1. Reuni\u00f3n informativa<\/strong><\/span><br \/>\nSY-2500M\u00e1quina de prueba de presi\u00f3n hidrost\u00e1tica de tuber\u00eda de FRP es un tipo de dispositivo especial para inspeccionar la fuga de la tuber\u00eda de FRP. Las caracter\u00edsticas son: estructura razonable, operaci\u00f3n conveniente, alta eficiencia y amplio rango de di\u00e1metro adecuado.<\/p>\n<p><img fetchpriority=\"high\" decoding=\"async\" class=\"alignnone wp-image-2107\" src=\"http:\/\/www.sopplant.com\/wp-content\/uploads\/2024\/09\/\u5fae\u4fe1\u56fe\u7247_20240709152238.jpg\"  width=\"1020\" height=\"764\" srcset=\"https:\/\/www.sopplant.com\/wp-content\/uploads\/2024\/09\/\u5fae\u4fe1\u56fe\u7247_20240709152238.jpg 748w, https:\/\/www.sopplant.com\/wp-content\/uploads\/2024\/09\/\u5fae\u4fe1\u56fe\u7247_20240709152238-300x225.jpg 300w, https:\/\/www.sopplant.com\/wp-content\/uploads\/2024\/09\/\u5fae\u4fe1\u56fe\u7247_20240709152238-600x449.jpg 600w\" sizes=\"(max-width: 1020px) 100vw, 1020px\" title=\"SY-2500M\u00e1quina de prueba de presi\u00f3n hidrost\u00e1tica de tuber\u00eda FRP \u63d2\u56fe\" alt=\"SY-2500M\u00e1quina de prueba de presi\u00f3n hidrost\u00e1tica de tuber\u00eda FRP \u63d2\u56fe\" \/><\/p>\n<p><span style=\"font-size: 14pt;\"><strong>Par\u00e1metro t\u00e9cnico 2.Main<\/strong><\/span><br \/>\n2.1 Capacidad: 27.1 KW<br \/>\n2.2 Rango de di\u00e1metro adecuado: DN250-DN2500mm<br \/>\n2.3 Presi\u00f3n nominal de la estaci\u00f3n de bombeo hidr\u00e1ulico: 16MPa<br \/>\n2.4 Presi\u00f3n nominal de descarga de la bomba el\u00e9ctrica: 3.5MPa<br \/>\n2.5 Flujo de bomba el\u00e9ctrica: 560L \/ h (alta presi\u00f3n); 1120L\/h (baja presi\u00f3n)<br \/>\n2.6 Bomba centr\u00edfuga de agua limpia: Flujo Q=120m3\/H, elevaci\u00f3n: H=28m<\/p>\n<p><span style=\"font-size: 14pt;\"><strong>3. Elementos<\/strong><\/span><br \/>\nSe compone de sistema de suministro de agua, sistema hidr\u00e1ulico, viga longitudinal superior, viga longitudinal inferior, placa de pared, placa activa de espiga y enchufe, montaje de varilla de soporte, bandeja de soporte, soporte de horquilla, cubierta de envoltura de espiga y enchufe y caja de control el\u00e9ctrica.<\/p>","protected":false},"excerpt":{"rendered":"<div class=\"miadf\">\n<p>SY-2500M\u00e1quina de prueba de presi\u00f3n hidrost\u00e1tica de tuber\u00eda de FRP es un tipo de dispositivo especial para inspeccionar la fuga de la tuber\u00eda de FRP. Las caracter\u00edsticas son: estructura razonable, operaci\u00f3n conveniente, alta eficiencia y amplio rango de di\u00e1metro adecuado.<\/p>\n<\/div>","protected":false},"featured_media":1419,"comment_status":"open","ping_status":"closed","template":"","meta":{"_acf_changed":false},"product_brand":[],"product_cat":[15],"product_tag":[],"class_list":{"0":"post-1397","1":"product","2":"type-product","3":"status-publish","4":"has-post-thumbnail","6":"product_cat-computer-control-filament-winding-machine","8":"first","9":"instock","10":"shipping-taxable","11":"product-type-simple"},"acf":[],"_links":{"self":[{"href":"https:\/\/www.sopplant.com\/es\/wp-json\/wp\/v2\/product\/1397","targetHints":{"allow":["GET"]}}],"collection":[{"href":"https:\/\/www.sopplant.com\/es\/wp-json\/wp\/v2\/product"}],"about":[{"href":"https:\/\/www.sopplant.com\/es\/wp-json\/wp\/v2\/types\/product"}],"replies":[{"embeddable":true,"href":"https:\/\/www.sopplant.com\/es\/wp-json\/wp\/v2\/comments?post=1397"}],"wp:featuredmedia":[{"embeddable":true,"href":"https:\/\/www.sopplant.com\/es\/wp-json\/wp\/v2\/media\/1419"}],"wp:attachment":[{"href":"https:\/\/www.sopplant.com\/es\/wp-json\/wp\/v2\/media?parent=1397"}],"wp:term":[{"taxonomy":"product_brand","embeddable":true,"href":"https:\/\/www.sopplant.com\/es\/wp-json\/wp\/v2\/product_brand?post=1397"},{"taxonomy":"product_cat","embeddable":true,"href":"https:\/\/www.sopplant.com\/es\/wp-json\/wp\/v2\/product_cat?post=1397"},{"taxonomy":"product_tag","embeddable":true,"href":"https:\/\/www.sopplant.com\/es\/wp-json\/wp\/v2\/product_tag?post=1397"}],"curies":[{"name":"wp","href":"https:\/\/api.w.org\/{rel}","templated":true}]}}