{"id":1350,"date":"2024-09-03T16:00:47","date_gmt":"2024-09-03T08:00:47","guid":{"rendered":"https:\/\/www.sopplant.com\/?post_type=product&#038;p=1350"},"modified":"2025-01-22T17:53:06","modified_gmt":"2025-01-22T09:53:06","slug":"fw-300-twin-shaft-computer-control-cable-casing-production-line","status":"publish","type":"product","link":"https:\/\/www.sopplant.com\/fr\/product\/fw-300-twin-shaft-computer-control-cable-casing-production-line\/","title":{"rendered":"FW-300 FRP tuyau filament machine d'enroulement"},"content":{"rendered":"<p>La machine d'enroulement de filament de tuyau FW-300 FRP est compos\u00e9e de machine de fabrication de doublure, machine d'enroulement, machine de durcissement, machine de d\u00e9moulement. Le centre de contr\u00f4le est l'ordinateur industriel avanc\u00e9 fabriqu\u00e9 \u00e0 Ta\u00efwan par ordinateur, une fois que le param\u00e8tre des produits d'enroulement est entr\u00e9, la conception de lin\u00e9arit\u00e9 du produit peut \u00eatre termin\u00e9e automatiquement, puis contr\u00f4le les mouvements combin\u00e9s entre la vitesse de laminage du monticule et le fonctionnement du chariot. Mettez le roving immerg\u00e9 par la r\u00e9sine recouverte sur la doublure. Il a les avantages de l\u00e9ger, r\u00e9sistant \u00e0 la corrosion, faible coefficient de rugosit\u00e9 et faible co\u00fbt total du projet. Il peut \u00eatre utilis\u00e9 dans le bo\u00eetier de c\u00e2ble, p\u00e9trochimique et autre domaine. La structure raisonnable, la conception \u00e0 la mode, le fonctionnement pratique, l'automatisation \u00e9lev\u00e9e, l'interface homme-machine raisonnable sont appr\u00e9ci\u00e9s par les clients.<\/p>\n<p><strong>1. Param\u00e8tre principal<\/strong><br \/>\n1.1 Capacit\u00e9 totale: 70kw<br \/>\n1.2 Gamme du diam\u00e8tre peut \u00eatre produit: 50-300mm<br \/>\n1.3 La longueur du tuyau: 6000mm<br \/>\n1.4 Angle d'enroulement: 45 \u00b0 ~ 90 \u00b0<br \/>\n1.5 Pr\u00e9cision de l'arrangement itin\u00e9rant: \u00b10.5mm<br \/>\n1.6 Force nominale de d\u00e9moulement: 40T<br \/>\n1.7 Force de tirage du capstan: 3T<br \/>\n1.8 Pression nominale de travail du syst\u00e8me hydraulique: 16MPa<br \/>\n1.9 La hauteur du centre de la machine de d\u00e9moulement: 800mm<br \/>\n1.10 La plage de diam\u00e8tre peut \u00eatre enroul\u00e9e: DN600 ~ DN150000mm<br \/>\n1.11 La longueur maxi: 12000m<br \/>\n1.12 L'angle d'enroulement: 45\u00b0&lt; \u03b1&lt; 90\u00b0<\/p>\n<p><img fetchpriority=\"high\" decoding=\"async\" class=\"alignnone wp-image-2013\" src=\"http:\/\/www.sopplant.com\/wp-content\/uploads\/2024\/09\/FW-300-frp-pipe-production-line-1.jpg\"  width=\"1020\" height=\"574\" srcset=\"https:\/\/www.sopplant.com\/wp-content\/uploads\/2024\/09\/FW-300-frp-pipe-production-line-1.jpg 1820w, https:\/\/www.sopplant.com\/wp-content\/uploads\/2024\/09\/FW-300-frp-pipe-production-line-1-300x169.jpg 300w, https:\/\/www.sopplant.com\/wp-content\/uploads\/2024\/09\/FW-300-frp-pipe-production-line-1-1024x576.jpg 1024w, https:\/\/www.sopplant.com\/wp-content\/uploads\/2024\/09\/FW-300-frp-pipe-production-line-1-768x432.jpg 768w, https:\/\/www.sopplant.com\/wp-content\/uploads\/2024\/09\/FW-300-frp-pipe-production-line-1-1536x864.jpg 1536w, https:\/\/www.sopplant.com\/wp-content\/uploads\/2024\/09\/FW-300-frp-pipe-production-line-1-600x338.jpg 600w\" sizes=\"(max-width: 1020px) 100vw, 1020px\" title=\"FW-300 FRP tuyau filament machine d&#039;enroulement \u63d2\u56fe\" alt=\"FW-300 FRP tuyau filament machine d&#039;enroulement \u63d2\u56fe\" \/><\/p>\n<p><img decoding=\"async\" class=\"alignnone wp-image-2014\" src=\"http:\/\/www.sopplant.com\/wp-content\/uploads\/2024\/09\/FW-300-frp-pipe-production-line-2.jpg\"  width=\"1020\" height=\"573\" srcset=\"https:\/\/www.sopplant.com\/wp-content\/uploads\/2024\/09\/FW-300-frp-pipe-production-line-2.jpg 2275w, https:\/\/www.sopplant.com\/wp-content\/uploads\/2024\/09\/FW-300-frp-pipe-production-line-2-300x169.jpg 300w, https:\/\/www.sopplant.com\/wp-content\/uploads\/2024\/09\/FW-300-frp-pipe-production-line-2-1024x576.jpg 1024w, https:\/\/www.sopplant.com\/wp-content\/uploads\/2024\/09\/FW-300-frp-pipe-production-line-2-768x432.jpg 768w, https:\/\/www.sopplant.com\/wp-content\/uploads\/2024\/09\/FW-300-frp-pipe-production-line-2-1536x864.jpg 1536w, https:\/\/www.sopplant.com\/wp-content\/uploads\/2024\/09\/FW-300-frp-pipe-production-line-2-2048x1151.jpg 2048w, https:\/\/www.sopplant.com\/wp-content\/uploads\/2024\/09\/FW-300-frp-pipe-production-line-2-600x337.jpg 600w\" sizes=\"(max-width: 1020px) 100vw, 1020px\" title=\"FW-300 FRP tuyau filament machine d&#039;enroulement \u63d2\u56fe1\" alt=\"FW-300 FRP tuyau filament machine d&#039;enroulement \u63d2\u56fe1\" \/><\/p>\n<p><img decoding=\"async\" class=\"alignnone wp-image-2015\" src=\"http:\/\/www.sopplant.com\/wp-content\/uploads\/2024\/09\/\u5fae\u4fe1\u56fe\u7247_20250118142421.jpg\"  width=\"1020\" height=\"765\" srcset=\"https:\/\/www.sopplant.com\/wp-content\/uploads\/2024\/09\/\u5fae\u4fe1\u56fe\u7247_20250118142421.jpg 1702w, https:\/\/www.sopplant.com\/wp-content\/uploads\/2024\/09\/\u5fae\u4fe1\u56fe\u7247_20250118142421-300x225.jpg 300w, https:\/\/www.sopplant.com\/wp-content\/uploads\/2024\/09\/\u5fae\u4fe1\u56fe\u7247_20250118142421-1024x768.jpg 1024w, https:\/\/www.sopplant.com\/wp-content\/uploads\/2024\/09\/\u5fae\u4fe1\u56fe\u7247_20250118142421-768x576.jpg 768w, https:\/\/www.sopplant.com\/wp-content\/uploads\/2024\/09\/\u5fae\u4fe1\u56fe\u7247_20250118142421-1536x1152.jpg 1536w, https:\/\/www.sopplant.com\/wp-content\/uploads\/2024\/09\/\u5fae\u4fe1\u56fe\u7247_20250118142421-600x450.jpg 600w\" sizes=\"(max-width: 1020px) 100vw, 1020px\" title=\"FW-300 FRP tuyau filament machine d&#039;enroulement \u63d2\u56fe2\" alt=\"FW-300 FRP tuyau filament machine d&#039;enroulement \u63d2\u56fe2\" \/><\/p>\n<p><strong>2. Les composants de la machine d'enroulement de filament de tuyau FW-300 FRP<\/strong><br \/>\n2.1 machine d'enroulement de contr\u00f4le informatique, sa quantit\u00e9 est un ensemble<br \/>\nSes composants sont les suivants:<br \/>\n2.1.1 Corps de lit (sa longueur est de 18m) un ensemble<br \/>\n2.1.2 T\u00eate de transmission un ensemble<br \/>\n2.1.3 T\u00eate de transit un ensemble<br \/>\n2.1.4 Queue un ensemble<br \/>\n2.1.5 Trolley d'enroulement et syst\u00e8me de transmission deux ensembles<br \/>\n2.1.6 Trousse de trempage en r\u00e9sine en forme de peigne avec dispositif de commande deux ensembles<br \/>\n2.1.7 Cadre roulant avec syst\u00e8me de contr\u00f4le de tension deux ensembles<br \/>\n2.1.8 Ordinateur et bo\u00eete de commande principale un ensemble<br \/>\n2.1.9 syst\u00e8me de temporisation de conversion de fr\u00e9quence AC (inclut servomoteur) un ensemble<br \/>\n2.1.10 T\u00eate d'ajout de sable deux ensembles<br \/>\n2.2 Station de durcissement (pour durcir les produits de 8 pi\u00e8ces), sa quantit\u00e9 est un ensemble<br \/>\nSes composants sont les suivants:<br \/>\n2.2.1 Syst\u00e8me de transmission un ensemble<br \/>\n2.2.2 Le syst\u00e8me de soutien avant et arri\u00e8re un ensemble<br \/>\n2.2.3 Dispositif de chauffage \u00e0 rayons infrarouges (48KW) un ensemble<br \/>\n2.3 machine de r\u00e9paration, sa quantit\u00e9 est un ensemble<br \/>\nSes composants sont les suivants:<br \/>\n2.3.1 T\u00eate de transmission un ensemble<br \/>\n2.3.2 Queue un ensemble<br \/>\n2.3.3 T\u00eate de rectification un ensemble<br \/>\n2.3.4 Bo\u00eete de commande \u00e9lectrique un ensemble<br \/>\n2.3.5 \u00c9liminateur de poussi\u00e8re \u00e0 pulv\u00e9risation d'eau un ensemble<br \/>\n2.4 Machine de d\u00e9chargement de moule, sa quantit\u00e9 est un ensemble<br \/>\nSes composants sont les suivants:<br \/>\n2.4.1 Gantry une pi\u00e8ce<br \/>\n2.4.2 Machine de traction une pi\u00e8ce<br \/>\n2.4.3 pi\u00e8ce boxone de contr\u00f4le \u00e9lectrique<br \/>\n2.4.5 Support cadre pour pi\u00e8ces<\/p>\n<p><strong>3. Attachments de la machine principale<\/strong><br \/>\n3.1 Le moteur \u00e9lectrique pour l'arbre principal est le moteur \u00e9lectrique g\u00e9n\u00e9ral qui a \u00e9t\u00e9 fabriqu\u00e9 en Chine,<br \/>\n3.2 Chariot d'enroulement: servomoteur, encodeur et servo-pilote sont des produits originaux de Siemens.<br \/>\n3.3 L'ordinateur est fabriqu\u00e9 \u00e0 Ta\u00efwan, le logiciel est d\u00e9velopp\u00e9 par la soci\u00e9t\u00e9 KNT, le r\u00e9ducteur est fabriqu\u00e9 dans l'usine canonique domestique, tous les \u00e9l\u00e9ments \u00e9lectriques sont d'excellents produits fabriqu\u00e9s en Chine.<\/p>\n<p><strong>4.Principales caract\u00e9ristiques de l'\u00e9quipement<\/strong><br \/>\n4.1 La machine unique pour la ligne de production de bo\u00eetier de c\u00e2ble de commande d'ordinateur \u00e0 double arbre FW-300 sera positionn\u00e9e selon la mani\u00e8re d'arrangement de la ligne de production de tuyaux en FRP, incluant la machine d'enroulement, la station de durcissement, la machine de r\u00e9paration, la machine de d\u00e9chargement de moules.<br \/>\n4.2 La machine d'enroulement est le c\u0153ur de l'ensemble entier; sa propri\u00e9t\u00e9 et sa qualit\u00e9 d\u00e9termineront le b\u00e9n\u00e9fice obtenu par l'investisseur. Ses principales caract\u00e9ristiques sont :<br \/>\nA. Le menu est affich\u00e9 en chinois, l'interface entre la personne et la machine est raisonnable, il est pratique d'utiliser, et l'\u00e9tat de travail peut \u00eatre ajust\u00e9 par le bouton sur la carte d'exploitation librement.<br \/>\nB. Il est adopt\u00e9 la derni\u00e8re version du logiciel d'enroulement d\u00e9velopp\u00e9 par nous-m\u00eames, l'arrangement d'itin\u00e9rance est r\u00e9gulier, l'enceinte est compl\u00e8te, la position du chariot est pr\u00e9cise, le r\u00e9sultat de la blessure devrait \u00eatre des rhombuses r\u00e9guliers contr\u00f4l\u00e9s par un morceau d'itin\u00e9rance. Les param\u00e8tres tels que la largeur de la feuille itin\u00e9rante, la longueur d'enroulement et le diam\u00e8tre d'enroulement ne sont tous pas limit\u00e9s dans le logiciel.<br \/>\nC. Les fonctions du syst\u00e8me de contr\u00f4le comprennent le contr\u00f4le manuel, semi-automatique, automatique, frein d'urgence, protection de l'interrupteur de limite et r\u00e9gulation de vitesse sans pas. Cela ne devrait pas affecter la lin\u00e9arit\u00e9 lorsque la fonction de r\u00e9gulation de vitesse sans pas a \u00e9t\u00e9 d\u00e9marr\u00e9e.<br \/>\nD. Il y a quatre roues de guidage qui se trouvent autour du chariot, permettent d'\u00e9viter l'agitation du corps du chariot pendant le fonctionnement, et pour s'assurer que le fonctionnement du chariot est uniforme et r\u00e9gulier.<br \/>\n4.3 La puissance de fonctionnement de la machine d'enroulement est positionn\u00e9e d'un c\u00f4t\u00e9 du corps de la machine. Le moteur entra\u00eene le r\u00e9ducteur et tra\u00eene le chariot pour courir en avant \u00e0 travers les cha\u00eenes. La structure de r\u00e9glage de la cha\u00eene l\u00e2che ou rapide a \u00e9t\u00e9 fix\u00e9e \u00e0 l'extr\u00e9mit\u00e9 de la queue du corps du lit.<br \/>\n4.4 La machine de durcissement multi-arbre est adopt\u00e9e panneau de cuisson \u00e0 rayons infrarouges de type \u00e9conomiseur d'\u00e9nergie, ils sont positionn\u00e9s dans la direction longitudinale parall\u00e8le au moule. Ils peuvent faire chauffer le tuyau r\u00e9guli\u00e8rement pendant le durcissement, si la temp\u00e9rature int\u00e9rieure est sup\u00e9rieure \u00e0 20 \u2103 en hiver, la planche \u00e0 cuire peut \u00eatre \u00e9teinte pour \u00e9conomiser de l'\u00e9nergie et peut diminuer le co\u00fbt, la planche \u00e0 cuire peut \u00eatre divis\u00e9e en deux groupes, il ne peut utiliser qu'un groupe lorsque le vent le tuyau court.<br \/>\n4.5 La machine de r\u00e9paration est r\u00e9gl\u00e9e dispositif de pulv\u00e9risation d'eau, elle peut diminuer la pollution de la poussi\u00e8re dans l'air, pour prolonger la dur\u00e9e de vie de la broyeuse.<br \/>\n4.6 Le centre de r\u00e9sistance entre le tuyau et le moule co\u00efncide avec le centre de for\u00e7age du conteneur hydraulique de d\u00e9chargement du moule dans la machine de d\u00e9chargement du moule et ils sont fix\u00e9s. Le chariot de soutien du moule et le chariot de soutien des tuyaux sont adopt\u00e9s structure de chariot \u00e9l\u00e9vateur, il est donc pratique de faire l'axe du moule co\u00efncider avec le centre de la machine de d\u00e9chargement du moule. La grande gamme de support (dans la gamme de support) est applicable pour les moules de diam\u00e8tres diff\u00e9rents.<br \/>\nLors du d\u00e9chargement du moule, la force de d\u00e9chargement du moule est grande au d\u00e9but, la force fournie par le conteneur hydraulique; lorsque le moule est tir\u00e9 de la tuyauterie \u00e0 une certaine distance, la force de d\u00e9chargement du moule devient petite, \u00e0 ce moment, le moteur capstan a \u00e9t\u00e9 mis en place pour am\u00e9liorer la vitesse de d\u00e9chargement du moule.<\/p>\n<p><strong>5. Produit fini<\/strong><\/p>\n<p><img loading=\"lazy\" decoding=\"async\" class=\"alignnone wp-image-2016\" src=\"http:\/\/www.sopplant.com\/wp-content\/uploads\/2024\/09\/DSC05123-scaled.jpg\"  width=\"1020\" height=\"678\" srcset=\"https:\/\/www.sopplant.com\/wp-content\/uploads\/2024\/09\/DSC05123-scaled.jpg 2560w, https:\/\/www.sopplant.com\/wp-content\/uploads\/2024\/09\/DSC05123-300x199.jpg 300w, https:\/\/www.sopplant.com\/wp-content\/uploads\/2024\/09\/DSC05123-1024x681.jpg 1024w, https:\/\/www.sopplant.com\/wp-content\/uploads\/2024\/09\/DSC05123-768x511.jpg 768w, https:\/\/www.sopplant.com\/wp-content\/uploads\/2024\/09\/DSC05123-1536x1021.jpg 1536w, https:\/\/www.sopplant.com\/wp-content\/uploads\/2024\/09\/DSC05123-2048x1362.jpg 2048w, https:\/\/www.sopplant.com\/wp-content\/uploads\/2024\/09\/DSC05123-600x399.jpg 600w\" sizes=\"(max-width: 1020px) 100vw, 1020px\" title=\"FW-300 FRP tuyau filament machine d&#039;enroulement \u63d2\u56fe3\" alt=\"FW-300 FRP tuyau filament machine d&#039;enroulement \u63d2\u56fe3\" \/><\/p>","protected":false},"excerpt":{"rendered":"<p>La machine d'enroulement de filament de tuyau FW-300 FRP est compos\u00e9e de machine de fabrication de doublure, machine d'enroulement, machine de durcissement, machine de d\u00e9moulement. Le centre de contr\u00f4le est l'ordinateur industriel avanc\u00e9 fabriqu\u00e9 \u00e0 Ta\u00efwan par ordinateur, une fois que le param\u00e8tre des produits d'enroulement est entr\u00e9, la conception de lin\u00e9arit\u00e9 du produit peut \u00eatre termin\u00e9e automatiquement, puis contr\u00f4le les mouvements combin\u00e9s entre la vitesse de laminage du monticule et le fonctionnement du chariot. Mettez le roving immerg\u00e9 par la r\u00e9sine recouverte sur la doublure.<\/p>","protected":false},"featured_media":1354,"comment_status":"open","ping_status":"closed","template":"","meta":{"_acf_changed":false},"product_brand":[],"product_cat":[15],"product_tag":[],"class_list":{"0":"post-1350","1":"product","2":"type-product","3":"status-publish","4":"has-post-thumbnail","6":"product_cat-computer-control-filament-winding-machine","8":"first","9":"instock","10":"shipping-taxable","11":"product-type-simple"},"acf":[],"_links":{"self":[{"href":"https:\/\/www.sopplant.com\/fr\/wp-json\/wp\/v2\/product\/1350","targetHints":{"allow":["GET"]}}],"collection":[{"href":"https:\/\/www.sopplant.com\/fr\/wp-json\/wp\/v2\/product"}],"about":[{"href":"https:\/\/www.sopplant.com\/fr\/wp-json\/wp\/v2\/types\/product"}],"replies":[{"embeddable":true,"href":"https:\/\/www.sopplant.com\/fr\/wp-json\/wp\/v2\/comments?post=1350"}],"wp:featuredmedia":[{"embeddable":true,"href":"https:\/\/www.sopplant.com\/fr\/wp-json\/wp\/v2\/media\/1354"}],"wp:attachment":[{"href":"https:\/\/www.sopplant.com\/fr\/wp-json\/wp\/v2\/media?parent=1350"}],"wp:term":[{"taxonomy":"product_brand","embeddable":true,"href":"https:\/\/www.sopplant.com\/fr\/wp-json\/wp\/v2\/product_brand?post=1350"},{"taxonomy":"product_cat","embeddable":true,"href":"https:\/\/www.sopplant.com\/fr\/wp-json\/wp\/v2\/product_cat?post=1350"},{"taxonomy":"product_tag","embeddable":true,"href":"https:\/\/www.sopplant.com\/fr\/wp-json\/wp\/v2\/product_tag?post=1350"}],"curies":[{"name":"wp","href":"https:\/\/api.w.org\/{rel}","templated":true}]}}