{"id":1365,"date":"2024-09-05T14:54:42","date_gmt":"2024-09-05T06:54:42","guid":{"rendered":"https:\/\/www.sopplant.com\/?post_type=product&#038;p=1365"},"modified":"2025-01-24T15:42:15","modified_gmt":"2025-01-24T07:42:15","slug":"mc-2500-frp-mandrels-processing-lathe","status":"publish","type":"product","link":"https:\/\/www.sopplant.com\/fr\/product\/mc-2500-frp-mandrels-processing-lathe\/","title":{"rendered":"Torn de traitement des mandrins de FRP MC-2500"},"content":{"rendered":"<p><strong>1. R\u00e9union d &apos; information<\/strong><br \/>\nLe tuyau de FRP enroul\u00e9 de filament de longueur fixe est une sorte d'excellent produit, mais normalement nous pouvons &#8217; t obtenir la meilleure productivit\u00e9 comme la raison du d\u00e9placement de la proc\u00e9dure de production, donc afin d'am\u00e9liorer l'efficacit\u00e9, la fa\u00e7on la plus efficace est d'augmenter la quantit\u00e9 de mandrins. Pour le grand diam\u00e8tre du tuyau, la fabrication du mandrin en acier est tr\u00e8s difficile et co\u00fbteuse, il peut donc adopter la structure en acier comme cadre et la structure en FRP trait\u00e9e comme surface; cette structure combin\u00e9e a les caract\u00e9ristiques telles que la production simple et le co\u00fbt perdu. Le tour de traitement des mandrins en FRP MC-2500 est l'\u00e9quipement sp\u00e9cial pour elle.<\/p>\n<p><img fetchpriority=\"high\" decoding=\"async\" class=\"alignnone wp-image-2100\" src=\"http:\/\/www.sopplant.com\/wp-content\/uploads\/2024\/09\/IMG20241015093942-scaled.jpg\"  width=\"1020\" height=\"574\" srcset=\"https:\/\/www.sopplant.com\/wp-content\/uploads\/2024\/09\/IMG20241015093942-scaled.jpg 2560w, https:\/\/www.sopplant.com\/wp-content\/uploads\/2024\/09\/IMG20241015093942-300x169.jpg 300w, https:\/\/www.sopplant.com\/wp-content\/uploads\/2024\/09\/IMG20241015093942-1024x576.jpg 1024w, https:\/\/www.sopplant.com\/wp-content\/uploads\/2024\/09\/IMG20241015093942-768x432.jpg 768w, https:\/\/www.sopplant.com\/wp-content\/uploads\/2024\/09\/IMG20241015093942-1536x864.jpg 1536w, https:\/\/www.sopplant.com\/wp-content\/uploads\/2024\/09\/IMG20241015093942-2048x1152.jpg 2048w, https:\/\/www.sopplant.com\/wp-content\/uploads\/2024\/09\/IMG20241015093942-600x338.jpg 600w\" sizes=\"(max-width: 1020px) 100vw, 1020px\" title=\"MC - 2500 FRP Mandrels Processing Lathe illustration\" alt=\"MC - 2500 FRP Mandrels Processing Lathe illustration\" \/><\/p>\n<p><strong>2. Param\u00e8tre technique principal<\/strong><br \/>\n2.1 Capacit\u00e9: 11.42KW<br \/>\n2.2 Gamme de diam\u00e8tre peut \u00eatre trait\u00e9e: DN250-DN2500mm<br \/>\n2.3 Longueur peut \u00eatre trait\u00e9e: 12500mm<br \/>\n2.4 Vitesse de broyage: 45.2m \/ s<br \/>\nVitesse d'alimentation de la broyeuse longitudinale 2,5: 5,5 mm \/ min - 20 mm \/ min<br \/>\n2.6 Vitesse rotative: 0.75r \/ min-77.28r \/ min<\/p>\n<p><strong>3. \u00c9l\u00e9ments<\/strong><br \/>\nIl est compos\u00e9 de t\u00eate, tailstock, corps de lit, grande plaque coulissante, plaque coulissante moyenne, syst\u00e8me de broyage, syst\u00e8me de contr\u00f4le \u00e9lectrique et syst\u00e8me de refroidissement \u00e0 l'eau.<\/p>","protected":false},"excerpt":{"rendered":"<div class=\"miadf\">\n<p>Le tuyau de FRP enroul\u00e9 de filament de longueur fixe est une sorte d'excellent produit, mais normalement nous pouvons &#8217; t obtenir la meilleure productivit\u00e9 comme la raison du d\u00e9placement de la proc\u00e9dure de production, donc afin d'am\u00e9liorer l'efficacit\u00e9, la fa\u00e7on la plus efficace est d'augmenter la quantit\u00e9 de mandrins.<\/p>\n<\/div>","protected":false},"featured_media":1368,"comment_status":"open","ping_status":"closed","template":"","meta":{"_acf_changed":false},"product_brand":[],"product_cat":[15],"product_tag":[],"class_list":{"0":"post-1365","1":"product","2":"type-product","3":"status-publish","4":"has-post-thumbnail","6":"product_cat-computer-control-filament-winding-machine","8":"first","9":"instock","10":"shipping-taxable","11":"product-type-simple"},"acf":[],"_links":{"self":[{"href":"https:\/\/www.sopplant.com\/fr\/wp-json\/wp\/v2\/product\/1365","targetHints":{"allow":["GET"]}}],"collection":[{"href":"https:\/\/www.sopplant.com\/fr\/wp-json\/wp\/v2\/product"}],"about":[{"href":"https:\/\/www.sopplant.com\/fr\/wp-json\/wp\/v2\/types\/product"}],"replies":[{"embeddable":true,"href":"https:\/\/www.sopplant.com\/fr\/wp-json\/wp\/v2\/comments?post=1365"}],"wp:featuredmedia":[{"embeddable":true,"href":"https:\/\/www.sopplant.com\/fr\/wp-json\/wp\/v2\/media\/1368"}],"wp:attachment":[{"href":"https:\/\/www.sopplant.com\/fr\/wp-json\/wp\/v2\/media?parent=1365"}],"wp:term":[{"taxonomy":"product_brand","embeddable":true,"href":"https:\/\/www.sopplant.com\/fr\/wp-json\/wp\/v2\/product_brand?post=1365"},{"taxonomy":"product_cat","embeddable":true,"href":"https:\/\/www.sopplant.com\/fr\/wp-json\/wp\/v2\/product_cat?post=1365"},{"taxonomy":"product_tag","embeddable":true,"href":"https:\/\/www.sopplant.com\/fr\/wp-json\/wp\/v2\/product_tag?post=1365"}],"curies":[{"name":"wp","href":"https:\/\/api.w.org\/{rel}","templated":true}]}}