{"id":1397,"date":"2024-09-05T16:25:35","date_gmt":"2024-09-05T08:25:35","guid":{"rendered":"https:\/\/www.sopplant.com\/?post_type=product&#038;p=1397"},"modified":"2025-01-24T15:56:14","modified_gmt":"2025-01-24T07:56:14","slug":"sy-2500%e2%85%b2-frp-pipe-hydrostatic-pressure-testing-machine","status":"publish","type":"product","link":"https:\/\/www.sopplant.com\/fr\/product\/sy-2500%e2%85%b2-frp-pipe-hydrostatic-pressure-testing-machine\/","title":{"rendered":"SY-2500Machine d'essai de pression hydrostatique de tuyau FRP"},"content":{"rendered":"<p><span style=\"font-size: 14pt;\"><strong>1. R\u00e9union d &apos; information<\/strong><\/span><br \/>\nSY-2500La La La machine d'essai de pression hydrostatique de tuyau de FRP est un type de dispositif sp\u00e9cial pour inspecter la fuite de tuyau de FRP. Les caract\u00e9ristiques sont: structure raisonnable, fonctionnement pratique, rendement \u00e9lev\u00e9 et large gamme de diam\u00e8tre appropri\u00e9.<\/p>\n<p><img fetchpriority=\"high\" decoding=\"async\" class=\"alignnone wp-image-2107\" src=\"http:\/\/www.sopplant.com\/wp-content\/uploads\/2024\/09\/\u5fae\u4fe1\u56fe\u7247_20240709152238.jpg\"  width=\"1020\" height=\"764\" srcset=\"https:\/\/www.sopplant.com\/wp-content\/uploads\/2024\/09\/\u5fae\u4fe1\u56fe\u7247_20240709152238.jpg 748w, https:\/\/www.sopplant.com\/wp-content\/uploads\/2024\/09\/\u5fae\u4fe1\u56fe\u7247_20240709152238-300x225.jpg 300w, https:\/\/www.sopplant.com\/wp-content\/uploads\/2024\/09\/\u5fae\u4fe1\u56fe\u7247_20240709152238-600x449.jpg 600w\" sizes=\"(max-width: 1020px) 100vw, 1020px\" title=\"SY-2500Machine d&#039;essai de pression hydrostatique de tuyau FRP \u63d2\u56fe\" alt=\"SY-2500Machine d&#039;essai de pression hydrostatique de tuyau FRP \u63d2\u56fe\" \/><\/p>\n<p><span style=\"font-size: 14pt;\"><strong>Param\u00e8tre technique 2.Main<\/strong><\/span><br \/>\n2.1 Capacit\u00e9: 27,1 KW<br \/>\n2.2 Gamme de diam\u00e8tre appropri\u00e9: DN250-DN2500mm<br \/>\n2.3 Pression nominale de la station de pompage hydraulique: 16MPa<br \/>\n2.4 Pression nominale de d\u00e9charge de la pompe \u00e9lectrique: 3.5MPa<br \/>\n2.5 Flux de pompe \u00e9lectrique: 560L \/ h (haute pression); 1120L \/ h (basse pression)<br \/>\n2.6 Pompe centrifuge d'eau propre: Flux Q=120m3\/H, ascenseur: H=28m<\/p>\n<p><span style=\"font-size: 14pt;\"><strong>3. \u00c9l\u00e9ments<\/strong><\/span><br \/>\nIl est compos\u00e9 d'un syst\u00e8me d'alimentation en eau, d'un syst\u00e8me hydraulique, d'une poutre longitudinale sup\u00e9rieure, d'une poutre longitudinale inf\u00e9rieure, d'une plaque murale, d'une plaque active \u00e0 \u00e9pingle et \u00e0 prise, d'un assemblage de la tige de support, d'un plateau de support, d'un support de fourche, d'un couvercle d'enveloppe \u00e0 \u00e9pingle et \u00e0 prise et d'une bo\u00eete de<\/p>","protected":false},"excerpt":{"rendered":"<div class=\"miadf\">\n<p>SY-2500La La La machine d'essai de pression hydrostatique de tuyau de FRP est un type de dispositif sp\u00e9cial pour inspecter la fuite de tuyau de FRP. Les caract\u00e9ristiques sont: structure raisonnable, fonctionnement pratique, rendement \u00e9lev\u00e9 et large gamme de diam\u00e8tre appropri\u00e9.<\/p>\n<\/div>","protected":false},"featured_media":1419,"comment_status":"open","ping_status":"closed","template":"","meta":{"_acf_changed":false},"product_brand":[],"product_cat":[15],"product_tag":[],"class_list":{"0":"post-1397","1":"product","2":"type-product","3":"status-publish","4":"has-post-thumbnail","6":"product_cat-computer-control-filament-winding-machine","8":"first","9":"instock","10":"shipping-taxable","11":"product-type-simple"},"acf":[],"_links":{"self":[{"href":"https:\/\/www.sopplant.com\/fr\/wp-json\/wp\/v2\/product\/1397","targetHints":{"allow":["GET"]}}],"collection":[{"href":"https:\/\/www.sopplant.com\/fr\/wp-json\/wp\/v2\/product"}],"about":[{"href":"https:\/\/www.sopplant.com\/fr\/wp-json\/wp\/v2\/types\/product"}],"replies":[{"embeddable":true,"href":"https:\/\/www.sopplant.com\/fr\/wp-json\/wp\/v2\/comments?post=1397"}],"wp:featuredmedia":[{"embeddable":true,"href":"https:\/\/www.sopplant.com\/fr\/wp-json\/wp\/v2\/media\/1419"}],"wp:attachment":[{"href":"https:\/\/www.sopplant.com\/fr\/wp-json\/wp\/v2\/media?parent=1397"}],"wp:term":[{"taxonomy":"product_brand","embeddable":true,"href":"https:\/\/www.sopplant.com\/fr\/wp-json\/wp\/v2\/product_brand?post=1397"},{"taxonomy":"product_cat","embeddable":true,"href":"https:\/\/www.sopplant.com\/fr\/wp-json\/wp\/v2\/product_cat?post=1397"},{"taxonomy":"product_tag","embeddable":true,"href":"https:\/\/www.sopplant.com\/fr\/wp-json\/wp\/v2\/product_tag?post=1397"}],"curies":[{"name":"wp","href":"https:\/\/api.w.org\/{rel}","templated":true}]}}