{"id":1671,"date":"2024-09-12T17:52:29","date_gmt":"2024-09-12T09:52:29","guid":{"rendered":"https:\/\/www.sopplant.com\/?post_type=product&#038;p=1671"},"modified":"2025-01-24T16:21:26","modified_gmt":"2025-01-24T08:21:26","slug":"water-soluble-fertilizer-production-line","status":"publish","type":"product","link":"https:\/\/www.sopplant.com\/fr\/product\/water-soluble-fertilizer-production-line\/","title":{"rendered":"Ligne de production d'engrais solubles dans l'eau"},"content":{"rendered":"<p><strong>Qu'est-ce que l'engrais soluble dans l'eau?<\/strong><br \/>\nL'engrais hydrosoluble est une sorte d'engrais \u00e0 action rapide. Dot\u00e9 d'une bonne solubilit\u00e9 dans l'eau, il peut se dissoudre compl\u00e8tement dans l'eau sans r\u00e9sidus, et il peut \u00eatre absorb\u00e9 et utilis\u00e9 directement par le syst\u00e8me racinaire et le feuillage de la plante. Le taux d'absorption et d'utilisation peut atteindre jusqu'\u00e0 95%. Par cons\u00e9quent, il peut r\u00e9pondre aux besoins nutritionnels des cultures \u00e0 haut rendement dans un stade de croissance rapide.<\/p>\n<p><strong>Br\u00e8ve introduction de l'usine d'engrais solubles dans l'eau<\/strong><br \/>\nLa ligne de production d'engrais hydrosolubles est une usine de traitement d'engrais de nouveau type, qui comprend l'alimentation des mat\u00e9riaux, le lotage, le m\u00e9lange et l'emballage. 3-10 types d'ingr\u00e9dients sont par lots selon la formule et m\u00e9lang\u00e9s uniformement. Ensuite, les mat\u00e9riaux sont mesur\u00e9s, remplis et emball\u00e9s automatiquement.<\/p>\n<p><strong>Mati\u00e8re premi\u00e8re de transport<\/strong><br \/>\nAvec une r\u00e9sistance \u00e0 la corrosion sup\u00e9rieure et une r\u00e9sistance \u00e0 l'usure \u00e9lev\u00e9e, le convoyeur \u00e0 bande est utilis\u00e9 ici pour livrer les mati\u00e8res premi\u00e8res. La traverse est en acier canal et la cl\u00f4ture en acier inoxydable. La conception du rouleau de soutien continu assure qu'il n'y a pas d'impasse &amp; mat\u00e9riaux accumul\u00e9s, commodes \u00e0 nettoyer. Diff\u00e9rents types de convoyeurs sont choisis en fonction des exigences du projet.<\/p>\n<p><strong>Batching<\/strong><br \/>\nProfitez de la mesure statique lors du lotage, ce qui rend la formule plus pr\u00e9cise. Chaque ingr\u00e9dient dispose de deux m\u00e9thodes d'alimentation, l'alimentation rapide et l'alimentation lente, contr\u00f4l\u00e9es par convertisseur de fr\u00e9quence. La structure est con\u00e7ue en fonction de la diff\u00e9rence de liquidit\u00e9 et de proportion de chaque ingr\u00e9dient. Plusieurs formules peuvent \u00eatre stock\u00e9es dans le syst\u00e8me de lotage et sont faciles \u00e0 modifier. La pr\u00e9cision du lotage atteint \u00b10,1% -\u00b10,2%.<\/p>\n<p><strong>M\u00e9langer<\/strong><br \/>\nLe m\u00e9langeur horizontal double ruban est adopt\u00e9 ici, qui est constitu\u00e9 de r\u00e9ducteur moteur, entr\u00e9e d'alimentation, bouclier sup\u00e9rieur, dispositif de m\u00e9lange de ruban, dispositif de d\u00e9charge, sortie, etc. Il est g\u00e9n\u00e9ralement configur\u00e9 avec une vanne \u00e0 rabat cambr\u00e9 pneumatique. Lorsque la vanne est ferm\u00e9e, le rabat cambr\u00e9 s'adapte parfaitement \u00e0 la surface cambr\u00e9e du baril. Par cons\u00e9quent, il n'y a pas d'espace mort de m\u00e9lange, mieux pour m\u00e9langer m\u00eame.<\/p>\n<p><strong>Caract\u00e9ristiques du m\u00e9langeur \u00e0 ruban horizontal<\/strong><br \/>\n* Particuli\u00e8rement adapt\u00e9 au m\u00e9lange de mat\u00e9riaux collants.<br \/>\n* \u00c9galit\u00e9 de m\u00e9lange \u00e9lev\u00e9e, m\u00eame pour les mat\u00e9riaux en grande proportion.<br \/>\n* Vitesse de m\u00e9lange rapide, efficacit\u00e9 de m\u00e9lange \u00e9lev\u00e9e et coefficient de charge \u00e9lev\u00e9.<br \/>\n* Diff\u00e9rentes formes ouvertes sur le bouclier peuvent \u00eatre r\u00e9gl\u00e9es pour satisfaire les besoins dans diff\u00e9rentes conditions de fonctionnement.<\/p>\n<p><strong>Emballage quantitatif automatique<\/strong><br \/>\nLe syst\u00e8me d'emballage peut compl\u00e9ter automatiquement les processus de mesure, de serrage des sacs, de remplissage, d'\u00e9tanch\u00e9it\u00e9 et de livraison. Il convient pour l'emballage de mat\u00e9riaux en poudre ou en particules, tels que les engrais, les aliments pour animaux, les pesticides, les additifs en poudre, les colorants, etc.<\/p>\n<p><strong>Caract\u00e9ristiques du syst\u00e8me d'emballage automatique<\/strong><br \/>\n* Tous les composants en contact avec les mat\u00e9riaux sont en acier inoxydable, la protection contre la corrosion et facile \u00e0 nettoyer.<br \/>\n* Dispositif de pesage \u00e9lectronique, d\u00e9tection du capteur de pesage, param\u00e8tres num\u00e9riques et indication des poids. Mesure rapide et pr\u00e9cise.<br \/>\n* Adoptez le dispositif de serrage de sac pneumatique: alimentation manuelle de sac, serrage de sac pneumatique et chute automatique de sac.<br \/>\n* Fonction d'auto-d\u00e9tection de d\u00e9faut, d\u00e9tection automatique de chaque \u00e9tat de travail.<\/p>\n<p><strong>Caract\u00e9ristiques principales de l'usine enti\u00e8re d'engrais solubles dans l'eau<\/strong><br \/>\n* Adoptez la m\u00e9thode d'alimentation sans poussi\u00e8re, r\u00e9duisez largement la pollution environnementale et les blessures personnelles.<br \/>\n* Le m\u00e9langeur \u00e0 ruban double est adopt\u00e9 dans le processus de m\u00e9lange, prot\u00e8ge efficacement les mati\u00e8res premi\u00e8res et \u00e9vite de d\u00e9truire leurs propres propri\u00e9t\u00e9s.<br \/>\n* Entrep\u00f4t de transfert rond assure une chute douce des mat\u00e9riaux.<br \/>\n* L'alimentation \u00e0 vis est utilis\u00e9e lors de la mesure, et chaque interface est connect\u00e9e de mani\u00e8re flexible, \u00e9vitant efficacement la poussi\u00e8re et la pollution environnementale.<br \/>\n* Vitesse rapide de m\u00e9lange et de m\u00e9lange, raccourcissez le temps d'ouverture des mat\u00e9riaux dans l'air, \u00e9vitez l'absorption de l'humidit\u00e9.<br \/>\n* La machine compl\u00e8te peut \u00eatre faite d'acier au mangan\u00e8se, d'acier inoxydable 304, d'acier inoxydable 316L, d'acier inoxydable 321 et d'autres aciers personnalis\u00e9s selon la demande.<\/p>\n<p><img fetchpriority=\"high\" decoding=\"async\" class=\"alignnone wp-image-1677\" src=\"http:\/\/www.sopplant.com\/wp-content\/uploads\/2024\/09\/Water-soluble-fertilizer-production-line-4.jpg\"  width=\"600\" height=\"600\" srcset=\"https:\/\/www.sopplant.com\/wp-content\/uploads\/2024\/09\/Water-soluble-fertilizer-production-line-4.jpg 800w, https:\/\/www.sopplant.com\/wp-content\/uploads\/2024\/09\/Water-soluble-fertilizer-production-line-4-300x300.jpg 300w, https:\/\/www.sopplant.com\/wp-content\/uploads\/2024\/09\/Water-soluble-fertilizer-production-line-4-150x150.jpg 150w, https:\/\/www.sopplant.com\/wp-content\/uploads\/2024\/09\/Water-soluble-fertilizer-production-line-4-768x768.jpg 768w, https:\/\/www.sopplant.com\/wp-content\/uploads\/2024\/09\/Water-soluble-fertilizer-production-line-4-600x600.jpg 600w, https:\/\/www.sopplant.com\/wp-content\/uploads\/2024\/09\/Water-soluble-fertilizer-production-line-4-100x100.jpg 100w\" sizes=\"(max-width: 600px) 100vw, 600px\" title=\"Ligne de production d&#039;engrais solubles dans l&#039;eau \u63d2\u56fe\" alt=\"Ligne de production d&#039;engrais solubles dans l&#039;eau \u63d2\u56fe\" \/> \u00a0<img decoding=\"async\" class=\"alignnone wp-image-1675\" src=\"http:\/\/www.sopplant.com\/wp-content\/uploads\/2024\/09\/Water-soluble-fertilizer-production-line-1.jpg\"  width=\"600\" height=\"600\" srcset=\"https:\/\/www.sopplant.com\/wp-content\/uploads\/2024\/09\/Water-soluble-fertilizer-production-line-1.jpg 800w, https:\/\/www.sopplant.com\/wp-content\/uploads\/2024\/09\/Water-soluble-fertilizer-production-line-1-300x300.jpg 300w, https:\/\/www.sopplant.com\/wp-content\/uploads\/2024\/09\/Water-soluble-fertilizer-production-line-1-150x150.jpg 150w, https:\/\/www.sopplant.com\/wp-content\/uploads\/2024\/09\/Water-soluble-fertilizer-production-line-1-768x768.jpg 768w, https:\/\/www.sopplant.com\/wp-content\/uploads\/2024\/09\/Water-soluble-fertilizer-production-line-1-600x600.jpg 600w, https:\/\/www.sopplant.com\/wp-content\/uploads\/2024\/09\/Water-soluble-fertilizer-production-line-1-100x100.jpg 100w\" sizes=\"(max-width: 600px) 100vw, 600px\" title=\"Ligne de production d&#039;engrais solubles dans l&#039;eau \u63d2\u56fe1\" alt=\"Ligne de production d&#039;engrais solubles dans l&#039;eau \u63d2\u56fe1\" \/><\/p>","protected":false},"excerpt":{"rendered":"<p>La ligne de production d'engrais hydrosolubles est une usine de traitement d'engrais de nouveau type, qui comprend l'alimentation des mat\u00e9riaux, le lotage, le m\u00e9lange et l'emballage. 3-10 types d'ingr\u00e9dients sont par lots selon la formule et m\u00e9lang\u00e9s uniformement. Ensuite, les mat\u00e9riaux sont mesur\u00e9s, remplis et emball\u00e9s automatiquement. L'engrais hydrosoluble, est un engrais liquide ou solide dissous ou dilu\u00e9 dans l'eau, utilis\u00e9 pour l'engrais d'irrigation \u00e0 goutte \u00e0 goutte, l'engrais foliaire, la culture sans sol, le trempage des graines et la trempage des racines, etc. Son apparence est uniforme liquide ou solide. Le liquide n'a pas de pr\u00e9cipitations ou d'impuret\u00e9s \u00e9videntes. Particules solides et poudres, sans impuret\u00e9s m\u00e9caniques \u00e9videntes.<\/p>","protected":false},"featured_media":1676,"comment_status":"open","ping_status":"closed","template":"","meta":{"_acf_changed":false},"product_brand":[],"product_cat":[50],"product_tag":[],"class_list":{"0":"post-1671","1":"product","2":"type-product","3":"status-publish","4":"has-post-thumbnail","6":"product_cat-water-soluble-fertilizer-production-line","8":"first","9":"instock","10":"shipping-taxable","11":"product-type-simple"},"acf":[],"_links":{"self":[{"href":"https:\/\/www.sopplant.com\/fr\/wp-json\/wp\/v2\/product\/1671","targetHints":{"allow":["GET"]}}],"collection":[{"href":"https:\/\/www.sopplant.com\/fr\/wp-json\/wp\/v2\/product"}],"about":[{"href":"https:\/\/www.sopplant.com\/fr\/wp-json\/wp\/v2\/types\/product"}],"replies":[{"embeddable":true,"href":"https:\/\/www.sopplant.com\/fr\/wp-json\/wp\/v2\/comments?post=1671"}],"wp:featuredmedia":[{"embeddable":true,"href":"https:\/\/www.sopplant.com\/fr\/wp-json\/wp\/v2\/media\/1676"}],"wp:attachment":[{"href":"https:\/\/www.sopplant.com\/fr\/wp-json\/wp\/v2\/media?parent=1671"}],"wp:term":[{"taxonomy":"product_brand","embeddable":true,"href":"https:\/\/www.sopplant.com\/fr\/wp-json\/wp\/v2\/product_brand?post=1671"},{"taxonomy":"product_cat","embeddable":true,"href":"https:\/\/www.sopplant.com\/fr\/wp-json\/wp\/v2\/product_cat?post=1671"},{"taxonomy":"product_tag","embeddable":true,"href":"https:\/\/www.sopplant.com\/fr\/wp-json\/wp\/v2\/product_tag?post=1671"}],"curies":[{"name":"wp","href":"https:\/\/api.w.org\/{rel}","templated":true}]}}