{"id":2040,"date":"2025-01-22T15:28:10","date_gmt":"2025-01-22T07:28:10","guid":{"rendered":"https:\/\/www.sopplant.com\/?post_type=product&#038;p=2040"},"modified":"2025-01-24T16:14:54","modified_gmt":"2025-01-24T08:14:54","slug":"sulfuric-acid-production-line","status":"publish","type":"product","link":"https:\/\/www.sopplant.com\/fr\/product\/sulfuric-acid-production-line\/","title":{"rendered":"Ligne de production d'acide sulfurique"},"content":{"rendered":"<h3><strong><b>Flux de processus de ligne de production d'acide sulfurique<\/b><\/strong><\/h3>\n<p>L'unit\u00e9 soufre-acide se compose des sections suivantes: fusion du soufre, combustion et conversion du soufre, s\u00e9chage et absorption, et manipulation du produit final.<\/p>\n<p><img fetchpriority=\"high\" decoding=\"async\" class=\"alignnone wp-image-2050\" src=\"http:\/\/www.sopplant.com\/wp-content\/uploads\/2025\/01\/H2SO4-pruduction-line.jpg\"  width=\"1020\" height=\"707\" srcset=\"https:\/\/www.sopplant.com\/wp-content\/uploads\/2025\/01\/H2SO4-pruduction-line.jpg 1210w, https:\/\/www.sopplant.com\/wp-content\/uploads\/2025\/01\/H2SO4-pruduction-line-300x208.jpg 300w, https:\/\/www.sopplant.com\/wp-content\/uploads\/2025\/01\/H2SO4-pruduction-line-1024x710.jpg 1024w, https:\/\/www.sopplant.com\/wp-content\/uploads\/2025\/01\/H2SO4-pruduction-line-768x533.jpg 768w, https:\/\/www.sopplant.com\/wp-content\/uploads\/2025\/01\/H2SO4-pruduction-line-600x416.jpg 600w\" sizes=\"(max-width: 1020px) 100vw, 1020px\" title=\"Ligne de production d&#039;acide sulfurique \u63d2\u56fe\" alt=\"Ligne de production d&#039;acide sulfurique \u63d2\u56fe\" \/><\/p>\n<h4><strong><b>1. Section de fusion du soufre<\/b><\/strong><\/h4>\n<p>Le soufre solide issu de la section de mati\u00e8res premi\u00e8res est transport\u00e9 par un convoyeur \u00e0 bande dans un r\u00e9servoir de fusion rapide du soufre pour la fusion. Le soufre fondu s'\u00e9coule par gravit\u00e9 \u00e0 travers le port de d\u00e9bordement dans un r\u00e9servoir de filtration combin\u00e9, d'o\u00f9 il est pomp\u00e9 dans le filtre de soufre fondu pour filtration et puis stock\u00e9 dans un r\u00e9servoir de stockage de soufre fondu.<br \/>\nAvant la filtration, une certaine quantit\u00e9 d'aide filtrante est ajout\u00e9e au r\u00e9servoir de pr\u00e9-rev\u00eatement contenant du soufre fondu. Sous l'action de l'agitateur, l'aide \u00e0 filtrer et le soufre fondu sont bien m\u00e9lang\u00e9s. La pompe de pr\u00e9-rev\u00eatement transf\u00e8re le m\u00e9lange au filtre soufre fondu, o\u00f9 les feuilles de filtre sont recouvertes avec l'aide de filtre. Une fois l'op\u00e9ration de pr\u00e9-rev\u00eatement termin\u00e9e, la filtration formelle commence. Le soufre fondu purifi\u00e9 est ensuite envoy\u00e9 au r\u00e9servoir de stockage de soufre raffin\u00e9 pour stockage. Pendant la production, le soufre fondu circule par gravit\u00e9 du r\u00e9servoir de stockage de soufre raffin\u00e9 vers le r\u00e9servoir souterrain de soufre raffin\u00e9 et est pomp\u00e9 dans le four \u00e0 combustion de soufre.<\/p>\n<p>Le r\u00e9servoir de fusion rapide du soufre, le r\u00e9servoir de filtration et le r\u00e9servoir de pr\u00e9-rev\u00eatement sont fabriqu\u00e9s en structures en b\u00e9ton int\u00e9gr\u00e9es et sont install\u00e9s sous terre. Tous les r\u00e9servoirs de stockage de soufre, y compris les r\u00e9servoirs de stockage de soufre raffin\u00e9, sont \u00e9quip\u00e9s de bobines de chauffage \u00e0 vapeur utilisant de la vapeur satur\u00e9e de 0,5 \u00e0 0,6 MPa (pression absolue) pour le chauffage indirect. La temp\u00e9rature du soufre fondu est maintenue entre 135\u00b0C et 145\u00b0C.<\/p>\n<p>D'autres \u00e9quipements, tels que les filtres au soufre fondu, les pompes au soufre, les tuyaux au soufre fondu, les raccords et les vannes, sont rev\u00eatus de vapeur et isol\u00e9s avec des mat\u00e9riaux isolants suppl\u00e9mentaires.<\/p>\n<p>Le condensate de vapeur et la vapeur d'\u00e9chappement (1,2 tonne\/heure) sont collect\u00e9s dans un r\u00e9servoir de r\u00e9cup\u00e9ration de condensate. Une fois que la qualit\u00e9 de l'eau r\u00e9pond aux exigences, le condensate est envoy\u00e9 au d\u00e9sa\u00e9rateur de la chaudi\u00e8re.<\/p>\n<p>L'unit\u00e9 de fusion du soufre est con\u00e7ue pour un taux de consommation de soufre correspondant \u00e0 une usine d'acide sulfurique de ***tonnes\/an.<\/p>\n<p>L'entrep\u00f4t de soufre est con\u00e7u et construit par le propri\u00e9taire.<br \/>\nLe r\u00e9servoir de stockage du soufre fondu est con\u00e7u avec une capacit\u00e9 de 400 tonnes.<\/p>\n<h4><strong><b>2. Section de la combustion et de la conversion du soufre<\/b><\/strong><\/h4>\n<p>Le soufre fondu est pressuris\u00e9 par une pompe au soufre raffin\u00e9e et pulv\u00e9ris\u00e9 dans le four de combustion du soufre \u00e0 travers un pistolet au soufre. L'air n\u00e9cessaire \u00e0 la combustion du soufre est filtr\u00e9 \u00e0 travers un filtre d'air, pressuris\u00e9 par un souffleur d'air, s\u00e9ch\u00e9 dans une tour de s\u00e9chage avec 98% d'acide sulfurique, puis aliment\u00e9 au four \u00e0 combustion du soufre. La teneur en humidit\u00e9 de l'air s\u00e9ch\u00e9 est \u2264 0,1 g\/Nm\u00b3.<\/p>\n<p>L'air s\u00e9ch\u00e9 se m\u00e9lange avec du soufre dans le four de combustion du soufre, g\u00e9n\u00e9rant du gaz du four contenant 10,0% d'SO \u2082.  Le gaz du four est refroidi dans une chaudi\u00e8re \u00e0 r\u00e9sidus \u00e0 tube de feu d'environ 970\u00b0C \u00e0 420\u00b0C avant d'entrer dans la premi\u00e8re \u00e9tape du convertisseur de gaz \u00e0 conversion. La temp\u00e9rature d'entr\u00e9e \u00e0 la premi\u00e8re \u00e9tape est r\u00e9gl\u00e9e \u00e0 l'aide de lignes de contournement \u00e0 haute temp\u00e9rature et d'\u00e9tanch\u00e9it\u00e9 \u00e0 l'air froid.<\/p>\n<p>Le gaz du four sortant de la chaudi\u00e8re \u00e0 r\u00e9sidus \u00e0 420\u00b0C p\u00e9n\u00e8tre dans la premi\u00e8re couche de catalyseur du convertisseur, o\u00f9 sa temp\u00e9rature monte \u00e0 environ 606\u00b0C apr\u00e8s la r\u00e9action. Le gaz p\u00e9n\u00e8tre ensuite dans le surchauffe \u00e0 haute temp\u00e9rature pour \u00e9changer de la chaleur, produisant de la vapeur surchauff\u00e9e pour l'usine principale. Le gaz est refroidi \u00e0 450\u00b0C et p\u00e9n\u00e8tre dans la deuxi\u00e8me couche de catalyseur pour une oxydation suppl\u00e9mentaire, portant la temp\u00e9rature \u00e0 environ 514\u00b0C. Il traverse ensuite des \u00e9changeurs de chaleur, refroidissant \u00e0 440\u00b0C, avant d'entrer dans la troisi\u00e8me couche de catalyseur pour oxydation. Apr\u00e8s la troisi\u00e8me couche, la temp\u00e9rature monte \u00e0 environ 457\u00b0C. Le gaz est refroidi par une s\u00e9rie d'\u00e9changeurs de chaleur et d'\u00e9conomiseurs \u00e0 environ 170\u00b0C et envoy\u00e9 \u00e0 la tour d'absorption interm\u00e9diaire. Ici, donc \u2083  est absorb\u00e9 \u00e0 l'aide d'acide sulfurique concentr\u00e9 \u00e0 98,5 %. Le gaz sort par un d\u00e9mister, est r\u00e9chauff\u00e9 dans les \u00e9changeurs de chaleur, puis p\u00e9n\u00e8tre dans la quatri\u00e8me couche de catalyseur \u00e0 420\u00b0C pour l'oxydation finale.<\/p>\n<p>Le gaz sortant de la quatri\u00e8me couche p\u00e9n\u00e8tre dans les surchauffeurs et \u00e9conomiseurs \u00e0 basse temp\u00e9rature pour r\u00e9cup\u00e9rer la chaleur, refroidissant \u00e0 environ 150\u00b0C avant d'entrer dans la deuxi\u00e8me tour d'absorption.  SO\u2083  est absorb\u00e9 \u00e0 l'aide d'acide sulfurique \u00e0 98 % et le gaz r\u00e9siduel est ventil\u00e9 \u00e0 travers la pile de gaz de queue.<\/p>\n<p>Le total SO \u2082  taux de conversion est \u226599,8%.<br \/>\nLe r\u00e9glage de la temp\u00e9rature pour chaque couche de catalyseur est r\u00e9alis\u00e9 \u00e0 l'aide de lignes de contournement et de vannes.<\/p>\n<p>Un syst\u00e8me de nettoyage alcalin de d\u00e9marrage est install\u00e9 apr\u00e8s la deuxi\u00e8me tour d'absorption pour \u00e9liminer l'SO non converti \u2082  du gaz de queue lors du d\u00e9marrage.<\/p>\n<p>L'\u00e9quipement d'\u00e9change de chaleur dans le processus de conversion est \u00e9quip\u00e9 de lignes de contournement n\u00e9cessaires pour le contr\u00f4le de la temp\u00e9rature.<\/p>\n<p>Pour le d\u00e9marrage et le chauffage, une m\u00e9thode r\u00e9g\u00e9n\u00e9rative est utilis\u00e9e. Un ventilateur de d\u00e9marrage et des lignes de chauffage sont install\u00e9s pour les premi\u00e8re et quatri\u00e8me \u00e9tapes du convertisseur. Une ligne de court-circuit est pr\u00e9vue pour le chauffage initial, permettant au syst\u00e8me de fonctionner en mode conversion unique-absorption unique, raccour\u00e7ant le temps de chauffage et r\u00e9duisant les co\u00fbts. Une fois que le chauffage est termin\u00e9 et que l'injection de soufre commence, la ligne de court-circuit est ferm\u00e9e et le syst\u00e8me passe en mode double-conversion-double-absorption.<\/p>\n<h4><strong><b>3. Section de s\u00e9chage et d'absorption<\/b><\/strong><\/h4>\n<p>Le syst\u00e8me de s\u00e9chage utilise 98% d'acide sulfurique pour le s\u00e9chage, et le syst\u00e8me d'absorption utilise 98% d'acide sulfurique pour l'absorption.<\/p>\n<p>La tour de s\u00e9chage, la premi\u00e8re tour d'absorption et la deuxi\u00e8me tour d'absorption sont des tours remplies.<br \/>\nLe r\u00e9servoir de circulation d'acide concentr\u00e9 est un r\u00e9servoir horizontal, servant \u00e0 la fois les syst\u00e8mes de s\u00e9chage et d'absorption.<\/p>\n<p>L'air humide passe \u00e0 travers un filtre \u00e0 air pour \u00e9liminer la poussi\u00e8re, p\u00e9n\u00e8tre dans la tour de s\u00e9chage et est s\u00e9ch\u00e9 par 98% d'acide sulfurique. L'acide absorbe l'humidit\u00e9 de l'air et se draine dans le r\u00e9servoir de circulation d'acide concentr\u00e9, o\u00f9 il est pomp\u00e9 de nouveau dans le syst\u00e8me apr\u00e8s des ajustements de concentration.<\/p>\n<p>SO\u2083  g\u00e9n\u00e9r\u00e9 lors de l'absorption combine avec 98% H \u2082SO\u2084  pour former 98 % H \u2082SO\u2084, qui d\u00e9borde dans le r\u00e9servoir de circulation.<\/p>\n<p>Le syst\u00e8me de circulation de refroidissement acide fonctionne comme: r\u00e9servoir \u2192 pump \u2192  refroidisseur acide \u2192  tour \u2192 tank.<\/p>\n<p>L'exc\u00e8s de 98% d'acide sulfurique devient le produit final, refroidi par le refroidisseur d'acide du produit, mesur\u00e9 par un d\u00e9bitm\u00e8tre \u00e9lectronique, et transf\u00e9r\u00e9 au r\u00e9servoir de stockage d'acide sulfurique ou au r\u00e9servoir de chargement dans la section du produit final.<\/p>\n<p>Le processus utilise une configuration de refroidisseur \u00e0 trois tours, \u00e0 deux r\u00e9servoirs, \u00e0 trois pompes et \u00e0 trois acides, ce qui simplifie le processus, r\u00e9duit les investissements et facilite les op\u00e9rations. dissous ainsi \u2082  dans le gaz de queue est minimal, et l'absorption \u00e0 haute temp\u00e9rature minimise encore plus SO \u2082  dans le produit acide.<\/p>\n<p>Les tuyaux pour acide concentr\u00e9 sont en acier inoxydable 304 avec protection anodique pour assurer un fonctionnement stable \u00e0 long terme. Les tuyaux de retour d'acide, d'acide de produit et de d\u00e9charge d'acide sont en fonte r\u00e9sistante \u00e0 l'acide.<\/p>\n<p>Un nettoyeur alcalin est install\u00e9 apr\u00e8s la deuxi\u00e8me tour d'absorption pour \u00e9liminer les traces de SO2 lors du d\u00e9marrage, assurant aucune pollution environnementale.<\/p>\n<h4><strong><b>4. Section du produit final<\/b><\/strong><\/h4>\n<p>L'acide sulfurique \u00e0 98 % du refroidisseur d'acide du produit est stock\u00e9 dans des r\u00e9servoirs de stockage d'acide sulfurique.<\/p>\n<p>L'acide m\u00e8re de d\u00e9marrage est aliment\u00e9 des r\u00e9servoirs de stockage d'acide sulfurique au r\u00e9servoir de circulation d'acide concentr\u00e9 par l'interm\u00e9diaire de la pompe d'alimentation en acide.<\/p>\n<p>Deux r\u00e9servoirs de stockage d &apos; acide sulfurique d &apos; une capacit\u00e9 de 1 000 tonnes chacun sont pr\u00e9vus.<\/p>\n<p>&nbsp;<\/p>","protected":false},"excerpt":{"rendered":"<p>La section de proc\u00e9d\u00e9 de la ligne de production d'acide sulfurique se compose des unit\u00e9s suivantes: section de fusion du soufre, section de combustion et de conversion du soufre, section de s\u00e9chage et d'absorption et section de produit final.<\/p>","protected":false},"featured_media":2045,"comment_status":"open","ping_status":"closed","template":"","meta":{"_acf_changed":false},"product_brand":[],"product_cat":[56],"product_tag":[],"class_list":{"0":"post-2040","1":"product","2":"type-product","3":"status-publish","4":"has-post-thumbnail","6":"product_cat-sulfuric-acid-production-line","8":"first","9":"instock","10":"shipping-taxable","11":"product-type-simple"},"acf":[],"_links":{"self":[{"href":"https:\/\/www.sopplant.com\/fr\/wp-json\/wp\/v2\/product\/2040","targetHints":{"allow":["GET"]}}],"collection":[{"href":"https:\/\/www.sopplant.com\/fr\/wp-json\/wp\/v2\/product"}],"about":[{"href":"https:\/\/www.sopplant.com\/fr\/wp-json\/wp\/v2\/types\/product"}],"replies":[{"embeddable":true,"href":"https:\/\/www.sopplant.com\/fr\/wp-json\/wp\/v2\/comments?post=2040"}],"wp:featuredmedia":[{"embeddable":true,"href":"https:\/\/www.sopplant.com\/fr\/wp-json\/wp\/v2\/media\/2045"}],"wp:attachment":[{"href":"https:\/\/www.sopplant.com\/fr\/wp-json\/wp\/v2\/media?parent=2040"}],"wp:term":[{"taxonomy":"product_brand","embeddable":true,"href":"https:\/\/www.sopplant.com\/fr\/wp-json\/wp\/v2\/product_brand?post=2040"},{"taxonomy":"product_cat","embeddable":true,"href":"https:\/\/www.sopplant.com\/fr\/wp-json\/wp\/v2\/product_cat?post=2040"},{"taxonomy":"product_tag","embeddable":true,"href":"https:\/\/www.sopplant.com\/fr\/wp-json\/wp\/v2\/product_tag?post=2040"}],"curies":[{"name":"wp","href":"https:\/\/api.w.org\/{rel}","templated":true}]}}