{"id":1500,"date":"2024-09-06T16:08:22","date_gmt":"2024-09-06T08:08:22","guid":{"rendered":"https:\/\/www.sopplant.com\/?post_type=product&#038;p=1500"},"modified":"2025-01-14T16:22:09","modified_gmt":"2025-01-14T08:22:09","slug":"frp-grp-pultrusion-machine","status":"publish","type":"product","link":"https:\/\/www.sopplant.com\/it\/product\/frp-grp-pultrusion-machine\/","title":{"rendered":"FRP \/ GRP Pultrusion macchina"},"content":{"rendered":"<p>La linea di produzione idraulica di pultrusione FRP \u00e8 controllata da PLC, ha un display LCD ed \u00e8 un'unit\u00e0 di produzione completa che integra la trazione idraulica a scambio e il taglio pneumatico a lunghezza fissa. L'unit\u00e0 complessiva \u00e8 costituita da un creel, serbatoio immersivo, tavolo dello stampo, trattore a scambio, sega da taglio, rack di supporto del prodotto, sistema di controllo, ecc. \u00c8 dotato di vari stampi e pu\u00f2 produrre profili con diverse dimensioni di sezione trasversale, come cavi di filo, aste rotonde, travi in I, angolo, tubi quadrati, tubi rotondi, pannelli cavi, ponti, staffe fotovoltaiche, telaio fotovoltaico, ecc.<\/p>\n<p><img fetchpriority=\"high\" decoding=\"async\" class=\"alignnone size-full wp-image-1941\" src=\"http:\/\/www.sopplant.com\/wp-content\/uploads\/2024\/09\/\u62c9\u6324\u8bbe\u5907_05.jpg\"  width=\"750\" height=\"406\" srcset=\"https:\/\/www.sopplant.com\/wp-content\/uploads\/2024\/09\/\u62c9\u6324\u8bbe\u5907_05.jpg 750w, https:\/\/www.sopplant.com\/wp-content\/uploads\/2024\/09\/\u62c9\u6324\u8bbe\u5907_05-300x162.jpg 300w, https:\/\/www.sopplant.com\/wp-content\/uploads\/2024\/09\/\u62c9\u6324\u8bbe\u5907_05-600x325.jpg 600w\" sizes=\"(max-width: 750px) 100vw, 750px\" title=\"Macchina di Pultrusione FRP\/GRP\" alt=\"Macchina di Pultrusione FRP\/GRP\" \/><\/p>\n<h4>Caratteristiche della macchina di pultrusione FRP<\/h4>\n<p>1. Il controllo della temperatura adotta strumenti ad alta precisione e doppio display<br \/>\n2. Visualizzazione digitale della velocit\u00e0 di trazione<br \/>\n3. Le tenute del cilindro idraulico sono importate e il sistema idraulico utilizza una pompa variabile a basso rumore e risparmio energetico.<br \/>\n4. Con allarme automatico per la temperatura dell'olio e i guasti del livello dell'olio.<br \/>\n5. Il dispositivo di trazione idraulica ha una variet\u00e0 di modalit\u00e0 di lavoro da scegliere, e la velocit\u00e0 di trazione pu\u00f2 essere regolata senza passaggi.<br \/>\n6. Utilizzando l'ingranaggio e il rack per il taglio trasversale, la pressatura pneumatica, il tracciamento pneumatico e la lama di taglio \u00e8 la lama senza denti.<\/p>\n<h4>Parametri tecnici principali della macchina di pultrusione FRP<\/h4>\n<p>Potenza totale dell'unit\u00e0: 380v \/ 50hz 25kw (compreso il riscaldamento dello stampo)<br \/>\nDimensioni complessive: 26m (lunghezza) \u00d7 2m (larghezza) \u00d7 2m<\/p>\n<table style=\"height: 100px; width: 100%;\" border=\"1\" cellspacing=\"1\" cellpadding=\"1\">\n<tbody>\n<tr style=\"height: 48px;\">\n<td style=\"width: 29.7134%; height: 48px; text-align: center;\">Articoli \/ Tipo<\/td>\n<td style=\"width: 18.4012%; height: 48px; text-align: center;\">\n<div>ZLRCYZ<\/div>\n<div>-3<\/div>\n<\/td>\n<td style=\"width: 10.1056%; height: 48px; text-align: center;\">ZLRCYZ<br \/>\n-6<\/td>\n<td style=\"width: 10.1056%; height: 48px; text-align: center;\">ZLRCYZ<br \/>\n-10<\/td>\n<td style=\"width: 10.1056%; height: 48px; text-align: center;\">ZLRCYZ<br \/>\n-12<\/td>\n<td style=\"width: 10.1056%; height: 48px; text-align: center;\">ZLRCYZ<br \/>\n-15<\/td>\n<td style=\"width: 112.217%; height: 48px; text-align: center;\">ZLRCYZ<br \/>\n-25<\/td>\n<\/tr>\n<tr style=\"height: 24px;\">\n<td style=\"width: 29.7134%; height: 24px; text-align: center;\">Forza di tiraggio (tonnellate)<\/td>\n<td style=\"width: 18.4012%; height: 24px; text-align: center;\">3<\/td>\n<td style=\"width: 10.1056%; height: 24px; text-align: center;\">6<\/td>\n<td style=\"width: 10.1056%; height: 24px; text-align: center;\">10<\/td>\n<td style=\"width: 10.1056%; height: 24px; text-align: center;\">12<\/td>\n<td style=\"width: 10.1056%; height: 24px; text-align: center;\">15<\/td>\n<td style=\"width: 112.217%; height: 24px; text-align: center;\">25<\/td>\n<\/tr>\n<tr style=\"height: 24px;\">\n<td style=\"width: 29.7134%; height: 24px; text-align: center;\">Forza di serratura (tonnellate)<\/td>\n<td style=\"width: 18.4012%; height: 24px; text-align: center;\">manuale<\/td>\n<td style=\"width: 10.1056%; height: 24px; text-align: center;\">6<\/td>\n<td style=\"width: 10.1056%; height: 24px; text-align: center;\">10<\/td>\n<td style=\"width: 10.1056%; height: 24px; text-align: center;\">12<\/td>\n<td style=\"width: 10.1056%; height: 24px; text-align: center;\">15<\/td>\n<td style=\"width: 112.217%; height: 24px; text-align: center;\">25<\/td>\n<\/tr>\n<tr style=\"height: 24px;\">\n<td style=\"width: 29.7134%; height: 24px; text-align: center;\">Velocit\u00e0 di tiraggio (m\/min)<\/td>\n<td style=\"width: 18.4012%; height: 24px; text-align: center;\">0.1-1.4<\/td>\n<td style=\"width: 10.1056%; height: 24px; text-align: center;\">0.1-1.5<\/td>\n<td style=\"width: 10.1056%; height: 24px; text-align: center;\">0.1-1.5<\/td>\n<td style=\"width: 10.1056%; height: 24px; text-align: center;\">0.1-1.5<\/td>\n<td style=\"width: 10.1056%; height: 24px; text-align: center;\">0.1-1.5<\/td>\n<td style=\"width: 112.217%; height: 24px; text-align: center;\">0.1-1.2<\/td>\n<\/tr>\n<tr style=\"height: 24px;\">\n<td style=\"width: 29.7134%; height: 24px; text-align: center;\">Busta (W * H) m<\/td>\n<td style=\"width: 18.4012%; height: 24px; text-align: center;\">0.25*0.07<\/td>\n<td style=\"width: 10.1056%; height: 24px; text-align: center;\">0.6*0.15<\/td>\n<td style=\"width: 10.1056%; height: 24px; text-align: center;\">0.6*0.25<\/td>\n<td style=\"width: 10.1056%; height: 24px; text-align: center;\">0.7*0.3<\/td>\n<td style=\"width: 10.1056%; height: 24px; text-align: center;\">0.8*0.35<\/td>\n<td style=\"width: 112.217%; height: 24px; text-align: center;\">1.0*0.5<\/td>\n<\/tr>\n<tr style=\"height: 24px;\">\n<td style=\"width: 29.7134%; height: 24px; text-align: center;\">Capacit\u00e0 del motore (KW)<\/td>\n<td style=\"width: 18.4012%; height: 24px; text-align: center;\">2.2<\/td>\n<td style=\"width: 10.1056%; height: 24px; text-align: center;\">2.3<\/td>\n<td style=\"width: 10.1056%; height: 24px; text-align: center;\">2.4<\/td>\n<td style=\"width: 10.1056%; height: 24px; text-align: center;\">2.55<\/td>\n<td style=\"width: 10.1056%; height: 24px; text-align: center;\">2.75<\/td>\n<td style=\"width: 112.217%; height: 24px; text-align: center;\">2.75<\/td>\n<\/tr>\n<tr style=\"height: 24px;\">\n<td style=\"width: 29.7134%; height: 24px; text-align: center;\">Capacit\u00e0 di riscaldamento (KW)<\/td>\n<td style=\"width: 18.4012%; height: 24px; text-align: center;\">9.6<\/td>\n<td style=\"width: 10.1056%; height: 24px; text-align: center;\">9.6<\/td>\n<td style=\"width: 10.1056%; height: 24px; text-align: center;\">9.6<\/td>\n<td style=\"width: 10.1056%; height: 24px; text-align: center;\">12<\/td>\n<td style=\"width: 10.1056%; height: 24px; text-align: center;\">14.4<\/td>\n<td style=\"width: 112.217%; height: 24px; text-align: center;\">18<\/td>\n<\/tr>\n<tr style=\"height: 24px;\">\n<td style=\"width: 29.7134%; height: 24px; text-align: center;\">Dimensione della scheda di riscaldamento (L * W) m<\/td>\n<td style=\"width: 18.4012%; height: 24px; text-align: center;\">0.85*0.4<\/td>\n<td style=\"width: 10.1056%; height: 24px; text-align: center;\">0.85*0.6<\/td>\n<td style=\"width: 10.1056%; height: 24px; text-align: center;\">0.85*0.6<\/td>\n<td style=\"width: 10.1056%; height: 24px; text-align: center;\">0.85*0.6<\/td>\n<td style=\"width: 10.1056%; height: 24px; text-align: center;\">0.85*0.7<\/td>\n<td style=\"width: 112.217%; height: 24px; text-align: center;\">0.9*0.8<\/td>\n<\/tr>\n<tr style=\"height: 24px;\">\n<td style=\"width: 29.7134%; height: 24px; text-align: center;\">Dimensioni (L * W) m<\/td>\n<td style=\"width: 18.4012%; height: 24px; text-align: center;\">6.2*1.2<\/td>\n<td style=\"width: 10.1056%; height: 24px; text-align: center;\">8.3*0.85<\/td>\n<td style=\"width: 10.1056%; height: 24px; text-align: center;\">8.4*0.9<\/td>\n<td style=\"width: 10.1056%; height: 24px; text-align: center;\">10*1.0<\/td>\n<td style=\"width: 10.1056%; height: 24px; text-align: center;\">11*1.1<\/td>\n<td style=\"width: 112.217%; height: 24px; text-align: center;\">11*1.3<\/td>\n<\/tr>\n<tr style=\"height: 24px;\">\n<td style=\"width: 29.7134%; height: 24px; text-align: center;\">Peso totale (tonnellate)<\/td>\n<td style=\"width: 18.4012%; height: 24px; text-align: center;\">1.2<\/td>\n<td style=\"width: 10.1056%; height: 24px; text-align: center;\">3<\/td>\n<td style=\"width: 10.1056%; height: 24px; text-align: center;\">3.5<\/td>\n<td style=\"width: 10.1056%; height: 24px; text-align: center;\">4<\/td>\n<td style=\"width: 10.1056%; height: 24px; text-align: center;\">4.5<\/td>\n<td style=\"width: 112.217%; height: 24px; text-align: center;\">6<\/td>\n<\/tr>\n<tr style=\"height: 24px;\">\n<td style=\"width: 29.7134%; height: 24px; text-align: center;\">Tipo di trasmissione<\/td>\n<td style=\"width: 18.4012%; height: 24px; text-align: center;\">Mechnic ai drive<\/td>\n<td style=\"width: 152.639%; height: 24px; text-align: center;\" colspan=\"5\" rowspan=\"1\">idraulico<\/td>\n<\/tr>\n<\/tbody>\n<\/table>\n<p><img decoding=\"async\" class=\"alignnone size-full wp-image-1942\" src=\"http:\/\/www.sopplant.com\/wp-content\/uploads\/2024\/09\/\u62c9\u6324\u8bbe\u5907_07.jpg\"  width=\"750\" height=\"1661\" srcset=\"https:\/\/www.sopplant.com\/wp-content\/uploads\/2024\/09\/\u62c9\u6324\u8bbe\u5907_07.jpg 750w, https:\/\/www.sopplant.com\/wp-content\/uploads\/2024\/09\/\u62c9\u6324\u8bbe\u5907_07-135x300.jpg 135w, https:\/\/www.sopplant.com\/wp-content\/uploads\/2024\/09\/\u62c9\u6324\u8bbe\u5907_07-462x1024.jpg 462w, https:\/\/www.sopplant.com\/wp-content\/uploads\/2024\/09\/\u62c9\u6324\u8bbe\u5907_07-694x1536.jpg 694w, https:\/\/www.sopplant.com\/wp-content\/uploads\/2024\/09\/\u62c9\u6324\u8bbe\u5907_07-600x1329.jpg 600w\" sizes=\"(max-width: 750px) 100vw, 750px\" title=\"Macchina di Pultrusione FRP\/GRP Illustrazione 1\" alt=\"Macchina di Pultrusione FRP\/GRP Illustrazione 1\" \/><\/p>\n<p><img decoding=\"async\" class=\"alignnone size-full wp-image-1943\" src=\"http:\/\/www.sopplant.com\/wp-content\/uploads\/2024\/09\/\u62c9\u6324\u8bbe\u5907_08.jpg\"  width=\"750\" height=\"1261\" srcset=\"https:\/\/www.sopplant.com\/wp-content\/uploads\/2024\/09\/\u62c9\u6324\u8bbe\u5907_08.jpg 750w, https:\/\/www.sopplant.com\/wp-content\/uploads\/2024\/09\/\u62c9\u6324\u8bbe\u5907_08-178x300.jpg 178w, https:\/\/www.sopplant.com\/wp-content\/uploads\/2024\/09\/\u62c9\u6324\u8bbe\u5907_08-609x1024.jpg 609w, https:\/\/www.sopplant.com\/wp-content\/uploads\/2024\/09\/\u62c9\u6324\u8bbe\u5907_08-600x1009.jpg 600w\" sizes=\"(max-width: 750px) 100vw, 750px\" title=\"FRP\/GRP Pultrusion Machine Illustrazione 2\" alt=\"FRP\/GRP Pultrusion Machine Illustrazione 2\" \/><\/p>\n<p>Pultrusion prodotto finito<\/p>\n<p><img loading=\"lazy\" decoding=\"async\" class=\"alignnone size-full wp-image-1944\" src=\"http:\/\/www.sopplant.com\/wp-content\/uploads\/2024\/09\/\u62c9\u6324\u8bbe\u5907_09.jpg\"  width=\"750\" height=\"1208\" srcset=\"https:\/\/www.sopplant.com\/wp-content\/uploads\/2024\/09\/\u62c9\u6324\u8bbe\u5907_09.jpg 750w, https:\/\/www.sopplant.com\/wp-content\/uploads\/2024\/09\/\u62c9\u6324\u8bbe\u5907_09-186x300.jpg 186w, https:\/\/www.sopplant.com\/wp-content\/uploads\/2024\/09\/\u62c9\u6324\u8bbe\u5907_09-636x1024.jpg 636w, https:\/\/www.sopplant.com\/wp-content\/uploads\/2024\/09\/\u62c9\u6324\u8bbe\u5907_09-600x966.jpg 600w\" sizes=\"(max-width: 750px) 100vw, 750px\" title=\"Macchina di Pultrusione FRP\/GRP Illustrazione 3\" alt=\"Macchina di Pultrusione FRP\/GRP Illustrazione 3\" \/><\/p>","protected":false},"excerpt":{"rendered":"<p>FRP Pultrusion Production Line nel caso di garantire la resistenza alla trazione, questo processo potrebbe aumentare la resistenza alla piegatura e la rigidit\u00e0 per migliorare l'intera resistenza. \u00c8 anche buono aumentare il rapporto lunghezza \/ diametro e diminuire il peso. L'angolo di avvolgimento potrebbe essere regolato come client&#8217; esigenza di ottimizzare.<\/p>","protected":false},"featured_media":1507,"comment_status":"open","ping_status":"closed","template":"","meta":{"_acf_changed":false},"product_brand":[],"product_cat":[51,53],"product_tag":[],"class_list":{"0":"post-1500","1":"product","2":"type-product","3":"status-publish","4":"has-post-thumbnail","6":"product_cat-frp-grp-product-machine","7":"product_cat-frp-grp-pultrusion-machine","9":"first","10":"instock","11":"shipping-taxable","12":"product-type-simple"},"acf":[],"_links":{"self":[{"href":"https:\/\/www.sopplant.com\/it\/wp-json\/wp\/v2\/product\/1500","targetHints":{"allow":["GET"]}}],"collection":[{"href":"https:\/\/www.sopplant.com\/it\/wp-json\/wp\/v2\/product"}],"about":[{"href":"https:\/\/www.sopplant.com\/it\/wp-json\/wp\/v2\/types\/product"}],"replies":[{"embeddable":true,"href":"https:\/\/www.sopplant.com\/it\/wp-json\/wp\/v2\/comments?post=1500"}],"wp:featuredmedia":[{"embeddable":true,"href":"https:\/\/www.sopplant.com\/it\/wp-json\/wp\/v2\/media\/1507"}],"wp:attachment":[{"href":"https:\/\/www.sopplant.com\/it\/wp-json\/wp\/v2\/media?parent=1500"}],"wp:term":[{"taxonomy":"product_brand","embeddable":true,"href":"https:\/\/www.sopplant.com\/it\/wp-json\/wp\/v2\/product_brand?post=1500"},{"taxonomy":"product_cat","embeddable":true,"href":"https:\/\/www.sopplant.com\/it\/wp-json\/wp\/v2\/product_cat?post=1500"},{"taxonomy":"product_tag","embeddable":true,"href":"https:\/\/www.sopplant.com\/it\/wp-json\/wp\/v2\/product_tag?post=1500"}],"curies":[{"name":"wp","href":"https:\/\/api.w.org\/{rel}","templated":true}]}}