{"id":1350,"date":"2024-09-03T16:00:47","date_gmt":"2024-09-03T08:00:47","guid":{"rendered":"https:\/\/www.sopplant.com\/?post_type=product&#038;p=1350"},"modified":"2025-01-22T17:53:06","modified_gmt":"2025-01-22T09:53:06","slug":"fw-300-twin-shaft-computer-control-cable-casing-production-line","status":"publish","type":"product","link":"https:\/\/www.sopplant.com\/pt\/product\/fw-300-twin-shaft-computer-control-cable-casing-production-line\/","title":{"rendered":"FW-300 FRP Pipe Filament Winding Machine"},"content":{"rendered":"<p>A m\u00e1quina de ventila\u00e7\u00e3o de filamentos de tubos FW-300 FRP \u00e9 composta por m\u00e1quina de fabrica\u00e7\u00e3o de linha, m\u00e1quina de ventila\u00e7\u00e3o, m\u00e1quina de cura, m\u00e1quina de desmontagem. O centro de controle \u00e9 o computador industrial avan\u00e7ado feito em Taiwan por computador, uma vez que o par\u00e2metro dos produtos de enchimento \u00e9 introduzido, o design linear do produto pode ser terminado automaticamente, ent\u00e3o controla os movimentos combinados entre a velocidade de rolamento do monte e o funcionamento do carro. - Coloque o cordeiro imerso pela resina na linha. Tem as vantagens de um coeficiente ligeiro, resistente \u00e0 corros\u00e3o, de baixa rugosidade e baixo custo total do projeto. Pode ser usado em caixas de cabo, petroqu\u00edmicos e outros campos. A estrutura razo\u00e1vel, design de moda, funcionamento conveniente, alta automatiza\u00e7\u00e3o, interface razo\u00e1vel homem-m\u00e1quina s\u00e3o apreciadas pelos clientes.<\/p>\n<p><strong>1. Par\u00e2metro principal<\/strong><br \/>\n1.1 Capacidade total: 70 kw<br \/>\n1.2 A dist\u00e2ncia do di\u00e2metro pode ser produzida de 50 a 300 mm<br \/>\n1.3 O comprimento do tubo: 6000 mm<br \/>\n1,4 \u00e2ngulo de vento: 45\u00b0~90\u00b0<br \/>\n1.5 Precisi\u00e3o do arranjo de montagem<br \/>\n1.6 For\u00e7a de desmoldamento estimada de 40T<br \/>\n1.7 For\u00e7a de desenho do capt\u00e3o<br \/>\n1.8 Press\u00e3o de trabalho estimada do sistema hidr\u00e1ulico: 16MPa<br \/>\n1.9 A altura do centro da m\u00e1quina de desmoldamento de 800mm<br \/>\n1.10 A gama de di\u00e2metro pode ser ferida: DN600~ DN150000mm<br \/>\n1.11 O comprimento m\u00e1ximo: 12000 m<br \/>\n1.12 O \u00e2ngulo de vento: 45\u00b0&lt; \u03b1&lt; 90\u00b0<\/p>\n<p><img fetchpriority=\"high\" decoding=\"async\" class=\"alignnone wp-image-2013\" src=\"http:\/\/www.sopplant.com\/wp-content\/uploads\/2024\/09\/FW-300-frp-pipe-production-line-1.jpg\"  width=\"1020\" height=\"574\" srcset=\"https:\/\/www.sopplant.com\/wp-content\/uploads\/2024\/09\/FW-300-frp-pipe-production-line-1.jpg 1820w, https:\/\/www.sopplant.com\/wp-content\/uploads\/2024\/09\/FW-300-frp-pipe-production-line-1-300x169.jpg 300w, https:\/\/www.sopplant.com\/wp-content\/uploads\/2024\/09\/FW-300-frp-pipe-production-line-1-1024x576.jpg 1024w, https:\/\/www.sopplant.com\/wp-content\/uploads\/2024\/09\/FW-300-frp-pipe-production-line-1-768x432.jpg 768w, https:\/\/www.sopplant.com\/wp-content\/uploads\/2024\/09\/FW-300-frp-pipe-production-line-1-1536x864.jpg 1536w, https:\/\/www.sopplant.com\/wp-content\/uploads\/2024\/09\/FW-300-frp-pipe-production-line-1-600x338.jpg 600w\" sizes=\"(max-width: 1020px) 100vw, 1020px\" title=\"FW-300 FRP Pipe Filament Winding Machine \u63d2\u56fe\" alt=\"FW-300 FRP Pipe Filament Winding Machine \u63d2\u56fe\" \/><\/p>\n<p><img decoding=\"async\" class=\"alignnone wp-image-2014\" src=\"http:\/\/www.sopplant.com\/wp-content\/uploads\/2024\/09\/FW-300-frp-pipe-production-line-2.jpg\"  width=\"1020\" height=\"573\" srcset=\"https:\/\/www.sopplant.com\/wp-content\/uploads\/2024\/09\/FW-300-frp-pipe-production-line-2.jpg 2275w, https:\/\/www.sopplant.com\/wp-content\/uploads\/2024\/09\/FW-300-frp-pipe-production-line-2-300x169.jpg 300w, https:\/\/www.sopplant.com\/wp-content\/uploads\/2024\/09\/FW-300-frp-pipe-production-line-2-1024x576.jpg 1024w, https:\/\/www.sopplant.com\/wp-content\/uploads\/2024\/09\/FW-300-frp-pipe-production-line-2-768x432.jpg 768w, https:\/\/www.sopplant.com\/wp-content\/uploads\/2024\/09\/FW-300-frp-pipe-production-line-2-1536x864.jpg 1536w, https:\/\/www.sopplant.com\/wp-content\/uploads\/2024\/09\/FW-300-frp-pipe-production-line-2-2048x1151.jpg 2048w, https:\/\/www.sopplant.com\/wp-content\/uploads\/2024\/09\/FW-300-frp-pipe-production-line-2-600x337.jpg 600w\" sizes=\"(max-width: 1020px) 100vw, 1020px\" title=\"FW-300 FRP Pipe Filament Winding Machine \u63d2\u56fe1\" alt=\"FW-300 FRP Pipe Filament Winding Machine \u63d2\u56fe1\" \/><\/p>\n<p><img decoding=\"async\" class=\"alignnone wp-image-2015\" src=\"http:\/\/www.sopplant.com\/wp-content\/uploads\/2024\/09\/\u5fae\u4fe1\u56fe\u7247_20250118142421.jpg\"  width=\"1020\" height=\"765\" srcset=\"https:\/\/www.sopplant.com\/wp-content\/uploads\/2024\/09\/\u5fae\u4fe1\u56fe\u7247_20250118142421.jpg 1702w, https:\/\/www.sopplant.com\/wp-content\/uploads\/2024\/09\/\u5fae\u4fe1\u56fe\u7247_20250118142421-300x225.jpg 300w, https:\/\/www.sopplant.com\/wp-content\/uploads\/2024\/09\/\u5fae\u4fe1\u56fe\u7247_20250118142421-1024x768.jpg 1024w, https:\/\/www.sopplant.com\/wp-content\/uploads\/2024\/09\/\u5fae\u4fe1\u56fe\u7247_20250118142421-768x576.jpg 768w, https:\/\/www.sopplant.com\/wp-content\/uploads\/2024\/09\/\u5fae\u4fe1\u56fe\u7247_20250118142421-1536x1152.jpg 1536w, https:\/\/www.sopplant.com\/wp-content\/uploads\/2024\/09\/\u5fae\u4fe1\u56fe\u7247_20250118142421-600x450.jpg 600w\" sizes=\"(max-width: 1020px) 100vw, 1020px\" title=\"FW-300 FRP Pipe Filament Winding Machine \u63d2\u56fe2\" alt=\"FW-300 FRP Pipe Filament Winding Machine \u63d2\u56fe2\" \/><\/p>\n<p><strong>2. Os componentes da m\u00e1quina de vento de filamentos de tubos FRP FW-300<\/strong><br \/>\n2.1 M\u00e1quina de ventila\u00e7\u00e3o de controle de computadora, sua quantidade \u00e9 um conjunto<br \/>\nSeus componentes s\u00e3o os seguintes:<br \/>\n2.1.1 corpo de cama (seu comprimento \u00e9 de 18m) um conjunto<br \/>\n2.1.2 Chefe de transmiss\u00e3o um conjunto<br \/>\n2.1.3 Cabe\u00e7a de tr\u00e2nsito um conjunto<br \/>\n2.1.4 Final um conjunto<br \/>\n2.1.5 Tralho de vento e sistema de transmiss\u00e3o dois conjuntos<br \/>\n2.1.6 Tronco de resina em forma de combina\u00e7\u00e3o com dispositivo de controle dois conjuntos<br \/>\n2.1.7 Quadro de rota\u00e7\u00e3o com sistema de controle de tens\u00e3o dois conjuntos<br \/>\n2.1.8 Computador e caixa principal de controle um conjunto<br \/>\n2.1.9 Sistema de tempo de convers\u00e3o de frequ\u00eancia AC (incluir motor servo)<br \/>\n2.1.10 Cabe\u00e7a adicionante areia dois conjuntos<br \/>\n2.2 Esta\u00e7\u00e3o de cura (para curar 8 pe\u00e7as de produtos), sua quantidade \u00e9 um conjunto<br \/>\nSeus componentes s\u00e3o os seguintes:<br \/>\n2.2.1 Sistema de transmiss\u00e3o um conjunto<br \/>\n2.2.2 O sistema de suporte de frente e de tr\u00e1s um conjunto<br \/>\n2.2.3 Dispositivo de aquecimento de raios infravermelhos (48KW) um conjunto<br \/>\n2.3 M\u00e1quina de repara\u00e7\u00e3o, sua quantidade \u00e9 um conjunto<br \/>\nSeus componentes s\u00e3o os seguintes:<br \/>\n2.3.1 Chefe de Transmiss\u00e3o um conjunto<br \/>\n2.3.2 Final um conjunto<br \/>\n2.3.3 Grinding head one set<br \/>\n2.3.4 Caixa de controle el\u00e9trico um conjunto<br \/>\n2.3.5 Um conjunto de pulverizadores de pulveriza\u00e7\u00e3o de \u00e1gua<br \/>\n2.4 M\u00e1quina de descarga de moldes, sua quantidade \u00e9 um conjunto<br \/>\nSeus componentes s\u00e3o os seguintes:<br \/>\n2.4.1 Gantry uma pe\u00e7a<br \/>\n2.4.2 M\u00e1quina de tra\u00e7\u00e3o uma pe\u00e7a<br \/>\n2.4.3 Caixa de controle el\u00e9tricocom piece<br \/>\n2.4.5 Apoio a nossas pe\u00e7as<\/p>\n<p><strong>3. Anexos da m\u00e1quina principal<\/strong><br \/>\n3.1 O motor el\u00e9trico para o ch\u00e3o principal \u00e9 o motor el\u00e9trico geral que foi fabricado na China,<br \/>\n3.2 Transporte de vento: motor servo, codificador e condutor servo s\u00e3o produtos originais de Siemens.<br \/>\n3.3 O computador \u00e9 feito em Taiwan, o software \u00e9 desenvolvido pela KNT Company, o redutor \u00e9 feito na f\u00e1brica can\u00f4nica dom\u00e9stica, todos os elementos el\u00e9tricos s\u00e3o excelentes produtos feitos na china.<\/p>\n<p><strong>4.Caracter\u00edsticas principais do equipamento<\/strong><br \/>\n4.1 A m\u00e1quina \u00fanica para a linha de produ\u00e7\u00e3o de cabo de controle de computador de FW-300 em dois bra\u00e7os ser\u00e1 posicionada de acordo com o modo de arranjo da linha de produ\u00e7\u00e3o de tubos FRP, incluindo m\u00e1quina de ventila\u00e7\u00e3o, esta\u00e7\u00e3o de cura, m\u00e1quina de repara\u00e7\u00e3o, m\u00e1quina de descarga de moldes.<br \/>\n4.2 A m\u00e1quina de ventila\u00e7\u00e3o \u00e9 o cora\u00e7\u00e3o de todo o conjunto; Sua propriedade e qualidade determinar\u00e3o o lucro obtido pelo investidor. Suas principais caracter\u00edsticas s\u00e3o:<br \/>\nA. O menu \u00e9 mostrado em chin\u00eas, a interface entre a pessoa e a m\u00e1quina \u00e9 razo\u00e1vel, \u00e9 conveniente operar, e a condi\u00e7\u00e3o de trabalho pode ser ajustada livremente atrav\u00e9s do bot\u00e3o do painel de opera\u00e7\u00e3o.<br \/>\nB. \u00c9 adotado software de ventila\u00e7\u00e3o da \u00faltima vers\u00e3o desenvolvido por n\u00f3s mesmos, o arranjo de roving \u00e9 regular, o encerramento \u00e9 completo, a posi\u00e7\u00e3o do carrinho \u00e9 precisa, o resultado da ferida deve ser rombos regulares verificados por um peda\u00e7o de roving,. O par\u00e2metro como a largura da folha de rodagem, o comprimento de rodagem e o di\u00e2metro de rodagem n\u00e3o est\u00e3o todos limitados no software.<br \/>\nC. As fun\u00e7\u00f5es do sistema de controle incluem controle manual, semi-autom\u00e1tico, autom\u00e1tico, freio de emerg\u00eancia, prote\u00e7\u00e3o do interruptor limite e regula\u00e7\u00e3o de velocidade sem passos. N\u00e3o deveria afetar a linearidade quando a fun\u00e7\u00e3o da regula\u00e7\u00e3o de velocidade sem passos tem sido iniciada.<br \/>\nD. Existem quatro rodas de guia que se localizam ao redor do carro, permitem evitar o vagueio do corpo do carro durante a corrida, e garantir que o carro \u00e9 uniforme e constante.<br \/>\n4.3 O poder de funcionamento da m\u00e1quina de ventila\u00e7\u00e3o est\u00e1 posicionado em um lado do corpo da m\u00e1quina. O motor conduz um redutor, e arrasta o carro para correr para frente atrav\u00e9s das cadeias. A estrutura de ajuste da cadeia solta ou r\u00e1pida foi estabelecida no final da cauda do corpo da cama.<br \/>\n4.4 A m\u00e1quina de cura de v\u00e1rios tamanhos \u00e9 adotada uma placa de fornecimento de raios infravermelhos de poupan\u00e7a de energia, posicionada na dire\u00e7\u00e3o longitudinal paralela \u00e0 molda. Eles podem fazer o tubo aquecer constantemente durante a cura, se a temperatura do interior for acima de 20\u00b0 no inverno, a placa de fornecimento pode ser desligada para economizar energia e pode diminuir custo, a placa de fornecimento pode ser dividida em dois grupos, pode usar apenas um grupo quando ventar o tubo curto.<br \/>\n4.5 A m\u00e1quina de repara\u00e7\u00e3o \u00e9 instalada com um dispositivo de pulveriza\u00e7\u00e3o de \u00e1gua, pode reduzir a polui\u00e7\u00e3o no ar, para prolongar a vida do molhador.<br \/>\n4.6 O centro de resist\u00eancia entre o tubo e a molda coincide com o centro de for\u00e7a do recipiente hidr\u00e1ulico de descarga da molda na m\u00e1quina de descarga da molda, e eles est\u00e3o fixados. O carro de suporte da forma e o carro de suporte do tubo s\u00e3o adotados estruturas de forklift, ent\u00e3o \u00e9 conveniente fazer o eixo da forma coincidir com o centro da m\u00e1quina de descarga da forma. A grande gama de suporte (dentro da gama de suporte) \u00e9 aplic\u00e1vel \u00e0s formas com diferentes di\u00e2metros.<br \/>\nDurante a descarga de moldes, a for\u00e7a de descarga de moldes \u00e9 grande no in\u00edcio, a for\u00e7a fornecida por recipiente hidr\u00e1ulico; Quando a molda tirada do tubo a alguma dist\u00e2ncia, a for\u00e7a de descarga da molda se torna pequena, neste momento, o motor capst\u00e1n foi colocado para melhorar a velocidade de descarga da molda.<\/p>\n<p><strong>5. Produto Terminado<\/strong><\/p>\n<p><img loading=\"lazy\" decoding=\"async\" class=\"alignnone wp-image-2016\" src=\"http:\/\/www.sopplant.com\/wp-content\/uploads\/2024\/09\/DSC05123-scaled.jpg\"  width=\"1020\" height=\"678\" srcset=\"https:\/\/www.sopplant.com\/wp-content\/uploads\/2024\/09\/DSC05123-scaled.jpg 2560w, https:\/\/www.sopplant.com\/wp-content\/uploads\/2024\/09\/DSC05123-300x199.jpg 300w, https:\/\/www.sopplant.com\/wp-content\/uploads\/2024\/09\/DSC05123-1024x681.jpg 1024w, https:\/\/www.sopplant.com\/wp-content\/uploads\/2024\/09\/DSC05123-768x511.jpg 768w, https:\/\/www.sopplant.com\/wp-content\/uploads\/2024\/09\/DSC05123-1536x1021.jpg 1536w, https:\/\/www.sopplant.com\/wp-content\/uploads\/2024\/09\/DSC05123-2048x1362.jpg 2048w, https:\/\/www.sopplant.com\/wp-content\/uploads\/2024\/09\/DSC05123-600x399.jpg 600w\" sizes=\"(max-width: 1020px) 100vw, 1020px\" title=\"FW-300 FRP Pipe Filament Winding Machine \u63d2\u56fe3\" alt=\"FW-300 FRP Pipe Filament Winding Machine \u63d2\u56fe3\" \/><\/p>","protected":false},"excerpt":{"rendered":"<p>A m\u00e1quina de ventila\u00e7\u00e3o de filamentos de tubos FW-300 FRP \u00e9 composta por m\u00e1quina de fabrica\u00e7\u00e3o de linha, m\u00e1quina de ventila\u00e7\u00e3o, m\u00e1quina de cura, m\u00e1quina de desmontagem. O centro de controle \u00e9 o computador industrial avan\u00e7ado feito em Taiwan por computador, uma vez que o par\u00e2metro dos produtos de enchimento \u00e9 introduzido, o design linear do produto pode ser terminado automaticamente, ent\u00e3o controla os movimentos combinados entre a velocidade de rolamento do monte e o funcionamento do carro. - Coloque o cordeiro imerso pela resina na linha.<\/p>","protected":false},"featured_media":1354,"comment_status":"open","ping_status":"closed","template":"","meta":{"_acf_changed":false},"product_brand":[],"product_cat":[15],"product_tag":[],"class_list":{"0":"post-1350","1":"product","2":"type-product","3":"status-publish","4":"has-post-thumbnail","6":"product_cat-computer-control-filament-winding-machine","8":"first","9":"instock","10":"shipping-taxable","11":"product-type-simple"},"acf":[],"_links":{"self":[{"href":"https:\/\/www.sopplant.com\/pt\/wp-json\/wp\/v2\/product\/1350","targetHints":{"allow":["GET"]}}],"collection":[{"href":"https:\/\/www.sopplant.com\/pt\/wp-json\/wp\/v2\/product"}],"about":[{"href":"https:\/\/www.sopplant.com\/pt\/wp-json\/wp\/v2\/types\/product"}],"replies":[{"embeddable":true,"href":"https:\/\/www.sopplant.com\/pt\/wp-json\/wp\/v2\/comments?post=1350"}],"wp:featuredmedia":[{"embeddable":true,"href":"https:\/\/www.sopplant.com\/pt\/wp-json\/wp\/v2\/media\/1354"}],"wp:attachment":[{"href":"https:\/\/www.sopplant.com\/pt\/wp-json\/wp\/v2\/media?parent=1350"}],"wp:term":[{"taxonomy":"product_brand","embeddable":true,"href":"https:\/\/www.sopplant.com\/pt\/wp-json\/wp\/v2\/product_brand?post=1350"},{"taxonomy":"product_cat","embeddable":true,"href":"https:\/\/www.sopplant.com\/pt\/wp-json\/wp\/v2\/product_cat?post=1350"},{"taxonomy":"product_tag","embeddable":true,"href":"https:\/\/www.sopplant.com\/pt\/wp-json\/wp\/v2\/product_tag?post=1350"}],"curies":[{"name":"wp","href":"https:\/\/api.w.org\/{rel}","templated":true}]}}