{"id":1365,"date":"2024-09-05T14:54:42","date_gmt":"2024-09-05T06:54:42","guid":{"rendered":"https:\/\/www.sopplant.com\/?post_type=product&#038;p=1365"},"modified":"2025-01-24T15:42:15","modified_gmt":"2025-01-24T07:42:15","slug":"mc-2500-frp-mandrels-processing-lathe","status":"publish","type":"product","link":"https:\/\/www.sopplant.com\/pt\/product\/mc-2500-frp-mandrels-processing-lathe\/","title":{"rendered":"MC-2500 FRP Mandrels Processing Lathe"},"content":{"rendered":"<p><strong>1. Briefing<\/strong><br \/>\nFixed length filament wound FRP pipe \u00e9 um tipo de excelente produto, mas normalmente podemos&#8217; t obter a melhor produtividade como raz\u00e3o de mudar o procedimento de produ\u00e7\u00e3o, ent\u00e3o para melhorar a efici\u00eancia, a maneira mais eficaz \u00e9 aumentar a quantidade de mandrels. Para o grande di\u00e2metro do tubo, a fabrica\u00e7\u00e3o do mandrel de a\u00e7o \u00e9 muito dif\u00edcil e caro, de modo que pode adotar a estrutura de a\u00e7o como estrutura e estrutura processada FRP como superf\u00edcie; Essa estrutura combinada tem caracter\u00edsticas como produ\u00e7\u00e3o simples e custo perdido. MC-2500 FRP Mandrels Processing Lathe \u00e9 o equipamento especial para ele.<\/p>\n<p><img fetchpriority=\"high\" decoding=\"async\" class=\"alignnone wp-image-2100\" src=\"http:\/\/www.sopplant.com\/wp-content\/uploads\/2024\/09\/IMG20241015093942-scaled.jpg\"  width=\"1020\" height=\"574\" srcset=\"https:\/\/www.sopplant.com\/wp-content\/uploads\/2024\/09\/IMG20241015093942-scaled.jpg 2560w, https:\/\/www.sopplant.com\/wp-content\/uploads\/2024\/09\/IMG20241015093942-300x169.jpg 300w, https:\/\/www.sopplant.com\/wp-content\/uploads\/2024\/09\/IMG20241015093942-1024x576.jpg 1024w, https:\/\/www.sopplant.com\/wp-content\/uploads\/2024\/09\/IMG20241015093942-768x432.jpg 768w, https:\/\/www.sopplant.com\/wp-content\/uploads\/2024\/09\/IMG20241015093942-1536x864.jpg 1536w, https:\/\/www.sopplant.com\/wp-content\/uploads\/2024\/09\/IMG20241015093942-2048x1152.jpg 2048w, https:\/\/www.sopplant.com\/wp-content\/uploads\/2024\/09\/IMG20241015093942-600x338.jpg 600w\" sizes=\"(max-width: 1020px) 100vw, 1020px\" title=\"MC-2500 FRP Mandrels Processing Lathe illustration\" alt=\"MC-2500 FRP Mandrels Processing Lathe illustration\" \/><\/p>\n<p><strong>2. Par\u00e2metro t\u00e9cnico principal<\/strong><br \/>\n2.1 Capacidade: 11,42KW<br \/>\n2.2 O intervalo de di\u00e2metro pode ser processado: DN250-DN2500mm<br \/>\n2.3 A comprimento pode ser processada: 12500mm<br \/>\n2.4 Velocidade de inclina\u00e7\u00e3o: 45,2 m\/s<br \/>\n2.5 Velocidade de alimenta\u00e7\u00e3o longitudinal do molhador: 5,5 mm\/min-20 mm\/min<br \/>\n2.6 Velocidade de rota\u00e7\u00e3o: 0,75r\/min-77,28r\/min<\/p>\n<p><strong>3. Elementos<\/strong><br \/>\n\u00c9 composto de mat\u00e9ria-cabe\u00e7a, mat\u00e9ria-cabe\u00e7a, corpo da cama, grande placa de deslizamento, prata-deslizamento m\u00e9dio, sistema de molhimento, sistema de controle el\u00e9trico e sistema de refrigera\u00e7\u00e3o da \u00e1gua.<\/p>","protected":false},"excerpt":{"rendered":"<div class=\"miadf\">\n<p>Fixed length filament wound FRP pipe \u00e9 um tipo de excelente produto, mas normalmente podemos&#8217; t obter a melhor produtividade como raz\u00e3o de mudar o procedimento de produ\u00e7\u00e3o, ent\u00e3o para melhorar a efici\u00eancia, a maneira mais eficaz \u00e9 aumentar a quantidade de mandrels.<\/p>\n<\/div>","protected":false},"featured_media":1368,"comment_status":"open","ping_status":"closed","template":"","meta":{"_acf_changed":false},"product_brand":[],"product_cat":[15],"product_tag":[],"class_list":{"0":"post-1365","1":"product","2":"type-product","3":"status-publish","4":"has-post-thumbnail","6":"product_cat-computer-control-filament-winding-machine","8":"first","9":"instock","10":"shipping-taxable","11":"product-type-simple"},"acf":[],"_links":{"self":[{"href":"https:\/\/www.sopplant.com\/pt\/wp-json\/wp\/v2\/product\/1365","targetHints":{"allow":["GET"]}}],"collection":[{"href":"https:\/\/www.sopplant.com\/pt\/wp-json\/wp\/v2\/product"}],"about":[{"href":"https:\/\/www.sopplant.com\/pt\/wp-json\/wp\/v2\/types\/product"}],"replies":[{"embeddable":true,"href":"https:\/\/www.sopplant.com\/pt\/wp-json\/wp\/v2\/comments?post=1365"}],"wp:featuredmedia":[{"embeddable":true,"href":"https:\/\/www.sopplant.com\/pt\/wp-json\/wp\/v2\/media\/1368"}],"wp:attachment":[{"href":"https:\/\/www.sopplant.com\/pt\/wp-json\/wp\/v2\/media?parent=1365"}],"wp:term":[{"taxonomy":"product_brand","embeddable":true,"href":"https:\/\/www.sopplant.com\/pt\/wp-json\/wp\/v2\/product_brand?post=1365"},{"taxonomy":"product_cat","embeddable":true,"href":"https:\/\/www.sopplant.com\/pt\/wp-json\/wp\/v2\/product_cat?post=1365"},{"taxonomy":"product_tag","embeddable":true,"href":"https:\/\/www.sopplant.com\/pt\/wp-json\/wp\/v2\/product_tag?post=1365"}],"curies":[{"name":"wp","href":"https:\/\/api.w.org\/{rel}","templated":true}]}}