{"id":1397,"date":"2024-09-05T16:25:35","date_gmt":"2024-09-05T08:25:35","guid":{"rendered":"https:\/\/www.sopplant.com\/?post_type=product&#038;p=1397"},"modified":"2025-01-24T15:56:14","modified_gmt":"2025-01-24T07:56:14","slug":"sy-2500%e2%85%b2-frp-pipe-hydrostatic-pressure-testing-machine","status":"publish","type":"product","link":"https:\/\/www.sopplant.com\/pt\/product\/sy-2500%e2%85%b2-frp-pipe-hydrostatic-pressure-testing-machine\/","title":{"rendered":"SY-2500FRP Pipe Hydrostatic Pressure Testing Machine"},"content":{"rendered":"<p><span style=\"font-size: 14pt;\"><strong>1. Briefing<\/strong><\/span><br \/>\nSY-2500\u2162 FRP tubo m\u00e1quina de teste de press\u00e3o hidrost\u00e1tica \u00e9 um tipo de dispositivo especial para inspeccionar o vazamento do tubo FRP. As caracter\u00edsticas s\u00e3o: estrutura razo\u00e1vel, funcionamento conveniente, alta efici\u00eancia e ampla gama de di\u00e2metro adequado.<\/p>\n<p><img fetchpriority=\"high\" decoding=\"async\" class=\"alignnone wp-image-2107\" src=\"http:\/\/www.sopplant.com\/wp-content\/uploads\/2024\/09\/\u5fae\u4fe1\u56fe\u7247_20240709152238.jpg\"  width=\"1020\" height=\"764\" srcset=\"https:\/\/www.sopplant.com\/wp-content\/uploads\/2024\/09\/\u5fae\u4fe1\u56fe\u7247_20240709152238.jpg 748w, https:\/\/www.sopplant.com\/wp-content\/uploads\/2024\/09\/\u5fae\u4fe1\u56fe\u7247_20240709152238-300x225.jpg 300w, https:\/\/www.sopplant.com\/wp-content\/uploads\/2024\/09\/\u5fae\u4fe1\u56fe\u7247_20240709152238-600x449.jpg 600w\" sizes=\"(max-width: 1020px) 100vw, 1020px\" title=\"SY-2500FRP Pipe Hydrostatic Pressure Testing Machine \u63d2\u56fe\" alt=\"SY-2500FRP Pipe Hydrostatic Pressure Testing Machine \u63d2\u56fe\" \/><\/p>\n<p><span style=\"font-size: 14pt;\"><strong>2. Par\u00e2metro t\u00e9cnico principal<\/strong><\/span><br \/>\n2.1 Capacidade: 27,1 KW<br \/>\n2.2 Rango de di\u00e2metro adequado: DN250-DN2500mm<br \/>\n2.3 Press\u00e3o estimada da esta\u00e7\u00e3o de bombeamento hidr\u00e1ulico: 16MPa<br \/>\n2.4 Press\u00e3o de descarga de bomba el\u00e9trica: 3,5MPa<br \/>\n2.5 Fluxo de bomba el\u00e9trica: 560L\/h (alta press\u00e3o); 1120L\/h Press\u00e3o baixa<br \/>\n2.6 Pompa centr\u00edfuga de \u00e1gua limpa: Fluxo Q=120m3\/H, eleva\u00e7\u00e3o: H=28 m<\/p>\n<p><span style=\"font-size: 14pt;\"><strong>3. Elementos<\/strong><\/span><br \/>\n\u00c9 composto por sistema de abastecimento de \u00e1gua, sistema hidr\u00e1ulico, feixe longitudinal superior, feixe longitudinal inferior, placa de parede, placa ativa de espig\u00f3tico e socket, montagem de bast\u00e3o de suporte, bandeja de suporte, par\u00e9ntese de garfo, cobertura de envelope de espig\u00f3tico e socket e caixa de controle el\u00e9trico.<\/p>","protected":false},"excerpt":{"rendered":"<div class=\"miadf\">\n<p>SY-2500\u2162 FRP tubo m\u00e1quina de teste de press\u00e3o hidrost\u00e1tica \u00e9 um tipo de dispositivo especial para inspeccionar o vazamento do tubo FRP. As caracter\u00edsticas s\u00e3o: estrutura razo\u00e1vel, funcionamento conveniente, alta efici\u00eancia e ampla gama de di\u00e2metro adequado.<\/p>\n<\/div>","protected":false},"featured_media":1419,"comment_status":"open","ping_status":"closed","template":"","meta":{"_acf_changed":false},"product_brand":[],"product_cat":[15],"product_tag":[],"class_list":{"0":"post-1397","1":"product","2":"type-product","3":"status-publish","4":"has-post-thumbnail","6":"product_cat-computer-control-filament-winding-machine","8":"first","9":"instock","10":"shipping-taxable","11":"product-type-simple"},"acf":[],"_links":{"self":[{"href":"https:\/\/www.sopplant.com\/pt\/wp-json\/wp\/v2\/product\/1397","targetHints":{"allow":["GET"]}}],"collection":[{"href":"https:\/\/www.sopplant.com\/pt\/wp-json\/wp\/v2\/product"}],"about":[{"href":"https:\/\/www.sopplant.com\/pt\/wp-json\/wp\/v2\/types\/product"}],"replies":[{"embeddable":true,"href":"https:\/\/www.sopplant.com\/pt\/wp-json\/wp\/v2\/comments?post=1397"}],"wp:featuredmedia":[{"embeddable":true,"href":"https:\/\/www.sopplant.com\/pt\/wp-json\/wp\/v2\/media\/1419"}],"wp:attachment":[{"href":"https:\/\/www.sopplant.com\/pt\/wp-json\/wp\/v2\/media?parent=1397"}],"wp:term":[{"taxonomy":"product_brand","embeddable":true,"href":"https:\/\/www.sopplant.com\/pt\/wp-json\/wp\/v2\/product_brand?post=1397"},{"taxonomy":"product_cat","embeddable":true,"href":"https:\/\/www.sopplant.com\/pt\/wp-json\/wp\/v2\/product_cat?post=1397"},{"taxonomy":"product_tag","embeddable":true,"href":"https:\/\/www.sopplant.com\/pt\/wp-json\/wp\/v2\/product_tag?post=1397"}],"curies":[{"name":"wp","href":"https:\/\/api.w.org\/{rel}","templated":true}]}}