{"id":1537,"date":"2024-09-09T16:53:05","date_gmt":"2024-09-09T08:53:05","guid":{"rendered":"https:\/\/www.sopplant.com\/?post_type=product&#038;p=1537"},"modified":"2025-01-22T14:44:15","modified_gmt":"2025-01-22T06:44:15","slug":"potassium-sodium-sulfate-production-line-sop-production-plant","status":"publish","type":"product","link":"https:\/\/www.sopplant.com\/pt\/product\/potassium-sodium-sulfate-production-line-sop-production-plant\/","title":{"rendered":"Mannheim Process Potassium\/Sodium Sulfate Production Line SOP Plant"},"content":{"rendered":"<p>Hebei Aoliande Chemical Equipment Co., Ltd. \u00e9 uma empresa especializada na produ\u00e7\u00e3o de forno de Mannheim (linha de produ\u00e7\u00e3o de sulfato de pot\u00e1ssio, linha de produ\u00e7\u00e3o de sulfato de s\u00f3dio) e produtos FRP\/GRP, temos equipe t\u00e9cnica e produtiva profissional. N\u00f3s prestamos aten\u00e7\u00e3o \u00e0 opera\u00e7\u00e3o normal de acordo com o sistema de gest\u00e3o da qualidade, fornecendo produtos de alta qualidade e servi\u00e7os perfeitos aos clientes, e desenvolvendo juntos com o cliente.<\/p>\n<p>Os produtos e m\u00e1quinas FRP\/GRP produzidos por n\u00f3s Hengshui Jiubo Composites Co.,Ltd s\u00e3o aplicados em muitos campos, principalmente como sulfato de pot\u00e1ssio, sulfato de s\u00f3dio, alc\u00e1lico-cloro, polis\u00edlico, cerveja de alimentos, desalina\u00e7\u00e3o de \u00e1gua do mar, desulfuriza\u00e7\u00e3o da usina el\u00e9trica, di\u00f3xido de tit\u00e2nio, metalurgia, tratamento de gases residuais, abastecimento urbano de \u00e1gua e drenagem, etc.<\/p>\n<p>Hebei Aoliande Chemical Equipment Co., Ltd estabeleceu diferentes linhas de produ\u00e7\u00e3o de acordo com as categorias de produtos, incluindo Mannheim processo linha de produ\u00e7\u00e3o de pot\u00e1ssio\/sulfato de s\u00f3dio e uma variedade de linhas de produ\u00e7\u00e3o de produtos GRP. Tamb\u00e9m constru\u00edmos nossa pr\u00f3pria f\u00e1brica de fertilizantes de pot\u00e1ssio na Mong\u00f3lia Interna, China, com produ\u00e7\u00e3o anual de 160 mil toneladas de sulfato de pot\u00e1ssio e 200 mil toneladas de \u00e1cido clor\u00edrico de alta qualidade, que o cliente pode visitar para aprendizagem e refer\u00eancia. Baseado no desenvolvimento e atualiza\u00e7\u00e3o atrav\u00e9s da pesquisa profissional e t\u00e9cnica, obtivemos uma s\u00e9rie de patentes. Confiando em tecnologia avan\u00e7ada, excelente artesanato, qualidade confi\u00e1vel e servi\u00e7o perfeito, Jiubo n\u00e3o s\u00f3 pode fornecer produtos e equipamento de produ\u00e7\u00e3o, mas tamb\u00e9m pode fazer projeto EPC com a FEA (material, estrutura, design). E os servi\u00e7os integrados incluindo consulta t\u00e9cnica, transfer \u00eancia de tecnologia, design, suprimento, transporte, instala\u00e7\u00e3o e orienta\u00e7\u00e3o de comiss\u00e3o, etc.<\/p>\n<p><img fetchpriority=\"high\" decoding=\"async\" class=\"alignnone wp-image-1538\" src=\"http:\/\/www.sopplant.com\/wp-content\/uploads\/2024\/09\/Potassium-sulfate-production-line_04.jpg\"  width=\"1020\" height=\"1006\" srcset=\"https:\/\/www.sopplant.com\/wp-content\/uploads\/2024\/09\/Potassium-sulfate-production-line_04.jpg 750w, https:\/\/www.sopplant.com\/wp-content\/uploads\/2024\/09\/Potassium-sulfate-production-line_04-300x296.jpg 300w, https:\/\/www.sopplant.com\/wp-content\/uploads\/2024\/09\/Potassium-sulfate-production-line_04-600x592.jpg 600w, https:\/\/www.sopplant.com\/wp-content\/uploads\/2024\/09\/Potassium-sulfate-production-line_04-100x100.jpg 100w\" sizes=\"(max-width: 1020px) 100vw, 1020px\" title=\"Mannheim Process Potassium\/Sodium Sulfate Production Line SOP Plant \u63d2\u56fe\" alt=\"Mannheim Process Potassium\/Sodium Sulfate Production Line SOP Plant \u63d2\u56fe\" \/><\/p>\n<p><b><span data-spm-anchor-id=\"a2700.pc-decorate.0.i1.11973333pbHEM9\">K2SO4 Mannheim Process Sulfato de Pot\u00e1ssio Making Machine<\/span><\/b> \u00e9 bem conhecido porque existem dois tipos de m\u00e9todos populares a ser utilizados para produzir o produto de sulfato de pot\u00e1ssio, um \u00e9 o m\u00e9todo de descomposi\u00e7\u00e3o dupla, a rea\u00e7\u00e3o n\u00e3o \u00e9 boa, a qualidade do produto deve ser melhorada. Outro m\u00e9todo \u00e9 o processo de forno de Mannheim, \u00e9 utilizado amplamente, mas h\u00e1 algumas dificuldades ocorridas durante a produ\u00e7\u00e3o. Fizemos a melhoria e perfei\u00e7\u00e3o necess\u00e1rias e importantes em seu equipamento de produ\u00e7\u00e3o e processo de produ\u00e7\u00e3o do forno de Mannheim, para formar uma tecnologia \u00fanica e perfeita de produ\u00e7\u00e3o de Sulfato de Pot\u00e1ssio agora, melhorar a constru\u00e7\u00e3o e material do forno para alcan\u00e7ar at\u00e9 aquecimento, rea\u00e7\u00e3o completa e baixo consumo de energia. Novo material e tecnologia s\u00e3o aplicados \u00e0 parte da absor\u00e7\u00e3o de \u00e1cido clor\u00eddrico, assim a efici\u00eancia da absor\u00e7\u00e3o \u00e9 melhorada e a quest\u00e3o ambiental tamb\u00e9m \u00e9 bem resolvida.<\/p>\n<h4><b><span data-spm-anchor-id=\"a2700.pc-decorate.0.i2.11973333pbHEM9\">Processo Mannheim<\/span><\/b><\/h4>\n<div>\n<div>O m\u00e9todo mais comum de produ\u00e7\u00e3o de sulfato de pot\u00e1ssio \u00e9 o Processo de Mannheim, que \u00e9 a rea\u00e7\u00e3o de cloreto de pot\u00e1ssio com \u00e1cido sulf\u00farico em altas temperaturas. As mat\u00e9rias-primas s\u00e3o derramadas no centro de um forno de muffle aquecido para acima de 600\u00baC.<br \/>\nSulfato de pot\u00e1ssio \u00e9 produzido juntamente com \u00e1cido clor\u00edrico em uma rea\u00e7\u00e3o em dois passos atrav\u00e9s do bisulfato de pot\u00e1ssio. Este m\u00e9todo para criar SOP representa entre 50% e 60% do abastecimento global. O Processo de Mannheim \u00e9 tamb\u00e9m o mais caro das t\u00e9cnicas de processamento devido aos elevados custos de entrada associados \u00e0 compra de MOP e \u00e1cido sulf\u00farico. Isso significa que o produto final custa cerca de 500 d\u00f3lares por tonelada.<br \/>\nO processo de Mannheim \u00e9 um m\u00e9todo importante para a fabrica\u00e7\u00e3o de cloreto de hidrog\u00eanio e sulfato de pot\u00e1ssio a partir de cloreto de pot\u00e1ssio (sal de mesa) e \u00e1cido sulf\u00farico, em que caso o K2SO4 \u00e9 conhecido como bolo de sal: 2 KCl \u00b0 H2SO4 \u2192  K2SO4  2 HCl<\/div>\n<h4><b>Avantagem T\u00e9cnico<\/b><\/h4>\n<div>\n<div data-spm-anchor-id=\"a2700.pc-decorate.0.i4.11973333pbHEM9\"><span data-spm-anchor-id=\"a2700.pc-decorate.0.i5.11973333pbHEM9\">1. Alguns componentes chave do nosso equipamento de fertilizantes de sulfato de pot\u00e1ssio s\u00e3o feitos de materiais especiais que s\u00e3o resistentes \u00e0 corros\u00e3o e duradouros. <\/span><span data-spm-anchor-id=\"a2700.pc-decorate.0.i5.11973333pbHEM9\">Assim, este equipamento de fertilizantes <\/span><\/div>\n<div data-spm-anchor-id=\"a2700.pc-decorate.0.i4.11973333pbHEM9\"><span data-spm-anchor-id=\"a2700.pc-decorate.0.i5.11973333pbHEM9\">tamb\u00e9m apresenta uma longa vida de servi\u00e7o.<br \/>\n2. Sistema de recupera\u00e7\u00e3o de res\u00edduos para reciclar \u00e1cido de cloridrato (HCl) e satisfazer os requisitos ambientais<br \/>\n3. Sistema de absor\u00e7\u00e3o original de HCl ajustado, melhorou na qualidade do produto final.<br \/>\n4. Melhorou o design da fuma\u00e7a no forno que pode utilizar plenamente a energia e poupar consumo de energia.<br \/>\n5. Usou o sistema de controle autom\u00e1tico PLC para controlar a fabrica\u00e7\u00e3o dos produtos, ajustar a rela\u00e7\u00e3o de mat\u00e9ria prima e poupar o custo laboral.<br \/>\n6. Adoptar gerador de g\u00e1s substituindo outro m\u00e9todo de aquecimento.<br \/>\n7. Produ\u00e7\u00e3o est\u00e1vel e funcionamento f\u00e1cil.<br \/>\n8. Grande sa\u00edda&amp; - Baixo consumo de carv\u00e3o.<\/span><\/div>\n<\/div>\n<\/div>\n<p><img decoding=\"async\" class=\"alignnone wp-image-1539\" src=\"http:\/\/www.sopplant.com\/wp-content\/uploads\/2024\/09\/Potassium-sulfate-production-line_09.jpg\"  width=\"1020\" height=\"1238\" srcset=\"https:\/\/www.sopplant.com\/wp-content\/uploads\/2024\/09\/Potassium-sulfate-production-line_09.jpg 750w, https:\/\/www.sopplant.com\/wp-content\/uploads\/2024\/09\/Potassium-sulfate-production-line_09-247x300.jpg 247w, https:\/\/www.sopplant.com\/wp-content\/uploads\/2024\/09\/Potassium-sulfate-production-line_09-600x728.jpg 600w\" sizes=\"(max-width: 1020px) 100vw, 1020px\" title=\"Mannheim Process Potassium\/Sodium Sulfate Production Line SOP Plant \u63d2\u56fe1\" alt=\"Mannheim Process Potassium\/Sodium Sulfate Production Line SOP Plant \u63d2\u56fe1\" \/><img decoding=\"async\" class=\"alignnone wp-image-1540\" src=\"http:\/\/www.sopplant.com\/wp-content\/uploads\/2024\/09\/Potassium-sulfate-production-line_10.jpg\"  width=\"1020\" height=\"1125\" srcset=\"https:\/\/www.sopplant.com\/wp-content\/uploads\/2024\/09\/Potassium-sulfate-production-line_10.jpg 750w, https:\/\/www.sopplant.com\/wp-content\/uploads\/2024\/09\/Potassium-sulfate-production-line_10-272x300.jpg 272w, https:\/\/www.sopplant.com\/wp-content\/uploads\/2024\/09\/Potassium-sulfate-production-line_10-600x662.jpg 600w\" sizes=\"(max-width: 1020px) 100vw, 1020px\" title=\"Mannheim Process Potassium\/Sodium Sulfate Production Line SOP Plant \u63d2\u56fe2\" alt=\"Mannheim Process Potassium\/Sodium Sulfate Production Line SOP Plant \u63d2\u56fe2\" \/><img loading=\"lazy\" decoding=\"async\" class=\"alignnone wp-image-1541\" src=\"http:\/\/www.sopplant.com\/wp-content\/uploads\/2024\/09\/Potassium-sulfate-production-line_11.jpg\"  width=\"1020\" height=\"1156\" srcset=\"https:\/\/www.sopplant.com\/wp-content\/uploads\/2024\/09\/Potassium-sulfate-production-line_11.jpg 750w, https:\/\/www.sopplant.com\/wp-content\/uploads\/2024\/09\/Potassium-sulfate-production-line_11-265x300.jpg 265w, https:\/\/www.sopplant.com\/wp-content\/uploads\/2024\/09\/Potassium-sulfate-production-line_11-600x680.jpg 600w\" sizes=\"(max-width: 1020px) 100vw, 1020px\" title=\"Mannheim Process Potassium\/Sodium Sulfate Production Line SOP Plant \u63d2\u56fe3\" alt=\"Mannheim Process Potassium\/Sodium Sulfate Production Line SOP Plant \u63d2\u56fe3\" \/><img loading=\"lazy\" decoding=\"async\" class=\"alignnone wp-image-1542\" src=\"http:\/\/www.sopplant.com\/wp-content\/uploads\/2024\/09\/Potassium-sulfate-production-line_12.jpg\"  width=\"1020\" height=\"1327\" srcset=\"https:\/\/www.sopplant.com\/wp-content\/uploads\/2024\/09\/Potassium-sulfate-production-line_12.jpg 750w, https:\/\/www.sopplant.com\/wp-content\/uploads\/2024\/09\/Potassium-sulfate-production-line_12-231x300.jpg 231w, https:\/\/www.sopplant.com\/wp-content\/uploads\/2024\/09\/Potassium-sulfate-production-line_12-600x781.jpg 600w\" sizes=\"(max-width: 1020px) 100vw, 1020px\" title=\"Mannheim Process Potassium\/Sodium Sulfate Production Line SOP Plant \u63d2\u56fe4\" alt=\"Mannheim Process Potassium\/Sodium Sulfate Production Line SOP Plant \u63d2\u56fe4\" \/><img loading=\"lazy\" decoding=\"async\" class=\"alignnone wp-image-1543\" src=\"http:\/\/www.sopplant.com\/wp-content\/uploads\/2024\/09\/Potassium-sulfate-production-line_13.jpg\"  width=\"1020\" height=\"475\" srcset=\"https:\/\/www.sopplant.com\/wp-content\/uploads\/2024\/09\/Potassium-sulfate-production-line_13.jpg 750w, https:\/\/www.sopplant.com\/wp-content\/uploads\/2024\/09\/Potassium-sulfate-production-line_13-300x140.jpg 300w, https:\/\/www.sopplant.com\/wp-content\/uploads\/2024\/09\/Potassium-sulfate-production-line_13-600x279.jpg 600w\" sizes=\"(max-width: 1020px) 100vw, 1020px\" title=\"Mannheim Process Potassium\/Sodium Sulfate Production Line SOP Plant \u63d2\u56fe5\" alt=\"Mannheim Process Potassium\/Sodium Sulfate Production Line SOP Plant \u63d2\u56fe5\" \/><\/p>","protected":false},"excerpt":{"rendered":"<p>Hebei Aoliande Chemical Equipment Co., Ltd estabeleceu diferentes linhas de produ\u00e7\u00e3o de acordo com as categorias de produtos, incluindo Mannheim processo linha de produ\u00e7\u00e3o de pot\u00e1ssio\/sulfato de s\u00f3dio e uma variedade de linhas de produ\u00e7\u00e3o de produtos GRP. Tamb\u00e9m constru\u00edmos nossa pr\u00f3pria f\u00e1brica de fertilizantes de pot\u00e1ssio na Mong\u00f3lia Interna, China, com produ\u00e7\u00e3o anual de 160 mil toneladas de sulfato de pot\u00e1ssio e 200 mil toneladas de \u00e1cido clor\u00edrico de alta qualidade, que o cliente pode visitar para aprendizagem e refer\u00eancia. Baseado no desenvolvimento e atualiza\u00e7\u00e3o atrav\u00e9s da pesquisa profissional e t\u00e9cnica, obtivemos uma s\u00e9rie de patentes. Confiando em tecnologia avan\u00e7ada, excelente artesanato, qualidade confi\u00e1vel e servi\u00e7o perfeito, Jiubo n\u00e3o s\u00f3 pode fornecer produtos e equipamento de produ\u00e7\u00e3o, mas tamb\u00e9m pode fazer projeto EPC com a FEA (material, estrutura, design). E os servi\u00e7os integrados incluindo consulta t\u00e9cnica, transfer \u00eancia de tecnologia, design, suprimento, transporte, instala\u00e7\u00e3o e orienta\u00e7\u00e3o de comiss\u00e3o, etc.<\/p>","protected":false},"featured_media":1747,"comment_status":"open","ping_status":"closed","template":"","meta":{"_acf_changed":false},"product_brand":[],"product_cat":[48],"product_tag":[],"class_list":{"0":"post-1537","1":"product","2":"type-product","3":"status-publish","4":"has-post-thumbnail","6":"product_cat-potassium-sodium-sulfate-production-line","8":"first","9":"instock","10":"shipping-taxable","11":"product-type-simple"},"acf":[],"_links":{"self":[{"href":"https:\/\/www.sopplant.com\/pt\/wp-json\/wp\/v2\/product\/1537","targetHints":{"allow":["GET"]}}],"collection":[{"href":"https:\/\/www.sopplant.com\/pt\/wp-json\/wp\/v2\/product"}],"about":[{"href":"https:\/\/www.sopplant.com\/pt\/wp-json\/wp\/v2\/types\/product"}],"replies":[{"embeddable":true,"href":"https:\/\/www.sopplant.com\/pt\/wp-json\/wp\/v2\/comments?post=1537"}],"wp:featuredmedia":[{"embeddable":true,"href":"https:\/\/www.sopplant.com\/pt\/wp-json\/wp\/v2\/media\/1747"}],"wp:attachment":[{"href":"https:\/\/www.sopplant.com\/pt\/wp-json\/wp\/v2\/media?parent=1537"}],"wp:term":[{"taxonomy":"product_brand","embeddable":true,"href":"https:\/\/www.sopplant.com\/pt\/wp-json\/wp\/v2\/product_brand?post=1537"},{"taxonomy":"product_cat","embeddable":true,"href":"https:\/\/www.sopplant.com\/pt\/wp-json\/wp\/v2\/product_cat?post=1537"},{"taxonomy":"product_tag","embeddable":true,"href":"https:\/\/www.sopplant.com\/pt\/wp-json\/wp\/v2\/product_tag?post=1537"}],"curies":[{"name":"wp","href":"https:\/\/api.w.org\/{rel}","templated":true}]}}