{"id":1577,"date":"2024-09-10T16:09:02","date_gmt":"2024-09-10T08:09:02","guid":{"rendered":"https:\/\/www.sopplant.com\/?post_type=product&#038;p=1577"},"modified":"2025-01-24T15:01:26","modified_gmt":"2025-01-24T07:01:26","slug":"hydroxy-propyl-methyl-cellulose-production-line-hpmc-production-equipment","status":"publish","type":"product","link":"https:\/\/www.sopplant.com\/pt\/product\/hydroxy-propyl-methyl-cellulose-production-line-hpmc-production-equipment\/","title":{"rendered":"Linha de Produ\u00e7\u00e3o de Hidroxipropilcelulose Linha de Produ\u00e7\u00e3o HPMC"},"content":{"rendered":"<p><b>HPMC Production Line<\/b> \u00e9 para fabricar Hydroxy Propyl Methyl Cellulose (HPMC), HPMC s\u00e3o amplamente utilizados na constru\u00e7\u00e3o, farmac\u00eautica, alimentos, cosm\u00e9ticos, detergentes, pinturas, como espessador, emulsificador, filme-former, ligador, agente dispersivo, coloides protetores.<br \/>\nHPMC-Hydroxypropyl Methyl Cellulose e Methyl Hydroxyethyl Cellulose e ether de celulose n\u00e3o i\u00f4nica produzidos pela celulose natural de polim\u00e9rio alto como mat\u00e9ria prima e s\u00e9rie de processamento qu\u00edmico. S\u00e3o cheirosos, sem sabor e p\u00f3 branco n\u00e3o t\u00f3xico, que pode ser dissolvido em \u00e1gua fria para formar uma solu\u00e7\u00e3o viscosa transparente. Processo de espessamento, liga\u00e7\u00e3o, dispers\u00e3o, emulsifica\u00e7\u00e3o, filme, revestimento, suspens\u00e3o, absor\u00e7\u00e3o, gelling, atividade de superf\u00edcie, manuten\u00e7\u00e3o da \u00e1gua e propriedades protetoras de col\u00f3ides.<\/p>\n<h4><b>Princ\u00edpio de Trabalho da Linha de Produ\u00e7\u00e3o HPMC<\/b><\/h4>\n<p>Material atrav\u00e9s da m\u00e1quina de transporte de cintos enviado para (em material de tempo enviado para detec\u00e7\u00e3o de metal, prevenir material nos res\u00edduos de metal de entrada) mais hopper Hou rapidamente \u00e9 ar de alta velocidade com em faca din\u00e2mica, rota\u00e7\u00e3o de alta velocidade de faca din\u00e2mica liderada por rotor produzida de poderosa, e completamente dispersa alcan\u00e7ada Super fino cortado de efeito esmagado, material qualificado atrav\u00e9s da \u00e1rea de descarga da rede de siete, material n\u00e3o qualificado ser\u00e1 molhado; Para alcan\u00e7ar a fineza necess\u00e1ria dos materiais e produ\u00e7\u00e3o, voc\u00ea pode substituir a tela, ajustar o escoamento do cortador ou diferentes n\u00fameros de facas.<\/p>\n<h4><b>HPMC Production Line consiste principalmente de 13 partes<\/b><\/h4>\n<p>1. Sistema de destrui\u00e7\u00e3o<br \/>\n2. Almac\u00e1rio de algod\u00e3o<br \/>\n3. Medir o armaz\u00e9m<br \/>\n4. Sistema de eterifica\u00e7\u00e3o<br \/>\n5. Sistema de secagem<br \/>\n6. Sistema de embalagem de produtos acabados<br \/>\n7. Utilidades P\u00fablicas<br \/>\n8. Instala\u00e7\u00f5es de tanques<br \/>\n9. Sistema de aquecimento<br \/>\n10. Sistema DCS<br \/>\n11. Sistema de tratamento de res\u00edduos<br \/>\n12. Instala\u00e7\u00e3o de engenharia e equipamentos de tubos<br \/>\n13. Sistema de Combate de Fogo<\/p>\n<h4><strong>Indicadores t\u00e9cnicos de HPMC<\/strong><\/h4>\n<table class=\"cke_widget_element\" style=\"width: 100.217%; height: 143px;\" border=\"1\" cellspacing=\"1\" cellpadding=\"1\" data-cke-widget-data=\"%7B%22classes%22%3Anull%7D\" data-cke-widget-upcasted=\"1\" data-cke-widget-keep-attr=\"0\" data-widget=\"micTable\" data-cke-table-faked-selection-table=\"\">\n<tbody class=\"cke_widget_editable cke_widget_editable_focused\" contenteditable=\"true\" data-cke-widget-editable=\"tbody\" data-cke-enter-mode=\"2\">\n<tr>\n<td class=\"cke_table-faked-selection\" style=\"width: 47.7667%; text-align: center;\">Nome do indicador<\/td>\n<td class=\"cke_table-faked-selection\" style=\"width: 392.641%; text-align: center;\">Requisito de Tecnologia<\/td>\n<\/tr>\n<tr>\n<td class=\"cke_table-faked-selection\" style=\"width: 47.7667%; text-align: center;\">Conte\u00fado de hidroxipropilo (%)<\/td>\n<td class=\"cke_table-faked-selection\" style=\"width: 392.641%; text-align: center;\">4-12<\/td>\n<\/tr>\n<tr>\n<td class=\"cke_table-faked-selection\" style=\"width: 47.7667%; text-align: center;\">Metoxi (%)<\/td>\n<td class=\"cke_table-faked-selection\" style=\"width: 392.641%; text-align: center;\">19-30<\/td>\n<\/tr>\n<tr>\n<td class=\"cke_table-faked-selection\" style=\"width: 47.7667%; text-align: center;\">Moistura (%)<\/td>\n<td class=\"cke_table-faked-selection\" style=\"width: 392.641%; text-align: center;\">&lt; =5<\/td>\n<\/tr>\n<tr>\n<td class=\"cke_table-faked-selection\" style=\"width: 47.7667%; text-align: center;\">Valor PH (25\u00baC)<\/td>\n<td class=\"cke_table-faked-selection\" style=\"width: 392.641%; text-align: center;\">5-8.5<\/td>\n<\/tr>\n<tr>\n<td class=\"cke_table-faked-selection\" style=\"width: 47.7667%; text-align: center;\">Viscosidade (1%)<\/td>\n<td class=\"cke_table-faked-selection\" style=\"width: 392.641%; text-align: center;\">40000~200000<\/td>\n<\/tr>\n<\/tbody>\n<\/table>\n<p><img fetchpriority=\"high\" decoding=\"async\" class=\"alignnone wp-image-1578\" src=\"http:\/\/www.sopplant.com\/wp-content\/uploads\/2024\/09\/HPMC-Production-Equipment_08.jpg\"  width=\"1020\" height=\"1535\" srcset=\"https:\/\/www.sopplant.com\/wp-content\/uploads\/2024\/09\/HPMC-Production-Equipment_08.jpg 750w, https:\/\/www.sopplant.com\/wp-content\/uploads\/2024\/09\/HPMC-Production-Equipment_08-199x300.jpg 199w, https:\/\/www.sopplant.com\/wp-content\/uploads\/2024\/09\/HPMC-Production-Equipment_08-680x1024.jpg 680w, https:\/\/www.sopplant.com\/wp-content\/uploads\/2024\/09\/HPMC-Production-Equipment_08-600x903.jpg 600w\" sizes=\"(max-width: 1020px) 100vw, 1020px\" title=\"Linha de Produ\u00e7\u00e3o de Hidroxipropilcelulose Linha de Produ\u00e7\u00e3o HPMC \u63d2\u56fe\" alt=\"Linha de Produ\u00e7\u00e3o de Hidroxipropilcelulose Linha de Produ\u00e7\u00e3o HPMC \u63d2\u56fe\" \/><img decoding=\"async\" class=\"alignnone wp-image-1579\" src=\"http:\/\/www.sopplant.com\/wp-content\/uploads\/2024\/09\/HPMC-Production-Equipment_09.jpg\"  width=\"1020\" height=\"1722\" srcset=\"https:\/\/www.sopplant.com\/wp-content\/uploads\/2024\/09\/HPMC-Production-Equipment_09.jpg 750w, https:\/\/www.sopplant.com\/wp-content\/uploads\/2024\/09\/HPMC-Production-Equipment_09-178x300.jpg 178w, https:\/\/www.sopplant.com\/wp-content\/uploads\/2024\/09\/HPMC-Production-Equipment_09-607x1024.jpg 607w, https:\/\/www.sopplant.com\/wp-content\/uploads\/2024\/09\/HPMC-Production-Equipment_09-600x1013.jpg 600w\" sizes=\"(max-width: 1020px) 100vw, 1020px\" title=\"Linha de Produ\u00e7\u00e3o de Hidroxipropilcelulose Linha de Produ\u00e7\u00e3o HPMC \u63d2\u56fe1\" alt=\"Linha de Produ\u00e7\u00e3o de Hidroxipropilcelulose Linha de Produ\u00e7\u00e3o HPMC \u63d2\u56fe1\" \/><img decoding=\"async\" class=\"alignnone wp-image-1580\" src=\"http:\/\/www.sopplant.com\/wp-content\/uploads\/2024\/09\/HPMC-Production-Equipment_10.jpg\"  width=\"1020\" height=\"951\" srcset=\"https:\/\/www.sopplant.com\/wp-content\/uploads\/2024\/09\/HPMC-Production-Equipment_10.jpg 750w, https:\/\/www.sopplant.com\/wp-content\/uploads\/2024\/09\/HPMC-Production-Equipment_10-300x280.jpg 300w, https:\/\/www.sopplant.com\/wp-content\/uploads\/2024\/09\/HPMC-Production-Equipment_10-600x559.jpg 600w\" sizes=\"(max-width: 1020px) 100vw, 1020px\" title=\"Linha de Produ\u00e7\u00e3o de Hidroxipropilcelulose Linha de Produ\u00e7\u00e3o HPMC \u63d2\u56fe2\" alt=\"Linha de Produ\u00e7\u00e3o de Hidroxipropilcelulose Linha de Produ\u00e7\u00e3o HPMC \u63d2\u56fe2\" \/><\/p>","protected":false},"excerpt":{"rendered":"<p>HPMC Production Line \u00e9 para produzir Hydroxy Propyl Methyl Cellulose (HPMC), HPMC s\u00e3o amplamente utilizados na constru\u00e7\u00e3o, farmac\u00eautica, alimento, cosm\u00e9tico, detergente, pinturas, como espessador, emulsificador, filme-former, ligador, agente dispersivo, coloides protetores.<\/p>","protected":false},"featured_media":1581,"comment_status":"open","ping_status":"closed","template":"","meta":{"_acf_changed":false},"product_brand":[],"product_cat":[46],"product_tag":[],"class_list":{"0":"post-1577","1":"product","2":"type-product","3":"status-publish","4":"has-post-thumbnail","6":"product_cat-hydroxy-propyl-methyl-cellulose-production-linehpmc","8":"first","9":"instock","10":"shipping-taxable","11":"product-type-simple"},"acf":[],"_links":{"self":[{"href":"https:\/\/www.sopplant.com\/pt\/wp-json\/wp\/v2\/product\/1577","targetHints":{"allow":["GET"]}}],"collection":[{"href":"https:\/\/www.sopplant.com\/pt\/wp-json\/wp\/v2\/product"}],"about":[{"href":"https:\/\/www.sopplant.com\/pt\/wp-json\/wp\/v2\/types\/product"}],"replies":[{"embeddable":true,"href":"https:\/\/www.sopplant.com\/pt\/wp-json\/wp\/v2\/comments?post=1577"}],"wp:featuredmedia":[{"embeddable":true,"href":"https:\/\/www.sopplant.com\/pt\/wp-json\/wp\/v2\/media\/1581"}],"wp:attachment":[{"href":"https:\/\/www.sopplant.com\/pt\/wp-json\/wp\/v2\/media?parent=1577"}],"wp:term":[{"taxonomy":"product_brand","embeddable":true,"href":"https:\/\/www.sopplant.com\/pt\/wp-json\/wp\/v2\/product_brand?post=1577"},{"taxonomy":"product_cat","embeddable":true,"href":"https:\/\/www.sopplant.com\/pt\/wp-json\/wp\/v2\/product_cat?post=1577"},{"taxonomy":"product_tag","embeddable":true,"href":"https:\/\/www.sopplant.com\/pt\/wp-json\/wp\/v2\/product_tag?post=1577"}],"curies":[{"name":"wp","href":"https:\/\/api.w.org\/{rel}","templated":true}]}}