{"id":2040,"date":"2025-01-22T15:28:10","date_gmt":"2025-01-22T07:28:10","guid":{"rendered":"https:\/\/www.sopplant.com\/?post_type=product&#038;p=2040"},"modified":"2025-01-24T16:14:54","modified_gmt":"2025-01-24T08:14:54","slug":"sulfuric-acid-production-line","status":"publish","type":"product","link":"https:\/\/www.sopplant.com\/pt\/product\/sulfuric-acid-production-line\/","title":{"rendered":"Linha de produ\u00e7\u00e3o de \u00e1cido sulf\u00farico"},"content":{"rendered":"<h3><strong><b>Fluxo de processos de linha de produ\u00e7\u00e3o de \u00e1cido sulf\u00farico<\/b><\/strong><\/h3>\n<p>A unidade de enxofre para \u00e1cido consiste nas seguintes se\u00e7\u00f5es: derreter enxofre, combust\u00e3o e convers\u00e3o de enxofre, secar e absorver e manipula\u00e7\u00e3o do produto final.<\/p>\n<p><img fetchpriority=\"high\" decoding=\"async\" class=\"alignnone wp-image-2050\" src=\"http:\/\/www.sopplant.com\/wp-content\/uploads\/2025\/01\/H2SO4-pruduction-line.jpg\"  width=\"1020\" height=\"707\" srcset=\"https:\/\/www.sopplant.com\/wp-content\/uploads\/2025\/01\/H2SO4-pruduction-line.jpg 1210w, https:\/\/www.sopplant.com\/wp-content\/uploads\/2025\/01\/H2SO4-pruduction-line-300x208.jpg 300w, https:\/\/www.sopplant.com\/wp-content\/uploads\/2025\/01\/H2SO4-pruduction-line-1024x710.jpg 1024w, https:\/\/www.sopplant.com\/wp-content\/uploads\/2025\/01\/H2SO4-pruduction-line-768x533.jpg 768w, https:\/\/www.sopplant.com\/wp-content\/uploads\/2025\/01\/H2SO4-pruduction-line-600x416.jpg 600w\" sizes=\"(max-width: 1020px) 100vw, 1020px\" title=\"Linha de produ\u00e7\u00e3o de \u00e1cido sulf\u00farico \u63d2\u56fe\" alt=\"Linha de produ\u00e7\u00e3o de \u00e1cido sulf\u00farico \u63d2\u56fe\" \/><\/p>\n<h4><strong><b>1. Sec\u00e7\u00e3o de Fus\u00e3o de Sulfo<\/b><\/strong><\/h4>\n<p>O enxofre s\u00f3lido da se\u00e7\u00e3o de mat\u00e9rias-primas \u00e9 transportado atrav\u00e9s de um transportador de cintos para um tanque r\u00e1pido de derreter enxofre para derreter. O enxofre fundido flui pela gravidade atrav\u00e9s do porto de sobrevolu\u00e7\u00e3o para um tanque de filtra\u00e7\u00e3o combinado, desde onde \u00e9 bombeado no filtro de enxofre fundido para filtra\u00e7\u00e3o e depois armazenado num tanque de armazenamento de enxofre fundido.<br \/>\nAntes da filtra\u00e7\u00e3o, uma certa quantidade de aux\u00edlio filtral \u00e9 adicionada ao tanque de pr\u00e9-revestimento que cont\u00e9m sulfuro fundido. Sob a a\u00e7\u00e3o do agitador, a ajuda para filtrar e sulfuro fundido s\u00e3o completamente misturados. A bomba de pr\u00e9-revestimento transfere a mistura para o filtro de enxofre fundido, onde as folhas de filtro est\u00e3o cobertas com a ajuda de filtro. Ap\u00f3s a opera\u00e7\u00e3o de pr\u00e9-revestimento ser completada, a filtra\u00e7\u00e3o formal come\u00e7a. O enxofre fundido purificado \u00e9 ent\u00e3o enviado para o dep\u00f3sito de enxofre refinado para armazenamento. Durante a produ\u00e7\u00e3o, o enxofre fundido flui por gravidade do tanque de armazenamento de enxofre refinado at\u00e9 o tanque de enxofre refinado subterr\u00e2neo e \u00e9 bombeado no forno de combust\u00e3o de enxofre.<\/p>\n<p>O tanque r\u00e1pido de derreter sulfuro, o tanque de filtra\u00e7\u00e3o e o tanque pr\u00e9-revestimento s\u00e3o feitos de estruturas de concreto integradas e s\u00e3o instalados subterr\u00e2neos. Todos os tanques de armazenamento de enxofre, incluindo os tanques de armazenamento de enxofre refinados, est\u00e3o equipados com bobinas de aquecimento de vapor usando vapor saturado de 0,5~0,6 MPa (press\u00e3o absoluta) para aquecimento indireta. A temperatura de enxofre fundido \u00e9 mantida entre 135\u00b0C e 145\u00b0C.<\/p>\n<p>Outros equipamentos, como filtros de enxofre fundido, bombas de enxofre, tubos de enxofre fundido, equipamentos e v\u00e1lvulas, s\u00e3o vestidos com vapor e isolados com materiais isoladores adicionais.<\/p>\n<p>Condensado de vapor e vapor de escape descarregado (1,2 toneladas\/hora) s\u00e3o coletados em um tanque de recupera\u00e7\u00e3o de condensado. Uma vez que a qualidade da \u00e1gua cumpre os requisitos, o condensado \u00e9 enviado ao desacelerador da caldeira.<\/p>\n<p>A unidade de fundi\u00e7\u00e3o de enxofre \u00e9 projetada para uma taxa de consumo de enxofre correspondente a uma planta de \u00e1cido enxofre ***-tonelada\/ano.<\/p>\n<p>O armaz\u00e9m de enxofre \u00e9 projetado e constru\u00eddo pelo propriet\u00e1rio.<br \/>\nO tanque de armazenamento de enxofre fundido \u00e9 projetado com uma capacidade de 400 toneladas.<\/p>\n<h4><strong><b>2. Sec\u00e7\u00e3o de Combust\u00e3o e Convers\u00e3o de Sulfo<\/b><\/strong><\/h4>\n<p>O enxofre moldado \u00e9 pressurizado por uma bomba de enxofre refinada e pulverizado no forno de combust\u00e3o de enxofre atrav\u00e9s de uma arma de enxofre. O ar necess\u00e1rio para a combust\u00e3o de enxofre \u00e9 filtrado atrav\u00e9s de um filtro de ar, pressurizado por um soprador de ar, secado em uma torre de secagem com 98% de \u00e1cido sulf\u00farico, e ent\u00e3o fornecido ao forno de combust\u00e3o de enxofre. O conte\u00fado de umidade do ar secado \u00e9 \u22640,1 g\/Nm \u00b3.<\/p>\n<p>O ar secado se mistura com sulfuro no forno de combust\u00e3o de sulfuro, gerando g\u00e1s de forno contendo 10,0% SO \u2082.  O g\u00e1s do forno \u00e9 refrigerado em uma caldeira de res\u00edduos de tubos de inc\u00eandio de aproximadamente 970\u00b0C a 420\u00b0C antes de entrar no primeiro est\u00e1gio do convertedor de g\u00e1s para convers\u00e3o. A temperatura de entrada para o primeiro est\u00e1gio \u00e9 ajustada usando linhas de bypass de alta temperatura e quenciamento do ar frio.<\/p>\n<p>O g\u00e1s do forno que sai da caldeira de res\u00edduo a 420\u00b0C entra na primeira camada de catalisador do convertedor, onde sua temperatura aumenta para aproximadamente 606\u00b0C ap\u00f3s a rea\u00e7\u00e3o. O g\u00e1s entra ent\u00e3o no superaquecedor de alta temperatura para troca de calor, produzindo vapor super aquecido para a central principal. O g\u00e1s \u00e9 refrigerado para 450\u00b0C e entra na segunda camada de catalisador para mais oxida\u00e7\u00e3o, elevando a temperatura para aproximadamente 514\u00b0C. Ent\u00e3o passa atrav\u00e9s de trocadores de calor, refrigerando para 440\u00b0C, antes de entrar na terceira camada de catalisador para oxida\u00e7\u00e3o. Ap\u00f3s a terceira camada, a temperatura aumenta para cerca de 457\u00b0C. O g\u00e1s \u00e9 refrigerado atrav\u00e9s de uma s\u00e9rie de trocadores de calor e economizadores a aproximadamente 170\u00b0C e enviado \u00e0 torre de absor\u00e7\u00e3o intermedi\u00e1ria. Aqui, ent\u00e3o \u2083  \u00e9 absorvida usando 98,5% \u00e1cido sulf\u00farico concentrado. O g\u00e1s sai atrav\u00e9s de um demister, \u00e9 reciclado nos trocadores de calor, e ent\u00e3o entra na quarta camada de catalisador a 420\u00b0C para oxida\u00e7\u00e3o final.<\/p>\n<p>O g\u00e1s deixando a quarta camada entra em superaquecedores e economistas de baixa temperatura para recuperar o calor, refrigerando para aproximadamente 150\u00b0C antes de entrar na segunda torre de absor\u00e7\u00e3o.  SO\u2083  \u00e9 absorvida usando 98% \u00e1cido sulf\u00farico, e o g\u00e1s residual \u00e9 ventilado atrav\u00e9s da pilha de g\u00e1s de cauda.<\/p>\n<p>O SO total \u2082  a taxa de convers\u00e3o \u00e9 \u2265 99,8%.<br \/>\nO ajuste de temperatura para cada camada de catalisador \u00e9 alcan\u00e7ado usando linhas e v\u00e1lvulas de bypass.<\/p>\n<p>Um sistema de arranque de lavagem alc\u00e1lica \u00e9 instalado ap\u00f3s a segunda torre de absor\u00e7\u00e3o para remover SO n\u00e3o convertido \u2082  do g\u00e1s de cauda durante o arranque.<\/p>\n<p>Equipamento de troca de calor no processo de convers\u00e3o est\u00e1 equipado com linhas de bypass necess\u00e1rias para o controle da temperatura.<\/p>\n<p>Para come\u00e7ar e aquecer, \u00e9 usado um m\u00e9todo regenerativo. Um soprador de arranque e linhas de aquecimento s\u00e3o instalados para os primeiros e quartos est\u00e1gios do convertedor. Uma linha de curto circuito \u00e9 fornecida para aquecimento inicial, permitindo ao sistema operar em modo de uma \u00fanica convers\u00e3o-\u00fanica-absor\u00e7\u00e3o, reduzindo o tempo de aquecimento e reduzindo os custos. Uma vez que o aquecimento est\u00e1 completo e a inje\u00e7\u00e3o de enxofre come\u00e7a, a linha de curto circuito est\u00e1 fechada, e o sistema transita para modo de dupla convers\u00e3o-dupla absor\u00e7\u00e3o.<\/p>\n<h4><strong><b>3. Sec\u00e7\u00e3o de secagem e absor\u00e7\u00e3o<\/b><\/strong><\/h4>\n<p>O sistema de secagem usa 98% de \u00e1cido sulf\u00farico para secar, e o sistema de absor\u00e7\u00e3o usa 98% de \u00e1cido sulf\u00farico para absor\u00e7\u00e3o.<\/p>\n<p>A torre de secagem, a primeira torre de absor\u00e7\u00e3o e a segunda torre de absor\u00e7\u00e3o s\u00e3o torres embaladas.<br \/>\nO tanque de circula\u00e7\u00e3o concentrado de \u00e1cido \u00e9 um tanque horizontal, servindo tanto sistemas de secagem como de absor\u00e7\u00e3o.<\/p>\n<p>O ar h\u00famido passa por um filtro de ar para remover poeira, entra na torre de secagem, e \u00e9 secado por 98% \u00e1cido sulf\u00farico. O \u00e1cido absorve umidade do ar e drena para o tanque de circula\u00e7\u00e3o concentrado de \u00e1cido, onde \u00e9 bombeado de volta para o sistema ap\u00f3s ajustes de concentra\u00e7\u00e3o.<\/p>\n<p>SO\u2083  gerada durante a absor\u00e7\u00e3o combina com 98% H \u2082SO\u2084  para formar 98% H \u2082SO\u2084, que sobrevola para o tanque de circula\u00e7\u00e3o.<\/p>\n<p>O sistema de circula\u00e7\u00e3o de refrigera\u00e7\u00e3o \u00e1cida funciona como: tanque \u2192 pump \u2192  refrigerador \u00e1cido \u2192  torre \u2192 tank.<\/p>\n<p>O excesso de 98% de \u00e1cido sulf\u00farico torna-se o produto final, refrigerado pelo refrigerador de \u00e1cido do produto, medido por um medidor de fluxo eletr\u00f4nico, e transferido para o reservat\u00f3rio de armazenamento de \u00e1cido sulf\u00farico ou reservat\u00f3rio de carga na se\u00e7\u00e3o do produto final.<\/p>\n<p>O processo emprega uma configura\u00e7\u00e3o de refrigerador de tr\u00eas torres, dois tanques, tr\u00eas bombas e tr\u00eas \u00e1cidos, simplificando o processo, reduzindo investimento e facilitando opera\u00e7\u00f5es. E dissolvido \u2082  no g\u00e1s de cauda \u00e9 m\u00ednimo, e a absor\u00e7\u00e3o de alta temperatura minimiza ainda mais o SO \u2082  no \u00e1cido do produto.<\/p>\n<p>Os tubos para \u00e1cido concentrado s\u00e3o feitos de 304 a\u00e7os inoxid\u00e1veis com prote\u00e7\u00e3o an\u00f3dica para assegurar uma opera\u00e7\u00e3o est\u00e1vel a longo prazo. O retorno \u00e1cido, o produto \u00e1cido e os tubos de descarga \u00e1cida s\u00e3o feitos de ferro fundido resistente ao \u00e1cido.<\/p>\n<p>Uma lavagem alc\u00e1lica \u00e9 instalada ap\u00f3s a segunda torre de absor\u00e7\u00e3o para remover tra\u00e7os de SO2[UNK]durante o in\u00edcio, assegurando nenhuma polui\u00e7\u00e3o ambiental.<\/p>\n<h4><strong><b>4. Sec\u00e7\u00e3o de Produtos Finais<\/b><\/strong><\/h4>\n<p>O \u00e1cido sulf\u00farico de 98% do refrigerador do produto \u00e9 armazenado em tanques de armazenamento de \u00e1cido sulf\u00farico.<\/p>\n<p>O \u00e1cido materno inicial \u00e9 fornecido dos tanques de armazenamento de \u00e1cido sulf\u00farico para o tanque de circula\u00e7\u00e3o concentrado de \u00e1cido atrav\u00e9s da bomba de abastecimento de \u00e1cido.<\/p>\n<p>S\u00e3o fornecidos dois tanques de armazenamento de \u00e1cido sulf\u00farico, cada um com uma capacidade de 1.000 toneladas.<\/p>\n<p>&nbsp;<\/p>","protected":false},"excerpt":{"rendered":"<p>A se\u00e7\u00e3o de processo da linha de produ\u00e7\u00e3o de \u00e1cido sulf\u00farico consiste nas seguintes unidades: se\u00e7\u00e3o de derrete de enxofre, se\u00e7\u00e3o de combust\u00e3o e convers\u00e3o de enxofre, se\u00e7\u00e3o de secagem e absor\u00e7\u00e3o, e se\u00e7\u00e3o de produto final.<\/p>","protected":false},"featured_media":2045,"comment_status":"open","ping_status":"closed","template":"","meta":{"_acf_changed":false},"product_brand":[],"product_cat":[56],"product_tag":[],"class_list":{"0":"post-2040","1":"product","2":"type-product","3":"status-publish","4":"has-post-thumbnail","6":"product_cat-sulfuric-acid-production-line","8":"first","9":"instock","10":"shipping-taxable","11":"product-type-simple"},"acf":[],"_links":{"self":[{"href":"https:\/\/www.sopplant.com\/pt\/wp-json\/wp\/v2\/product\/2040","targetHints":{"allow":["GET"]}}],"collection":[{"href":"https:\/\/www.sopplant.com\/pt\/wp-json\/wp\/v2\/product"}],"about":[{"href":"https:\/\/www.sopplant.com\/pt\/wp-json\/wp\/v2\/types\/product"}],"replies":[{"embeddable":true,"href":"https:\/\/www.sopplant.com\/pt\/wp-json\/wp\/v2\/comments?post=2040"}],"wp:featuredmedia":[{"embeddable":true,"href":"https:\/\/www.sopplant.com\/pt\/wp-json\/wp\/v2\/media\/2045"}],"wp:attachment":[{"href":"https:\/\/www.sopplant.com\/pt\/wp-json\/wp\/v2\/media?parent=2040"}],"wp:term":[{"taxonomy":"product_brand","embeddable":true,"href":"https:\/\/www.sopplant.com\/pt\/wp-json\/wp\/v2\/product_brand?post=2040"},{"taxonomy":"product_cat","embeddable":true,"href":"https:\/\/www.sopplant.com\/pt\/wp-json\/wp\/v2\/product_cat?post=2040"},{"taxonomy":"product_tag","embeddable":true,"href":"https:\/\/www.sopplant.com\/pt\/wp-json\/wp\/v2\/product_tag?post=2040"}],"curies":[{"name":"wp","href":"https:\/\/api.w.org\/{rel}","templated":true}]}}